{"id":17,"date":"2025-05-20T18:46:50","date_gmt":"2025-05-20T21:46:50","guid":{"rendered":"https:\/\/infosfera.inf.br\/?page_id=17"},"modified":"2025-08-30T19:52:59","modified_gmt":"2025-08-30T22:52:59","slug":"sobre","status":"publish","type":"page","link":"https:\/\/infosfera.inf.br\/infosfera2025\/sobre\/","title":{"rendered":"Sobre o Infosfera 2025"},"content":{"rendered":"\n<p><strong>Infosfera 2025<\/strong> <strong>&#8211; Congresso de Gest\u00e3o da Informa\u00e7\u00e3o na Esfera P\u00fablica<\/strong> \u00e9 uma iniciativa voltada para o debate qualificado e dissemina\u00e7\u00e3o de conhecimentos, ferramentas e pr\u00e1ticas de gest\u00e3o da informa\u00e7\u00e3o para a administra\u00e7\u00e3o p\u00fablica em suas v\u00e1rias esferas executivas, bem como para o contexto do poder legislativo e do judici\u00e1rio.<\/p>\n\n\n\n<p>O Infosfera 2025 est\u00e1 estruturado com \u00eanfase acad\u00eamico-cient\u00edfica e profissional. Do ponto de vista acad\u00eamico-cient\u00edfico, haver\u00e1 apresenta\u00e7\u00e3o de trabalhos cient\u00edficos, com destaque para os resumos expandidos, submetidos de acordo com a chamada oficial do evento.<\/p>\n\n\n\n<p>A face profissional do congresso reunir\u00e1 profissionais conceituados na \u00e1rea, para compartilhar experi\u00eancias, projetos de inova\u00e7\u00e3o e solu\u00e7\u00f5es aplicadas. Durante a programa\u00e7\u00e3o, ser\u00e1 realizada a cerim\u00f4nia do Pr\u00eamio Infosfera 2025, em reconhecimento \u00e0s boas pr\u00e1ticas no \u00e2mbito da gest\u00e3o informacional na esfera p\u00fablica de todo o pa\u00eds.<\/p>\n\n\n\n<p>O tema do Congresso de Gest\u00e3o da Informa\u00e7\u00e3o na Esfera P\u00fablica &#8211; Infosfera 2025 \u00e9 &#8220;<strong>Dissemina\u00e7\u00e3o de Boas Pr\u00e1ticas da Gest\u00e3o da Informa\u00e7\u00e3o na Esfera P\u00fablica<\/strong>&#8220;.<\/p>\n\n\n\n<p>A esfera p\u00fablica enfrenta desafios complexos relacionados \u00e0 coleta, organiza\u00e7\u00e3o, an\u00e1lise, armazenamento e dissemina\u00e7\u00e3o de informa\u00e7\u00f5es, tanto no que se refere \u00e0 gest\u00e3o, quanto \u00e0 realiza\u00e7\u00e3o ou avalia\u00e7\u00e3o de pol\u00edticas p\u00fablicas.<\/p>\n\n\n\n<p>Interessa conhecer pesquisa em andamento e pesquisa finalizadas que envolvam o aprofundamento do conhecimento sobre a gest\u00e3o da informa\u00e7\u00e3o na esfera p\u00fablica desde a capta\u00e7\u00e3o, organiza\u00e7\u00e3o, an\u00e1lise, difus\u00e3o e uso de informa\u00e7\u00f5es, al\u00e9m de formas de capacita\u00e7\u00e3o, aplica\u00e7\u00e3o de modelos, metodologias e ferramentas que apoiem processos de gest\u00e3o da informa\u00e7\u00e3o nas v\u00e1rias esferas e inst\u00e2ncias p\u00fablicas.<\/p>\n\n\n\n<p>O <strong>Infosfera 2025<\/strong> pretende reunir pesquisadores em forma\u00e7\u00e3o e especialistas para discutir estrat\u00e9gias, agendas comuns de pesquisa nesse dom\u00ednio, boas pr\u00e1ticas existentes e pensar o futuro da gest\u00e3o da informa\u00e7\u00e3o como estrat\u00e9gia fundamental para a gest\u00e3o p\u00fablica.<\/p>\n\n\n\n<p><\/p>\n\n\n\n<h2 class=\"wp-block-heading\">Infosfera \u00e9 uma iniciativa <\/h2>\n\n\n\n<p>O Congresso de Gest\u00e3o da Informa\u00e7\u00e3o na Esfera P\u00fablica \u00e9 uma das faces da Infosfera, iniciativa do N\u00facleo de Pesquisa em Informa\u00e7\u00e3o, Direito e Sociedade (Infojus) da Universidade Federal do Paran\u00e1 (UFPR) em <a href=\"https:\/\/infosfera.inf.br\/infosfera2025\/realizacao\/\">parceria <\/a>com diversas institui\u00e7\u00f5es comprometidas com a excel\u00eancia em gest\u00e3o da informa\u00e7\u00e3o no setor p\u00fablico. A Infosfera re\u00fane diferentes a\u00e7\u00f5es voltadas para a dissemina\u00e7\u00e3o e fortalecimento das melhores pr\u00e1ticas de gest\u00e3o da informa\u00e7\u00e3o na esfera p\u00fablica federal, estadual e municipal, contemplando os Poderes Executivo, Legislativo e Judici\u00e1rio. Saiba mais em <a href=\"https:\/\/infosfera.inf.br\/\">infosfera.inf.br<\/a><\/p>\n","protected":false},"excerpt":{"rendered":"<p>Infosfera 2025 &#8211; Congresso de Gest\u00e3o da Informa\u00e7\u00e3o na Esfera P\u00fablica \u00e9 uma iniciativa voltada para o debate qualificado e dissemina\u00e7\u00e3o de conhecimentos, ferramentas e pr\u00e1ticas de gest\u00e3o da informa\u00e7\u00e3o para a administra\u00e7\u00e3o p\u00fablica em suas v\u00e1rias esferas executivas, bem como para o contexto do poder legislativo e do judici\u00e1rio. O Infosfera 2025 est\u00e1 estruturado &hellip; <a href=\"https:\/\/infosfera.inf.br\/infosfera2025\/sobre\/\" class=\"more-link\">Continue reading<span class=\"screen-reader-text\"> &#8220;Sobre o Infosfera 2025&#8221;<\/span><\/a><\/p>\n","protected":false},"author":1,"featured_media":0,"parent":0,"menu_order":0,"comment_status":"closed","ping_status":"closed","template":"","meta":{"_acf_changed":false,"footnotes":""},"class_list":["post-17","page","type-page","status-publish","hentry"],"acf":[],"_links":{"self":[{"href":"https:\/\/infosfera.inf.br\/infosfera2025\/wp-json\/wp\/v2\/pages\/17","targetHints":{"allow":["GET"]}}],"collection":[{"href":"https:\/\/infosfera.inf.br\/infosfera2025\/wp-json\/wp\/v2\/pages"}],"about":[{"href":"https:\/\/infosfera.inf.br\/infosfera2025\/wp-json\/wp\/v2\/types\/page"}],"author":[{"embeddable":true,"href":"https:\/\/infosfera.inf.br\/infosfera2025\/wp-json\/wp\/v2\/users\/1"}],"replies":[{"embeddable":true,"href":"https:\/\/infosfera.inf.br\/infosfera2025\/wp-json\/wp\/v2\/comments?post=17"}],"version-history":[{"count":12,"href":"https:\/\/infosfera.inf.br\/infosfera2025\/wp-json\/wp\/v2\/pages\/17\/revisions"}],"predecessor-version":[{"id":457,"href":"https:\/\/infosfera.inf.br\/infosfera2025\/wp-json\/wp\/v2\/pages\/17\/revisions\/457"}],"wp:attachment":[{"href":"https:\/\/infosfera.inf.br\/infosfera2025\/wp-json\/wp\/v2\/media?parent=17"}],"curies":[{"name":"wp","href":"https:\/\/api.w.org\/{rel}","templated":true}]}}