{"id":19,"date":"2025-05-20T18:47:02","date_gmt":"2025-05-20T21:47:02","guid":{"rendered":"https:\/\/infosfera.inf.br\/?page_id=19"},"modified":"2025-09-05T14:22:36","modified_gmt":"2025-09-05T17:22:36","slug":"datas-importantes","status":"publish","type":"page","link":"https:\/\/infosfera.inf.br\/infosfera2025\/datas-importantes\/","title":{"rendered":"Datas importantes"},"content":{"rendered":"\n<ul class=\"wp-block-list\">\n<li class=\"has-medium-font-size\"><strong>Submiss\u00f5es de resumos expandidos:<\/strong> 01\/07\/2025 a <del>05\/09\/2025<\/del><strong> <\/strong><strong>07\/09\/2025<\/strong><\/li>\n\n\n\n<li class=\"has-medium-font-size\"><strong>Submiss\u00f5es de boas pr\u00e1ticas:<\/strong> 25\/08\/2025 a <strong>30\/09\/2025<\/strong><\/li>\n\n\n\n<li class=\"has-medium-font-size\"><strong>Inscri\u00e7\u00f5es<\/strong>: \n<ul class=\"wp-block-list\">\n<li class=\"has-medium-font-size\">10\/07\/2025 a 30\/09\/2025 (congressistas autores ou coautores de resumos selecionados)<\/li>\n\n\n\n<li>10\/07\/2025 a 17\/10\/2025 (demais congressistas, incluindo convidados, ouvintes e p\u00fablico em geral)<\/li>\n<\/ul>\n<\/li>\n\n\n\n<li class=\"has-medium-font-size\"><strong>Avalia\u00e7\u00e3o:<\/strong> 01\/07\/2025 a 12\/09\/2025<\/li>\n\n\n\n<li class=\"has-medium-font-size\"><strong>Comunica\u00e7\u00e3o de aceita\u00e7\u00e3o:<\/strong>&nbsp;at\u00e9 13\/09\/2025 (resumos expandidos); at\u00e9 03\/10\/2025 (boas pr\u00e1ticas)<\/li>\n\n\n\n<li class=\"has-medium-font-size\"><strong>Congresso Infosfera<\/strong> <strong>2025<\/strong>: 20 e 21\/10\/2025<\/li>\n<\/ul>\n\n\n\n<p><\/p>\n","protected":false},"excerpt":{"rendered":"","protected":false},"author":1,"featured_media":0,"parent":0,"menu_order":0,"comment_status":"closed","ping_status":"closed","template":"","meta":{"_acf_changed":false,"footnotes":""},"class_list":["post-19","page","type-page","status-publish","hentry"],"acf":[],"_links":{"self":[{"href":"https:\/\/infosfera.inf.br\/infosfera2025\/wp-json\/wp\/v2\/pages\/19","targetHints":{"allow":["GET"]}}],"collection":[{"href":"https:\/\/infosfera.inf.br\/infosfera2025\/wp-json\/wp\/v2\/pages"}],"about":[{"href":"https:\/\/infosfera.inf.br\/infosfera2025\/wp-json\/wp\/v2\/types\/page"}],"author":[{"embeddable":true,"href":"https:\/\/infosfera.inf.br\/infosfera2025\/wp-json\/wp\/v2\/users\/1"}],"replies":[{"embeddable":true,"href":"https:\/\/infosfera.inf.br\/infosfera2025\/wp-json\/wp\/v2\/comments?post=19"}],"version-history":[{"count":15,"href":"https:\/\/infosfera.inf.br\/infosfera2025\/wp-json\/wp\/v2\/pages\/19\/revisions"}],"predecessor-version":[{"id":460,"href":"https:\/\/infosfera.inf.br\/infosfera2025\/wp-json\/wp\/v2\/pages\/19\/revisions\/460"}],"wp:attachment":[{"href":"https:\/\/infosfera.inf.br\/infosfera2025\/wp-json\/wp\/v2\/media?parent=19"}],"curies":[{"name":"wp","href":"https:\/\/api.w.org\/{rel}","templated":true}]}}