{"id":21,"date":"2025-05-20T18:47:14","date_gmt":"2025-05-20T21:47:14","guid":{"rendered":"https:\/\/infosfera.inf.br\/?page_id=21"},"modified":"2025-11-08T11:37:32","modified_gmt":"2025-11-08T14:37:32","slug":"realizacao","status":"publish","type":"page","link":"https:\/\/infosfera.inf.br\/infosfera2025\/realizacao\/","title":{"rendered":"Realiza\u00e7\u00e3o"},"content":{"rendered":"<div class=\"organisers\"><div class=\"organiser-item\"><figure><img loading=\"lazy\" decoding=\"async\" width=\"800\" height=\"600\" src=\"https:\/\/infosfera.inf.br\/infosfera2025\/wp-content\/uploads\/2025\/05\/apoio-011.jpg\" class=\"attachment-post-thumbnail size-post-thumbnail wp-post-image\" alt=\"\" srcset=\"https:\/\/infosfera.inf.br\/infosfera2025\/wp-content\/uploads\/2025\/05\/apoio-011.jpg 800w, https:\/\/infosfera.inf.br\/infosfera2025\/wp-content\/uploads\/2025\/05\/apoio-011-300x225.jpg 300w, https:\/\/infosfera.inf.br\/infosfera2025\/wp-content\/uploads\/2025\/05\/apoio-011-768x576.jpg 768w\" sizes=\"auto, (max-width: 709px) 85vw, (max-width: 909px) 67vw, (max-width: 1362px) 88vw, 1200px\" \/><\/figure><\/div><div class=\"organiser-item\"><figure><img loading=\"lazy\" decoding=\"async\" width=\"800\" height=\"600\" src=\"https:\/\/infosfera.inf.br\/infosfera2025\/wp-content\/uploads\/2025\/06\/ppggi.png\" class=\"attachment-post-thumbnail size-post-thumbnail wp-post-image\" alt=\"\" srcset=\"https:\/\/infosfera.inf.br\/infosfera2025\/wp-content\/uploads\/2025\/06\/ppggi.png 800w, https:\/\/infosfera.inf.br\/infosfera2025\/wp-content\/uploads\/2025\/06\/ppggi-300x225.png 300w, https:\/\/infosfera.inf.br\/infosfera2025\/wp-content\/uploads\/2025\/06\/ppggi-768x576.png 768w\" sizes=\"auto, (max-width: 709px) 85vw, (max-width: 909px) 67vw, (max-width: 1362px) 88vw, 1200px\" \/><\/figure><\/div><div class=\"organiser-item\"><figure><img loading=\"lazy\" decoding=\"async\" width=\"800\" height=\"600\" src=\"https:\/\/infosfera.inf.br\/infosfera2025\/wp-content\/uploads\/2025\/05\/ufpr.jpg\" class=\"attachment-post-thumbnail size-post-thumbnail wp-post-image\" alt=\"\" srcset=\"https:\/\/infosfera.inf.br\/infosfera2025\/wp-content\/uploads\/2025\/05\/ufpr.jpg 800w, https:\/\/infosfera.inf.br\/infosfera2025\/wp-content\/uploads\/2025\/05\/ufpr-300x225.jpg 300w, https:\/\/infosfera.inf.br\/infosfera2025\/wp-content\/uploads\/2025\/05\/ufpr-768x576.jpg 768w\" sizes=\"auto, (max-width: 709px) 85vw, (max-width: 909px) 67vw, (max-width: 1362px) 88vw, 1200px\" \/><\/figure><\/div><div class=\"organiser-item\"><figure><img loading=\"lazy\" decoding=\"async\" width=\"800\" height=\"600\" src=\"https:\/\/infosfera.inf.br\/infosfera2025\/wp-content\/uploads\/2025\/07\/pgap.png\" class=\"attachment-post-thumbnail size-post-thumbnail wp-post-image\" alt=\"\" srcset=\"https:\/\/infosfera.inf.br\/infosfera2025\/wp-content\/uploads\/2025\/07\/pgap.png 800w, https:\/\/infosfera.inf.br\/infosfera2025\/wp-content\/uploads\/2025\/07\/pgap-300x225.png 300w, https:\/\/infosfera.inf.br\/infosfera2025\/wp-content\/uploads\/2025\/07\/pgap-768x576.png 768w\" sizes=\"auto, (max-width: 709px) 85vw, (max-width: 909px) 67vw, (max-width: 1362px) 88vw, 1200px\" \/><\/figure><\/div><\/div>\n\n\n\n<h2 class=\"wp-block-heading has-text-align-center\">Parceiros<\/h2>\n\n\n<div class=\"organisers\"><div class=\"organiser-item\"><figure><img loading=\"lazy\" decoding=\"async\" width=\"800\" height=\"600\" src=\"https:\/\/infosfera.inf.br\/infosfera2025\/wp-content\/uploads\/2025\/05\/mppr.jpg\" class=\"attachment-post-thumbnail size-post-thumbnail wp-post-image\" alt=\"\" srcset=\"https:\/\/infosfera.inf.br\/infosfera2025\/wp-content\/uploads\/2025\/05\/mppr.jpg 800w, https:\/\/infosfera.inf.br\/infosfera2025\/wp-content\/uploads\/2025\/05\/mppr-300x225.jpg 300w, https:\/\/infosfera.inf.br\/infosfera2025\/wp-content\/uploads\/2025\/05\/mppr-768x576.jpg 768w\" sizes=\"auto, (max-width: 709px) 85vw, (max-width: 909px) 67vw, (max-width: 1362px) 88vw, 1200px\" \/><\/figure><\/div><div class=\"organiser-item\"><figure><img loading=\"lazy\" decoding=\"async\" width=\"800\" height=\"600\" src=\"https:\/\/infosfera.inf.br\/infosfera2025\/wp-content\/uploads\/2025\/05\/escola-superior-mppr.png\" class=\"attachment-post-thumbnail size-post-thumbnail wp-post-image\" alt=\"\" srcset=\"https:\/\/infosfera.inf.br\/infosfera2025\/wp-content\/uploads\/2025\/05\/escola-superior-mppr.png 800w, https:\/\/infosfera.inf.br\/infosfera2025\/wp-content\/uploads\/2025\/05\/escola-superior-mppr-300x225.png 300w, https:\/\/infosfera.inf.br\/infosfera2025\/wp-content\/uploads\/2025\/05\/escola-superior-mppr-768x576.png 768w\" sizes=\"auto, (max-width: 709px) 85vw, (max-width: 909px) 67vw, (max-width: 1362px) 88vw, 1200px\" \/><\/figure><\/div><div class=\"organiser-item\"><figure><img loading=\"lazy\" decoding=\"async\" width=\"800\" height=\"600\" src=\"https:\/\/infosfera.inf.br\/infosfera2025\/wp-content\/uploads\/2025\/05\/ibict.jpg\" class=\"attachment-post-thumbnail size-post-thumbnail wp-post-image\" alt=\"\" srcset=\"https:\/\/infosfera.inf.br\/infosfera2025\/wp-content\/uploads\/2025\/05\/ibict.jpg 800w, https:\/\/infosfera.inf.br\/infosfera2025\/wp-content\/uploads\/2025\/05\/ibict-300x225.jpg 300w, https:\/\/infosfera.inf.br\/infosfera2025\/wp-content\/uploads\/2025\/05\/ibict-768x576.jpg 768w\" sizes=\"auto, (max-width: 709px) 85vw, (max-width: 909px) 67vw, (max-width: 1362px) 88vw, 1200px\" \/><\/figure><\/div><div class=\"organiser-item\"><figure><img loading=\"lazy\" decoding=\"async\" width=\"800\" height=\"600\" src=\"https:\/\/infosfera.inf.br\/infosfera2025\/wp-content\/uploads\/2025\/05\/utfpr.jpg\" class=\"attachment-post-thumbnail size-post-thumbnail wp-post-image\" alt=\"\" srcset=\"https:\/\/infosfera.inf.br\/infosfera2025\/wp-content\/uploads\/2025\/05\/utfpr.jpg 800w, https:\/\/infosfera.inf.br\/infosfera2025\/wp-content\/uploads\/2025\/05\/utfpr-300x225.jpg 300w, https:\/\/infosfera.inf.br\/infosfera2025\/wp-content\/uploads\/2025\/05\/utfpr-768x576.jpg 768w\" sizes=\"auto, (max-width: 709px) 85vw, (max-width: 909px) 67vw, (max-width: 1362px) 88vw, 1200px\" \/><\/figure><\/div><div class=\"organiser-item\"><figure><img loading=\"lazy\" decoding=\"async\" width=\"800\" height=\"600\" src=\"https:\/\/infosfera.inf.br\/infosfera2025\/wp-content\/uploads\/2025\/05\/camara-de-curitiba.jpg\" class=\"attachment-post-thumbnail size-post-thumbnail wp-post-image\" alt=\"\" srcset=\"https:\/\/infosfera.inf.br\/infosfera2025\/wp-content\/uploads\/2025\/05\/camara-de-curitiba.jpg 800w, https:\/\/infosfera.inf.br\/infosfera2025\/wp-content\/uploads\/2025\/05\/camara-de-curitiba-300x225.jpg 300w, https:\/\/infosfera.inf.br\/infosfera2025\/wp-content\/uploads\/2025\/05\/camara-de-curitiba-768x576.jpg 768w\" sizes=\"auto, (max-width: 709px) 85vw, (max-width: 909px) 67vw, (max-width: 1362px) 88vw, 1200px\" \/><\/figure><\/div><div class=\"organiser-item\"><figure><img loading=\"lazy\" decoding=\"async\" width=\"800\" height=\"600\" src=\"https:\/\/infosfera.inf.br\/infosfera2025\/wp-content\/uploads\/2025\/05\/escola-do-legislativo.png\" class=\"attachment-post-thumbnail size-post-thumbnail wp-post-image\" alt=\"\" srcset=\"https:\/\/infosfera.inf.br\/infosfera2025\/wp-content\/uploads\/2025\/05\/escola-do-legislativo.png 800w, https:\/\/infosfera.inf.br\/infosfera2025\/wp-content\/uploads\/2025\/05\/escola-do-legislativo-300x225.png 300w, https:\/\/infosfera.inf.br\/infosfera2025\/wp-content\/uploads\/2025\/05\/escola-do-legislativo-768x576.png 768w\" sizes=\"auto, (max-width: 709px) 85vw, (max-width: 909px) 67vw, (max-width: 1362px) 88vw, 1200px\" \/><\/figure><\/div><div class=\"organiser-item\"><figure><img loading=\"lazy\" decoding=\"async\" width=\"800\" height=\"600\" src=\"https:\/\/infosfera.inf.br\/infosfera2025\/wp-content\/uploads\/2025\/05\/sebrae.png\" class=\"attachment-post-thumbnail size-post-thumbnail wp-post-image\" alt=\"\" srcset=\"https:\/\/infosfera.inf.br\/infosfera2025\/wp-content\/uploads\/2025\/05\/sebrae.png 800w, https:\/\/infosfera.inf.br\/infosfera2025\/wp-content\/uploads\/2025\/05\/sebrae-300x225.png 300w, https:\/\/infosfera.inf.br\/infosfera2025\/wp-content\/uploads\/2025\/05\/sebrae-768x576.png 768w\" sizes=\"auto, (max-width: 709px) 85vw, (max-width: 909px) 67vw, (max-width: 1362px) 88vw, 1200px\" \/><\/figure><\/div><div class=\"organiser-item\"><figure><img loading=\"lazy\" decoding=\"async\" width=\"800\" height=\"600\" src=\"https:\/\/infosfera.inf.br\/infosfera2025\/wp-content\/uploads\/2025\/05\/ibepes.jpg\" class=\"attachment-post-thumbnail size-post-thumbnail wp-post-image\" alt=\"\" srcset=\"https:\/\/infosfera.inf.br\/infosfera2025\/wp-content\/uploads\/2025\/05\/ibepes.jpg 800w, https:\/\/infosfera.inf.br\/infosfera2025\/wp-content\/uploads\/2025\/05\/ibepes-300x225.jpg 300w, https:\/\/infosfera.inf.br\/infosfera2025\/wp-content\/uploads\/2025\/05\/ibepes-768x576.jpg 768w\" sizes=\"auto, (max-width: 709px) 85vw, (max-width: 909px) 67vw, (max-width: 1362px) 88vw, 1200px\" \/><\/figure><\/div><div class=\"organiser-item\"><figure><img loading=\"lazy\" decoding=\"async\" width=\"800\" height=\"600\" src=\"https:\/\/infosfera.inf.br\/infosfera2025\/wp-content\/uploads\/2025\/05\/capes.jpg\" class=\"attachment-post-thumbnail size-post-thumbnail wp-post-image\" alt=\"\" srcset=\"https:\/\/infosfera.inf.br\/infosfera2025\/wp-content\/uploads\/2025\/05\/capes.jpg 800w, https:\/\/infosfera.inf.br\/infosfera2025\/wp-content\/uploads\/2025\/05\/capes-300x225.jpg 300w, https:\/\/infosfera.inf.br\/infosfera2025\/wp-content\/uploads\/2025\/05\/capes-768x576.jpg 768w\" sizes=\"auto, (max-width: 709px) 85vw, (max-width: 909px) 67vw, (max-width: 1362px) 88vw, 1200px\" \/><\/figure><\/div><div class=\"organiser-item\"><figure><img loading=\"lazy\" decoding=\"async\" width=\"800\" height=\"600\" src=\"https:\/\/infosfera.inf.br\/infosfera2025\/wp-content\/uploads\/2025\/05\/abissal.jpg\" class=\"attachment-post-thumbnail size-post-thumbnail wp-post-image\" alt=\"\" srcset=\"https:\/\/infosfera.inf.br\/infosfera2025\/wp-content\/uploads\/2025\/05\/abissal.jpg 800w, https:\/\/infosfera.inf.br\/infosfera2025\/wp-content\/uploads\/2025\/05\/abissal-300x225.jpg 300w, https:\/\/infosfera.inf.br\/infosfera2025\/wp-content\/uploads\/2025\/05\/abissal-768x576.jpg 768w\" sizes=\"auto, (max-width: 709px) 85vw, (max-width: 909px) 67vw, (max-width: 1362px) 88vw, 1200px\" \/><\/figure><\/div><div class=\"organiser-item\"><figure><img loading=\"lazy\" decoding=\"async\" width=\"800\" height=\"600\" src=\"https:\/\/infosfera.inf.br\/infosfera2025\/wp-content\/uploads\/2025\/05\/doity.jpg\" class=\"attachment-post-thumbnail size-post-thumbnail wp-post-image\" alt=\"\" srcset=\"https:\/\/infosfera.inf.br\/infosfera2025\/wp-content\/uploads\/2025\/05\/doity.jpg 800w, https:\/\/infosfera.inf.br\/infosfera2025\/wp-content\/uploads\/2025\/05\/doity-300x225.jpg 300w, https:\/\/infosfera.inf.br\/infosfera2025\/wp-content\/uploads\/2025\/05\/doity-768x576.jpg 768w\" sizes=\"auto, (max-width: 709px) 85vw, (max-width: 909px) 67vw, (max-width: 1362px) 88vw, 1200px\" \/><\/figure><\/div><div class=\"organiser-item\"><figure><img loading=\"lazy\" decoding=\"async\" width=\"800\" height=\"600\" src=\"https:\/\/infosfera.inf.br\/infosfera2025\/wp-content\/uploads\/2025\/09\/ABADES.jpg\" class=\"attachment-post-thumbnail size-post-thumbnail wp-post-image\" alt=\"\" srcset=\"https:\/\/infosfera.inf.br\/infosfera2025\/wp-content\/uploads\/2025\/09\/ABADES.jpg 800w, https:\/\/infosfera.inf.br\/infosfera2025\/wp-content\/uploads\/2025\/09\/ABADES-300x225.jpg 300w, https:\/\/infosfera.inf.br\/infosfera2025\/wp-content\/uploads\/2025\/09\/ABADES-768x576.jpg 768w\" sizes=\"auto, (max-width: 709px) 85vw, (max-width: 909px) 67vw, (max-width: 1362px) 88vw, 1200px\" \/><\/figure><\/div><div class=\"organiser-item\"><figure><img loading=\"lazy\" decoding=\"async\" width=\"800\" height=\"600\" src=\"https:\/\/infosfera.inf.br\/infosfera2025\/wp-content\/uploads\/2025\/09\/logo-transp-CRA_PR_Colorida_vertical-01-1.png\" class=\"attachment-post-thumbnail size-post-thumbnail wp-post-image\" alt=\"\" srcset=\"https:\/\/infosfera.inf.br\/infosfera2025\/wp-content\/uploads\/2025\/09\/logo-transp-CRA_PR_Colorida_vertical-01-1.png 800w, https:\/\/infosfera.inf.br\/infosfera2025\/wp-content\/uploads\/2025\/09\/logo-transp-CRA_PR_Colorida_vertical-01-1-300x225.png 300w, https:\/\/infosfera.inf.br\/infosfera2025\/wp-content\/uploads\/2025\/09\/logo-transp-CRA_PR_Colorida_vertical-01-1-768x576.png 768w\" sizes=\"auto, (max-width: 709px) 85vw, (max-width: 909px) 67vw, (max-width: 1362px) 88vw, 1200px\" \/><\/figure><\/div><\/div>\n\n\n\n<div style=\"height:32px\" aria-hidden=\"true\" class=\"wp-block-spacer\"><\/div>\n\n\n\n<ul class=\"wp-block-list sanfona\">\n<li><strong>Comit\u00ea Gestor<\/strong>\n<ul class=\"wp-block-list\">\n<li>Edson Ronaldo Guarido Filho (UFPR)<\/li>\n\n\n\n<li>Paula Carina de Ara\u00fajo (UFPR)<\/li>\n\n\n\n<li>Deborah Ribeiro Carvalho (PUCPR, UFPR)<\/li>\n\n\n\n<li>Thiago Gomes do Nascimento (UnB)<\/li>\n\n\n\n<li>Milton Shintaku (Ibict)<\/li>\n\n\n\n<li>Fl\u00e1via Roberta Fernandes (UEM)<\/li>\n\n\n\n<li>Elenice Novak (UFPR)<\/li>\n\n\n\n<li>Janete Probst Munhoz&nbsp;(Uniguairac\u00e1)<\/li>\n<\/ul>\n<\/li>\n\n\n\n<li><strong>Comit\u00ea Organizador<\/strong>\n<ul class=\"wp-block-list\">\n<li>Alessandro de Oliveira Ossola Ribeiro<\/li>\n\n\n\n<li>Ana Cl\u00e1udia de Batista Fernandes Petroro<\/li>\n\n\n\n<li>Arthur de Figueiredo Sales<\/li>\n\n\n\n<li>Deborah Ribeiro Carvalho<\/li>\n\n\n\n<li>Edson Ronaldo Guarido Filho <\/li>\n\n\n\n<li>Elenice Novak<\/li>\n\n\n\n<li>\u00c9rika Liria Matsugano Mariano<\/li>\n\n\n\n<li>Isabelly Viana de Melo Figueiro<\/li>\n\n\n\n<li>Lana Rodrigues Borrosch<\/li>\n\n\n\n<li>Lidiane do Prado Reis<\/li>\n\n\n\n<li>Patrick Fernandes Rezende Ribeiro<\/li>\n\n\n\n<li>Paula Carina de Ara\u00fajo<\/li>\n<\/ul>\n<\/li>\n\n\n\n<li><strong>Comit\u00ea Cient\u00edfico Infosfera 2025<\/strong>\n<ul class=\"wp-block-list\">\n<li>Bruno Batista de Carvalho Luz \u2013 Universidade Estadual de Goi\u00e1s (UEG)<\/li>\n\n\n\n<li>Carlos Luiz Strapazzon \u2013 Universidade Positivo (UP)<\/li>\n\n\n\n<li>Caroline Coradassi \u2013 Universidade Estadual do Centro Oeste (Unicentro)<\/li>\n\n\n\n<li>Celia Regina Simonetti Barbalho \u2013 Universidade Federal do Amazonas (UFAM)<\/li>\n\n\n\n<li>Deborah Ribeiro Carvalho (PUCPR, UFPR)<\/li>\n\n\n\n<li>Edn\u00e9ia Silva Santos Rocha \u2013 Universidade de S\u00e3o Paulo (USP)<\/li>\n\n\n\n<li>Edson Ronaldo Guarido Filho \u2013 Universidade Federal do Paran\u00e1 (UFPR)<\/li>\n\n\n\n<li>Elder Lopes Barboza \u2013 Universidade Federal do Paran\u00e1 (UFPR)<\/li>\n\n\n\n<li>Flavia Roberta Fernandes \u2013 Universidade Estadual de Maring\u00e1 (UEM)<\/li>\n\n\n\n<li>Genilson Geraldo \u2013 Universidade Federal do Paran\u00e1 (UFPR)<\/li>\n\n\n\n<li>Jessica Traguetto \u2013 Universidade Federal de Goi\u00e1s (UFG)<\/li>\n\n\n\n<li>Leiliane Sodre Rabelo \u2013 Tribunal de Justi\u00e7a do Paran\u00e1 (TJPA)<\/li>\n\n\n\n<li>Luciano Marin Gallegos \u2013 Universidade Federal do Paran\u00e1 (UFPR)<\/li>\n\n\n\n<li>Luiz Rogerio Lopes Silva \u2013 Universidade Federal do Paran\u00e1 (UFPR)<\/li>\n\n\n\n<li>Mariana Rodrigues Gomes de Mello \u2013 Universidade Federal do Paran\u00e1 (UFPR)<\/li>\n\n\n\n<li>Milton Shintaku \u2013 Instituto Brasileiro de Informa\u00e7\u00e3o em Ci\u00eancia e Tecnologia (IBICT)\/Universidade Federal do Paran\u00e1 (UFPR)<\/li>\n\n\n\n<li>Paula Carina de Ara\u00fajo \u2013 Universidade Federal do Paran\u00e1 (UFPR)<\/li>\n\n\n\n<li>Priscila Sena \u2013 Instituto Brasileiro de Informa\u00e7\u00e3o em Ci\u00eancia e Tecnologia (IBICT)<\/li>\n\n\n\n<li>Rosilene Paiva Marinho de Sousa \u2013 Universidade Federal da Para\u00edba (UFPB)<\/li>\n\n\n\n<li>Taiane Ritta Coelho \u2013 Universidade Federal do Paran\u00e1 (UFPR)<\/li>\n\n\n\n<li>Thiago Gomes do Nascimento \u2013 Universidade de Bras\u00edlia (UnB)<\/li>\n\n\n\n<li>Taysa Schiochet \u2013 Universidade Federal do Paran\u00e1 (UFPR)<\/li>\n\n\n\n<li>Vera Lucia Belo Chagas \u2013 Universidade Federal do&nbsp;Paran\u00e1&nbsp;(UFPR)<\/li>\n<\/ul>\n<\/li>\n\n\n\n<li><strong>Equipe de Apoio<\/strong>\n<ul class=\"wp-block-list\">\n<li>Albano Roberto Drescher Von Maywitz<\/li>\n\n\n\n<li>Alvaro Antonio Marques Costa<\/li>\n\n\n\n<li>Andr\u00e9 Jos\u00e9 Ribeiro Guimar\u00e3es<\/li>\n\n\n\n<li>Arnaldo Luis Darg Moreira<\/li>\n\n\n\n<li>B\u00e1rbara Dora Ross Veit\u00eda<\/li>\n\n\n\n<li>Daniele Rocio de Souza Arns Steiner<\/li>\n\n\n\n<li>D\u00e9bora Arendartchuk<\/li>\n\n\n\n<li>Gerson Belniowski Junior<\/li>\n\n\n\n<li>Graziane Madureira Baptista<\/li>\n\n\n\n<li>Gustavo Gabriel Ripka<\/li>\n\n\n\n<li>Isabela Cristina Xavier Mouraria<\/li>\n\n\n\n<li>Isis Gomes Fabiano Pereira<\/li>\n\n\n\n<li>Janaina Lima<\/li>\n\n\n\n<li>Jean Kenold Dorc\u00e8<\/li>\n\n\n\n<li>Jo\u00e3o Pedro de Lima Oliveira<\/li>\n\n\n\n<li>Katryni Haaby dos Santos Bueno<\/li>\n\n\n\n<li>Leiliane Sodre Rabelo<\/li>\n\n\n\n<li>Loize Antaniacomi<\/li>\n\n\n\n<li>Maoly de los Angeles Lara Serrano<\/li>\n\n\n\n<li>Marjorie Mariana de Abreu<\/li>\n\n\n\n<li>Matheus Santos Evangelista<\/li>\n\n\n\n<li>Ramos Jo\u00e3o Savaia Fernando<\/li>\n\n\n\n<li>Silvio Renato Arsenio Javala<\/li>\n\n\n\n<li>Tiago&nbsp;Batista&nbsp;Pedra<\/li>\n\n\n\n<li>Gabrielle Wenningkamp<\/li>\n<\/ul>\n<\/li>\n\n\n\n<li><strong>Agradecimentos<\/strong>\n<ul class=\"wp-block-list\">\n<li>Prato Nobre (coffee break) 41 99941-1000<\/li>\n\n\n\n<li>Helen Mruczak (promotora de eventos) &#8211; 41 98495-1872<\/li>\n\n\n\n<li>Unicesumar<\/li>\n\n\n\n<li>Giga Solu\u00e7\u00f5es Audiovisuais &#8211; <a href=\"https:\/\/gigaav.com.br\/\">https:\/\/gigaav.com.br\/<\/a><\/li>\n\n\n\n<li>The Point Copiadora e Gr\u00e1fica &#8211; <a href=\"https:\/\/linktr.ee\/ThePointCopiadora\">https:\/\/linktr.ee\/ThePointCopiadora<\/a><\/li>\n\n\n\n<li>Kato Designer Digital &#8211; 41 99659-8530<\/li>\n\n\n\n<li>Nano design (Impress\u00e3o em 3D) &#8211; <a href=\"https:\/\/nanodesign.com.br\/\">https:\/\/nanodesign.com.br\/<\/a><\/li>\n\n\n\n<li>Sanepar<\/li>\n<\/ul>\n<\/li>\n<\/ul>\n","protected":false},"excerpt":{"rendered":"<p>Parceiros<\/p>\n","protected":false},"author":1,"featured_media":0,"parent":0,"menu_order":0,"comment_status":"closed","ping_status":"closed","template":"","meta":{"_acf_changed":false,"footnotes":""},"class_list":["post-21","page","type-page","status-publish","hentry"],"acf":[],"_links":{"self":[{"href":"https:\/\/infosfera.inf.br\/infosfera2025\/wp-json\/wp\/v2\/pages\/21","targetHints":{"allow":["GET"]}}],"collection":[{"href":"https:\/\/infosfera.inf.br\/infosfera2025\/wp-json\/wp\/v2\/pages"}],"about":[{"href":"https:\/\/infosfera.inf.br\/infosfera2025\/wp-json\/wp\/v2\/types\/page"}],"author":[{"embeddable":true,"href":"https:\/\/infosfera.inf.br\/infosfera2025\/wp-json\/wp\/v2\/users\/1"}],"replies":[{"embeddable":true,"href":"https:\/\/infosfera.inf.br\/infosfera2025\/wp-json\/wp\/v2\/comments?post=21"}],"version-history":[{"count":23,"href":"https:\/\/infosfera.inf.br\/infosfera2025\/wp-json\/wp\/v2\/pages\/21\/revisions"}],"predecessor-version":[{"id":848,"href":"https:\/\/infosfera.inf.br\/infosfera2025\/wp-json\/wp\/v2\/pages\/21\/revisions\/848"}],"wp:attachment":[{"href":"https:\/\/infosfera.inf.br\/infosfera2025\/wp-json\/wp\/v2\/media?parent=21"}],"curies":[{"name":"wp","href":"https:\/\/api.w.org\/{rel}","templated":true}]}}