{"id":217,"date":"2025-07-09T14:29:48","date_gmt":"2025-07-09T17:29:48","guid":{"rendered":"https:\/\/infosfera.inf.br\/infosfera2025\/?page_id=217"},"modified":"2025-10-11T01:20:30","modified_gmt":"2025-10-11T04:20:30","slug":"premio-de-boas-praticas","status":"publish","type":"page","link":"https:\/\/infosfera.inf.br\/infosfera2025\/premio-de-boas-praticas\/","title":{"rendered":"Pr\u00eamio Infosfera de Boas Pr\u00e1ticas &#8211; Submiss\u00f5es Encerradas"},"content":{"rendered":"\n<div class=\"wp-block-buttons is-layout-flex wp-block-buttons-is-layout-flex\">\n<div class=\"wp-block-button\"><a class=\"wp-block-button__link wp-element-button\" href=\"https:\/\/infosfera.inf.br\/infosfera2025\/boas-praticas-selecionadas-para-o-premio-infosfera-2025\/\">Conhe\u00e7a as pr\u00e1ticas selecionadas para apresenta\u00e7\u00e3o<\/a><\/div>\n<\/div>\n\n\n\n<div style=\"height:45px\" aria-hidden=\"true\" class=\"wp-block-spacer\"><\/div>\n\n\n\n<p>O Pr\u00eamio Infosfera foi criado com o prop\u00f3sito de reconhecer e celebrar as boas pr\u00e1ticas que est\u00e3o moldando o futuro da gest\u00e3o da informa\u00e7\u00e3o na esfera p\u00fablica. Foi concebido para ser uma vitrine de inova\u00e7\u00e3o, visibilidade e excel\u00eancia, dando o devido destaque aos projetos e profissionais que, com criatividade e dedica\u00e7\u00e3o, transformam a teoria em impacto real.<\/p>\n\n\n\n<p>No cen\u00e1rio de transforma\u00e7\u00e3o digital da esfera p\u00fablica, a gest\u00e3o da informa\u00e7\u00e3o se tornou ferramenta estrat\u00e9gica fundamental para a transpar\u00eancia, a efici\u00eancia e a aproxima\u00e7\u00e3o entre o Estado e a sociedade. O Pr\u00eamio Infosfera busca identificar e premiar esses esfor\u00e7os, servindo como um farol para que outras institui\u00e7\u00f5es possam se inspirar e replicar modelos de sucesso.<\/p>\n\n\n\n<p>Os projetos premiados n\u00e3o apenas recebem um reconhecimento formal durante a Sess\u00e3o Solene do congresso, mas tamb\u00e9m ganham a oportunidade de serem destacados na Plataforma de Boas Pr\u00e1ticas, garantindo um legado duradouro para suas iniciativas e fortalecendo o conhecimento compartilhado.<\/p>\n\n\n\n<p>Participe e seja parte desta hist\u00f3ria! Se voc\u00ea ou sua equipe desenvolveram uma iniciativa que melhora a forma como a informa\u00e7\u00e3o \u00e9 gerida e utilizada para o bem p\u00fablico, o Pr\u00eamio Infosfera \u00e9 o palco para apresentar sua pr\u00e1tica em uso. Inscreva sua pr\u00e1tica e concorra ao reconhecimento do Pr\u00eamio Infosfera.<br><\/p>\n\n\n\n<h2 class=\"wp-block-heading\">Datas Importantes<\/h2>\n\n\n\n<ul class=\"wp-block-list\">\n<li>Submiss\u00f5es de boas pr\u00e1ticas: 25\/08\/2025 a 30\/09\/2025<\/li>\n\n\n\n<li>Cerim\u00f4nia de premia\u00e7\u00e3o: 21 de outubro de 2025 (consulte a programa\u00e7\u00e3o do Infosfera 2025)<\/li>\n<\/ul>\n\n\n\n<div style=\"height:21px\" aria-hidden=\"true\" class=\"wp-block-spacer\"><\/div>\n\n\n\n<div class=\"wp-block-buttons is-layout-flex wp-block-buttons-is-layout-flex\">\n<div class=\"wp-block-button\"><a class=\"wp-block-button__link wp-element-button\" href=\"https:\/\/doity.com.br\/infosfera2025\/artigos?modelo=6440#m\">Submeter agora<\/a><\/div>\n\n\n\n<div class=\"wp-block-button\"><a class=\"wp-block-button__link wp-element-button\" href=\"https:\/\/grcmlesydpcd.objectstorage.sa-saopaulo-1.oci.customer-oci.com\/p\/OQwcvnO-c63O08Gc2Kv4OTbJttj5ik60dguiDIyyQ0wuo5SWn-jHOLW9wNbylNqI\/n\/grcmlesydpcd\/b\/dtysppobjmntbkp01\/o\/media\/doity\/submissoes\/template-ab729b528720706ab135ae867717aca3a79cb958.docx\">Baixe o template do Dossi\u00ea Descritivo<\/a><\/div>\n<\/div>\n\n\n\n<div style=\"height:45px\" aria-hidden=\"true\" class=\"wp-block-spacer\"><\/div>\n\n\n\n<h2 class=\"wp-block-heading\">Diretrizes para a Submiss\u00e3o<\/h2>\n\n\n\n<p>O Pr\u00eamio Infosfera \u00e9 uma iniciativa de reconhecimento e valoriza\u00e7\u00e3o das inova\u00e7\u00f5es e do conhecimento aplicado em gest\u00e3o da informa\u00e7\u00e3o na esfera p\u00fablica. Seu objetivo \u00e9 identificar, celebrar e disseminar as pr\u00e1ticas mais eficazes e transformadoras implementadas por servidores e gestores p\u00fablicos em todas as esferas \u2013 municipal, estadual e federal &#8211; seja no \u00e2mbito do executivo, legislativo ou judici\u00e1rio.<\/p>\n\n\n\n<p>Participe e d\u00ea visibilidade \u00e0 sua iniciativa! Sua experi\u00eancia pode inspirar e fortalecer a gest\u00e3o da informa\u00e7\u00e3o em todo o pa\u00eds.<\/p>\n\n\n\n<h3 class=\"wp-block-heading\"><strong>1. Per\u00edodo de Submiss\u00e3o<\/strong><\/h3>\n\n\n\n<p>As submiss\u00f5es est\u00e3o abertas e podem ser realizadas no per\u00edodo de <strong>25 de agosto a 30 de setembro de 2025<\/strong>.<\/p>\n\n\n\n<h3 class=\"wp-block-heading\"><strong>2. P\u00fablico-Alvo<\/strong><\/h3>\n\n\n\n<p>O pr\u00eamio \u00e9 destinado a <strong>gestores, servidores e equipes da administra\u00e7\u00e3o p\u00fablica<\/strong> dos Poderes Executivo, Legislativo e Judici\u00e1rio, em \u00e2mbito municipal, estadual e federal, que tenham desenvolvido e implementado boas pr\u00e1ticas em gest\u00e3o da informa\u00e7\u00e3o.<\/p>\n\n\n\n<h3 class=\"wp-block-heading\"><strong>3. Orienta\u00e7\u00f5es Gerais<\/strong><\/h3>\n\n\n\n<p>A&nbsp;submiss\u00e3o de Boa Pr\u00e1tica&nbsp;deve ser feita por meio do envio de resumo (at\u00e9 1.000 palavras), Dossi\u00ea Descritivo (arquivo anexo conforme <a href=\"https:\/\/grcmlesydpcd.objectstorage.sa-saopaulo-1.oci.customer-oci.com\/p\/OQwcvnO-c63O08Gc2Kv4OTbJttj5ik60dguiDIyyQ0wuo5SWn-jHOLW9wNbylNqI\/n\/grcmlesydpcd\/b\/dtysppobjmntbkp01\/o\/media\/doity\/submissoes\/template-ab729b528720706ab135ae867717aca3a79cb958.docx\">template<\/a>) e preenchimento do formul\u00e1rio on-line, conforme instru\u00e7\u00f5es a seguir.<\/p>\n\n\n\n<p>As pr\u00e1ticas devem estar em uso corrente e relacionadas a um dos seguintes temas de interesse do evento:<\/p>\n\n\n\n<ol class=\"wp-block-list\">\n<li>Transpar\u00eancia Digital<\/li>\n\n\n\n<li>Governan\u00e7a Eletr\u00f4nica<\/li>\n\n\n\n<li>Seguran\u00e7a Cibern\u00e9tica<\/li>\n\n\n\n<li>Preserva\u00e7\u00e3o da Mem\u00f3ria Institucional<\/li>\n\n\n\n<li>Intelig\u00eancia de Dados P\u00fablicos<\/li>\n\n\n\n<li>Inclus\u00e3o Digital e Acessibilidade<\/li>\n\n\n\n<li>Interoperabilidade de Sistemas<\/li>\n\n\n\n<li>Gest\u00e3o do Conhecimento Organizacional<\/li>\n\n\n\n<li>Compliance e Integridade Digital<\/li>\n\n\n\n<li>Inova\u00e7\u00e3o em Servi\u00e7os P\u00fablicos Digitais<\/li>\n\n\n\n<li>Curadoria Digital de Acervos P\u00fablicos<\/li>\n\n\n\n<li>Transforma\u00e7\u00e3o Digital e Modelagem de Processos<\/li>\n\n\n\n<li>Intelig\u00eancia Artificial e \u00c9tica no Setor P\u00fablico<\/li>\n\n\n\n<li>Gest\u00e3o de Documentos Arquiv\u00edsticos Digitais<\/li>\n\n\n\n<li>Observat\u00f3rio de Dados Institucionais<\/li>\n\n\n\n<li>Outros Temas em Gest\u00e3o da Informa\u00e7\u00e3o na Esfera P\u00fablica<\/li>\n<\/ol>\n\n\n\n<p>N\u00famero m\u00e1ximo de cinco autores respons\u00e1veis pela submiss\u00e3o da Boa Pr\u00e1tica. Os nomes dos autores devem ser declarados no ato da inscri\u00e7\u00e3o do trabalho, acompanhados do e-mail e da institui\u00e7\u00e3o de v\u00ednculo.<\/p>\n\n\n\n<p>A reda\u00e7\u00e3o dos textos pode ser apresentada em portugu\u00eas, ingl\u00eas ou espanhol.<\/p>\n\n\n\n<h3 class=\"wp-block-heading\"><strong>3. Processo de Submiss\u00e3o<\/strong><\/h3>\n\n\n\n<p>Para formalizar a sua candidatura, siga as etapas abaixo:<\/p>\n\n\n\n<p><strong>Passo 1: Baixe o template de submiss\u00e3o e elabore o Dossi\u00ea Descritivo da Boa Pr\u00e1tica<\/strong><\/p>\n\n\n\n<p>O dossi\u00ea \u00e9 um documento-chave para a submiss\u00e3o e avalia\u00e7\u00e3o. Ele permite que a comiss\u00e3o t\u00e9cnica compreenda em profundidade o valor estrat\u00e9gico, a inova\u00e7\u00e3o e o impacto da sua boa pr\u00e1tica.<\/p>\n\n\n\n<ul class=\"wp-block-list\">\n<li><strong>Utilize o template oficial:<\/strong> Fa\u00e7a o download do <a href=\"https:\/\/grcmlesydpcd.objectstorage.sa-saopaulo-1.oci.customer-oci.com\/p\/OQwcvnO-c63O08Gc2Kv4OTbJttj5ik60dguiDIyyQ0wuo5SWn-jHOLW9wNbylNqI\/n\/grcmlesydpcd\/b\/dtysppobjmntbkp01\/o\/media\/doity\/submissoes\/template-ab729b528720706ab135ae867717aca3a79cb958.docx\">Template de Submiss\u00e3o de Boas Pr\u00e1ticas<\/a> para organizar seu dossi\u00ea. <strong>O uso deste template \u00e9 obrigat\u00f3rio.<\/strong><\/li>\n\n\n\n<li><strong>Construa uma narrativa clara:<\/strong> Descreva o contexto, os desafios superados, os resultados alcan\u00e7ados e o potencial de replicabilidade da sua pr\u00e1tica. Foque em dados e evid\u00eancias que comprovem o seu impacto. Preencha todos os campos do template para assegurar o melhor conjunto de informa\u00e7\u00f5es acerca da boa pr\u00e1tica. <\/li>\n\n\n\n<li><strong>Re\u00fana evid\u00eancias:<\/strong> re\u00fana gr\u00e1ficos, fotos, depoimentos, links para dashboards ou outros materiais que validem as informa\u00e7\u00f5es do dossi\u00ea. Este material poder\u00e1 ser enviado:\n<ul class=\"wp-block-list\">\n<li>em um \u00fanico arquivo complementar, em formato PDF com at\u00e9 10 p\u00e1ginas, contendo todos os materiais de apoio (ex: reportagens, publica\u00e7\u00f5es, capturas de tela, depoimentos, gr\u00e1ficos, relat\u00f3rios de impacto). Este material poder\u00e1 ser anexado no pr\u00f3prio formul\u00e1rio de submiss\u00e3o do dossi\u00ea descritivo, em espa\u00e7o reservado para esse fim;<\/li>\n\n\n\n<li>ou por meio da indica\u00e7\u00e3o de links diretos e acess\u00edveis para v\u00eddeos, sites, dashboards ou outros recursos digitais que demonstrem o funcionamento e os resultados da pr\u00e1tica. Nesse caso, os links devem ser informados no pr\u00f3prio arquivo do dossi\u00ea, em espa\u00e7o reservado para este conte\u00fado. <\/li>\n<\/ul>\n<\/li>\n<\/ul>\n\n\n\n<p>O Dossi\u00ea Descritivo  e, se necess\u00e1rio, o Anexo com Evid\u00eancias devem ser anexados diretamente no formul\u00e1rio de submiss\u00e3o online, conforme orienta\u00e7\u00f5es da plataforma Doity.<\/p>\n\n\n\n<h4 class=\"wp-block-heading\"><strong>Passo 2: Preencha o Formul\u00e1rio Online e conclua a Submiss\u00e3o<\/strong><\/h4>\n\n\n\n<p>A submiss\u00e3o \u00e9 feita exclusivamente pela plataforma Doity, por meio de formul\u00e1rio online que coleta as informa\u00e7\u00f5es essenciais sobre a sua pr\u00e1tica e recebe os uploads do Dossi\u00ea Descritivo e, quando for o caso, Anexo com Evid\u00eancias.<\/p>\n\n\n\n<ul class=\"wp-block-list\">\n<li><strong>Acesse o <a href=\"https:\/\/doity.com.br\/infosfera2025\/artigos?modelo=6440#m\">link de submiss\u00e3o<\/a> na plataforma Doity<\/strong><\/li>\n\n\n\n<li><strong>Clique em &#8220;Submiss\u00e3o de Resumos e Boas Pr\u00e1ticas&#8221;<\/strong>, selecione a aba da modalidade &#8220;Boas Pr\u00e1ticas&#8221; e prossiga com o preenchimento.<\/li>\n\n\n\n<li>Preencha todos os campos do formul\u00e1rio online, incluindo resumo de at\u00e9 1000 palavras.<\/li>\n\n\n\n<li>Fa\u00e7a o upload do Dossi\u00ea Descritivo completamente preenchido.<\/li>\n\n\n\n<li>Fa\u00e7a o upload do Anexo com Evid\u00eancia, quando for o caso.<\/li>\n<\/ul>\n\n\n\n<div style=\"height:20px\" aria-hidden=\"true\" class=\"wp-block-spacer\"><\/div>\n\n\n\n<div class=\"wp-block-buttons is-layout-flex wp-block-buttons-is-layout-flex\">\n<div class=\"wp-block-button\"><a class=\"wp-block-button__link wp-element-button\" href=\"https:\/\/doity.com.br\/infosfera2025\/artigos?modelo=6440#m\">Submeter agora<\/a><\/div>\n\n\n\n<div class=\"wp-block-button\"><a class=\"wp-block-button__link wp-element-button\" href=\"https:\/\/grcmlesydpcd.objectstorage.sa-saopaulo-1.oci.customer-oci.com\/p\/OQwcvnO-c63O08Gc2Kv4OTbJttj5ik60dguiDIyyQ0wuo5SWn-jHOLW9wNbylNqI\/n\/grcmlesydpcd\/b\/dtysppobjmntbkp01\/o\/media\/doity\/submissoes\/template-ab729b528720706ab135ae867717aca3a79cb958.docx\">Baixe o template do Dossi\u00ea Descritivo<\/a><\/div>\n<\/div>\n\n\n\n<div style=\"height:45px\" aria-hidden=\"true\" class=\"wp-block-spacer\"><\/div>\n\n\n\n<h3 class=\"wp-block-heading\"><strong>4. Relev\u00e2ncia e Reconhecimento<\/strong><\/h3>\n\n\n\n<p>As boas pr\u00e1ticas selecionadas ser\u00e3o apresentadas em uma sess\u00e3o especial durante o Infosfera 2025, em Curitiba, e seus autores ter\u00e3o a oportunidade de compartilhar suas experi\u00eancias com uma audi\u00eancia qualificada de profissionais e pesquisadores de todo o Brasil. As pr\u00e1ticas vencedoras ser\u00e3o reconhecidas em Sess\u00e3o Solene. As pr\u00e1ticas tamb\u00e9m integrar\u00e3o a Plataforma de Boas Pr\u00e1ticas, tornando-se um ativo de conhecimento permanente para a administra\u00e7\u00e3o p\u00fablica.<\/p>\n\n\n\n<p>Para que uma pr\u00e1tica seja reconhecida durante o Infosfera 2025, \u00e9 necess\u00e1ria a inscri\u00e7\u00e3o e participa\u00e7\u00e3o presencial de pelo menos um dos autores respons\u00e1veis pela submiss\u00e3o.<\/p>\n\n\n\n<h3 class=\"wp-block-heading\"><strong>5. Aten\u00e7\u00e3o:<\/strong><\/h3>\n\n\n\n<p>Ao realizar a submiss\u00e3o, os autores declaram que:<\/p>\n\n\n\n<ul class=\"wp-block-list\">\n<li>o nome dos respons\u00e1veis est\u00e1 inclu\u00eddo apenas no formul\u00e1rio online de submiss\u00e3o sem identifica\u00e7\u00e3o no corpo do Dossi\u00ea Descritivo, a fim de garantir o anonimato do processo de avalia\u00e7\u00e3o;<\/li>\n\n\n\n<li>foram indicadas de 3 a 5 palavras-chave;<\/li>\n\n\n\n<li>est\u00e3o cientes de que a submiss\u00e3o de boa pr\u00e1tica n\u00e3o garante sua sele\u00e7\u00e3o para o pr\u00eamio;<\/li>\n\n\n\n<li>est\u00e3o cientes de que a pr\u00e1tica submetida ser\u00e1 inclu\u00edda na Plataforma de Boas Pr\u00e1ticas do Infosfera;<\/li>\n\n\n\n<li>A Boa Pr\u00e1tica selecionada para o Pr\u00eamio Infosfera e apresentada no evento est\u00e1 autorizada a ter resumo ou trabalho completo publicado nos Anais do evento;<\/li>\n\n\n\n<li>Todas as informa\u00e7\u00f5es prestadas sobre a Boa Pr\u00e1tica s\u00e3o verdadeiras.<\/li>\n<\/ul>\n\n\n\n<p>D\u00favidas? Entre em contato pelo e-mail <a href=\"mailto:contato@infosfera.inf.br\">contato@infosfera.inf.br<\/a>.<\/p>\n\n\n\n<div style=\"height:20px\" aria-hidden=\"true\" class=\"wp-block-spacer\"><\/div>\n\n\n\n<div class=\"wp-block-buttons is-layout-flex wp-block-buttons-is-layout-flex\">\n<div class=\"wp-block-button\"><a class=\"wp-block-button__link wp-element-button\" href=\"https:\/\/doity.com.br\/infosfera2025\/artigos?modelo=6440#m\">Submeter agora<\/a><\/div>\n\n\n\n<div class=\"wp-block-button\"><a class=\"wp-block-button__link wp-element-button\" href=\"https:\/\/grcmlesydpcd.objectstorage.sa-saopaulo-1.oci.customer-oci.com\/p\/OQwcvnO-c63O08Gc2Kv4OTbJttj5ik60dguiDIyyQ0wuo5SWn-jHOLW9wNbylNqI\/n\/grcmlesydpcd\/b\/dtysppobjmntbkp01\/o\/media\/doity\/submissoes\/template-ab729b528720706ab135ae867717aca3a79cb958.docx\">Baixe o template do Dossi\u00ea Descritivo<\/a><\/div>\n<\/div>\n\n\n\n<p><\/p>\n","protected":false},"excerpt":{"rendered":"<p>O Pr\u00eamio Infosfera foi criado com o prop\u00f3sito de reconhecer e celebrar as boas pr\u00e1ticas que est\u00e3o moldando o futuro da gest\u00e3o da informa\u00e7\u00e3o na esfera p\u00fablica. Foi concebido para ser uma vitrine de inova\u00e7\u00e3o, visibilidade e excel\u00eancia, dando o devido destaque aos projetos e profissionais que, com criatividade e dedica\u00e7\u00e3o, transformam a teoria em &hellip; <a href=\"https:\/\/infosfera.inf.br\/infosfera2025\/premio-de-boas-praticas\/\" class=\"more-link\">Continue reading<span class=\"screen-reader-text\"> &#8220;Pr\u00eamio Infosfera de Boas Pr\u00e1ticas &#8211; Submiss\u00f5es Encerradas&#8221;<\/span><\/a><\/p>\n","protected":false},"author":3,"featured_media":0,"parent":0,"menu_order":0,"comment_status":"closed","ping_status":"closed","template":"","meta":{"_acf_changed":false,"footnotes":""},"class_list":["post-217","page","type-page","status-publish","hentry"],"acf":[],"_links":{"self":[{"href":"https:\/\/infosfera.inf.br\/infosfera2025\/wp-json\/wp\/v2\/pages\/217","targetHints":{"allow":["GET"]}}],"collection":[{"href":"https:\/\/infosfera.inf.br\/infosfera2025\/wp-json\/wp\/v2\/pages"}],"about":[{"href":"https:\/\/infosfera.inf.br\/infosfera2025\/wp-json\/wp\/v2\/types\/page"}],"author":[{"embeddable":true,"href":"https:\/\/infosfera.inf.br\/infosfera2025\/wp-json\/wp\/v2\/users\/3"}],"replies":[{"embeddable":true,"href":"https:\/\/infosfera.inf.br\/infosfera2025\/wp-json\/wp\/v2\/comments?post=217"}],"version-history":[{"count":14,"href":"https:\/\/infosfera.inf.br\/infosfera2025\/wp-json\/wp\/v2\/pages\/217\/revisions"}],"predecessor-version":[{"id":735,"href":"https:\/\/infosfera.inf.br\/infosfera2025\/wp-json\/wp\/v2\/pages\/217\/revisions\/735"}],"wp:attachment":[{"href":"https:\/\/infosfera.inf.br\/infosfera2025\/wp-json\/wp\/v2\/media?parent=217"}],"curies":[{"name":"wp","href":"https:\/\/api.w.org\/{rel}","templated":true}]}}