{"id":23,"date":"2025-05-20T18:47:20","date_gmt":"2025-05-20T21:47:20","guid":{"rendered":"https:\/\/infosfera.inf.br\/?page_id=23"},"modified":"2025-08-13T11:05:01","modified_gmt":"2025-08-13T14:05:01","slug":"local","status":"publish","type":"page","link":"https:\/\/infosfera.inf.br\/infosfera2025\/local\/","title":{"rendered":"Local"},"content":{"rendered":"\n<div class=\"wp-block-columns are-vertically-aligned-center is-layout-flex wp-container-core-columns-is-layout-9d6595d7 wp-block-columns-is-layout-flex\">\n<div class=\"wp-block-column is-vertically-aligned-center is-layout-flow wp-block-column-is-layout-flow\">\n<figure class=\"wp-block-image size-full\"><img loading=\"lazy\" decoding=\"async\" width=\"887\" height=\"800\" src=\"https:\/\/infosfera.inf.br\/infosfera2025\/wp-content\/uploads\/2025\/08\/ufpr-tiny.png\" alt=\"\" class=\"wp-image-406\" srcset=\"https:\/\/infosfera.inf.br\/infosfera2025\/wp-content\/uploads\/2025\/08\/ufpr-tiny.png 887w, https:\/\/infosfera.inf.br\/infosfera2025\/wp-content\/uploads\/2025\/08\/ufpr-tiny-300x271.png 300w, https:\/\/infosfera.inf.br\/infosfera2025\/wp-content\/uploads\/2025\/08\/ufpr-tiny-768x693.png 768w\" sizes=\"auto, (max-width: 709px) 85vw, (max-width: 909px) 67vw, (max-width: 1362px) 62vw, 840px\" \/><\/figure>\n<\/div>\n\n\n\n<div class=\"wp-block-column is-vertically-aligned-center is-layout-flow wp-block-column-is-layout-flow\">\n<h2 class=\"wp-block-heading\">O Infosfera 2025 ser\u00e1 realizado em Curitiba-PR<\/h2>\n\n\n\n<h3 class=\"wp-block-heading\">20 e 21 de Outubro de 2025<\/h3>\n\n\n\n<p style=\"font-size:16px\"><strong>Endere\u00e7o:<\/strong> <br><em>Universidade Federal do Paran\u00e1<br>Setor de Ci\u00eancias Sociais Aplicadas<br>Av. Prefeito Loth\u00e1rio Meissner, 632<br>Jardim Bot\u00e2nico &#8211; Curitiba (PR) &#8211; Brasil<\/em><\/p>\n<\/div>\n<\/div>\n\n\n\n<iframe src=\"https:\/\/www.google.com\/maps\/embed?pb=!1m18!1m12!1m3!1d3602.8189729076857!2d-49.24132312373275!3d-25.44431503345986!2m3!1f0!2f0!3f0!3m2!1i1024!2i768!4f13.1!3m3!1m2!1s0x94dce5048fffe36d%3A0xcb16546537a0cc00!2sUniversidade%20Federal%20do%20Paran%C3%A1%20-%20Jardim%20Bot%C3%A2nico!5e0!3m2!1sen!2sbr!4v1755093748703!5m2!1sen!2sbr\" width=\"100%\" height=\"450\" style=\"border:0;\" allowfullscreen=\"\" loading=\"lazy\" referrerpolicy=\"no-referrer-when-downgrade\"><\/iframe>\n\n\n\n<hr class=\"wp-block-separator has-alpha-channel-opacity\"\/>\n\n\n\n<div style=\"height:31px\" aria-hidden=\"true\" class=\"wp-block-spacer\"><\/div>\n\n\n\n<h2 class=\"wp-block-heading\">Dicas para aproveitar a cidade de Curitiba durante o Infosfera 2025<\/h2>\n\n\n\n<p>Durante o <strong>Infosfera 2025, Curitiba estar\u00e1 pronta para receber participantes de diferentes regi\u00f5es do Brasil<\/strong>. E al\u00e9m da programa\u00e7\u00e3o do evento, a cidade tamb\u00e9m oferece uma excelente estrutura tur\u00edstica, cultural e gastron\u00f4mica.<\/p>\n\n\n\n<p>Pensando em sua estadia, selecionamos alguns dos <strong>principais pontos tur\u00edsticos, restaurantes e espa\u00e7os noturnos tradicionais <\/strong>que aliam conforto, qualidade e a experi\u00eancia t\u00edpica da capital paranaense.<\/p>\n\n\n\n<div style=\"height:30px\" aria-hidden=\"true\" class=\"wp-block-spacer\"><\/div>\n\n\n\n<h2 class=\"wp-block-heading has-text-align-center\">Pontos tur\u00edsticos<\/h2>\n\n\n\n<div class=\"wp-block-columns are-vertically-aligned-center inverse-columns is-layout-flex wp-container-core-columns-is-layout-9d6595d7 wp-block-columns-is-layout-flex\">\n<div class=\"wp-block-column is-vertically-aligned-center is-layout-flow wp-block-column-is-layout-flow\">\n<figure class=\"wp-block-image size-full\"><img loading=\"lazy\" decoding=\"async\" width=\"800\" height=\"729\" src=\"https:\/\/infosfera.inf.br\/infosfera2025\/wp-content\/uploads\/2025\/08\/curitiba-mon.jpg\" alt=\"\" class=\"wp-image-290\" srcset=\"https:\/\/infosfera.inf.br\/infosfera2025\/wp-content\/uploads\/2025\/08\/curitiba-mon.jpg 800w, https:\/\/infosfera.inf.br\/infosfera2025\/wp-content\/uploads\/2025\/08\/curitiba-mon-300x273.jpg 300w, https:\/\/infosfera.inf.br\/infosfera2025\/wp-content\/uploads\/2025\/08\/curitiba-mon-768x700.jpg 768w\" sizes=\"auto, (max-width: 800px) 85vw, 800px\" \/><\/figure>\n<\/div>\n\n\n\n<div class=\"wp-block-column is-vertically-aligned-center is-layout-flow wp-block-column-is-layout-flow\">\n<h3 class=\"wp-block-heading\">Museu Oscar Niemeyer (MON)<\/h3>\n\n\n\n<p>Um dos museus mais importantes do Brasil, refer\u00eancia em arte contempor\u00e2nea, design e arquitetura. O espa\u00e7o \u00e9 amplo, com estrutura completa e caf\u00e9 pr\u00f3prio.<\/p>\n\n\n\n<p><strong><em>Rua Marechal Hermes, 999 \u2013 Centro C\u00edvico<\/em><\/strong><\/p>\n<\/div>\n<\/div>\n\n\n\n<div class=\"wp-block-columns are-vertically-aligned-center is-layout-flex wp-container-core-columns-is-layout-9d6595d7 wp-block-columns-is-layout-flex\">\n<div class=\"wp-block-column is-vertically-aligned-center is-layout-flow wp-block-column-is-layout-flow\">\n<figure class=\"wp-block-image size-full\"><img loading=\"lazy\" decoding=\"async\" width=\"800\" height=\"729\" src=\"https:\/\/infosfera.inf.br\/infosfera2025\/wp-content\/uploads\/2025\/08\/jardim-botanico.jpg\" alt=\"\" class=\"wp-image-301\" srcset=\"https:\/\/infosfera.inf.br\/infosfera2025\/wp-content\/uploads\/2025\/08\/jardim-botanico.jpg 800w, https:\/\/infosfera.inf.br\/infosfera2025\/wp-content\/uploads\/2025\/08\/jardim-botanico-300x273.jpg 300w, https:\/\/infosfera.inf.br\/infosfera2025\/wp-content\/uploads\/2025\/08\/jardim-botanico-768x700.jpg 768w\" sizes=\"auto, (max-width: 800px) 85vw, 800px\" \/><\/figure>\n<\/div>\n\n\n\n<div class=\"wp-block-column is-vertically-aligned-center is-layout-flow wp-block-column-is-layout-flow\">\n<h3 class=\"wp-block-heading\">Jardim Bot\u00e2nico<\/h3>\n\n\n\n<p>Cart\u00e3o-postal de Curitiba, \u00e9 uma parada obrigat\u00f3ria. Ideal para uma visita tranquila entre as atividades do congresso.<\/p>\n\n\n\n<p><strong><em>Rua Eng\u00b0. Ostoja Roguski \u2013 Jardim Bot\u00e2nico<\/em><\/strong><\/p>\n<\/div>\n<\/div>\n\n\n\n<div class=\"wp-block-columns are-vertically-aligned-center inverse-columns is-layout-flex wp-container-core-columns-is-layout-9d6595d7 wp-block-columns-is-layout-flex\">\n<div class=\"wp-block-column is-vertically-aligned-center is-layout-flow wp-block-column-is-layout-flow\">\n<figure class=\"wp-block-image size-full\"><img loading=\"lazy\" decoding=\"async\" width=\"800\" height=\"729\" src=\"https:\/\/infosfera.inf.br\/infosfera2025\/wp-content\/uploads\/2025\/08\/opera-de-arame.jpg\" alt=\"\" class=\"wp-image-302\" srcset=\"https:\/\/infosfera.inf.br\/infosfera2025\/wp-content\/uploads\/2025\/08\/opera-de-arame.jpg 800w, https:\/\/infosfera.inf.br\/infosfera2025\/wp-content\/uploads\/2025\/08\/opera-de-arame-300x273.jpg 300w, https:\/\/infosfera.inf.br\/infosfera2025\/wp-content\/uploads\/2025\/08\/opera-de-arame-768x700.jpg 768w\" sizes=\"auto, (max-width: 800px) 85vw, 800px\" \/><\/figure>\n<\/div>\n\n\n\n<div class=\"wp-block-column is-vertically-aligned-center is-layout-flow wp-block-column-is-layout-flow\">\n<h3 class=\"wp-block-heading\">\u00d3pera de Arame e Parque das Pedreiras<\/h3>\n\n\n\n<p>Espa\u00e7o que combina natureza e arquitetura. A \u00d3pera \u00e9 um teatro com estrutura met\u00e1lica e vidro, muito visitado por congressistas e turistas.<\/p>\n\n\n\n<p><strong><em>Rua Jo\u00e3o Gava, 970 \u2013 Abranches<\/em><\/strong><\/p>\n<\/div>\n<\/div>\n\n\n\n<div class=\"wp-block-columns are-vertically-aligned-center is-layout-flex wp-container-core-columns-is-layout-9d6595d7 wp-block-columns-is-layout-flex\">\n<div class=\"wp-block-column is-vertically-aligned-center is-layout-flow wp-block-column-is-layout-flow\">\n<figure class=\"wp-block-image size-full\"><img loading=\"lazy\" decoding=\"async\" width=\"800\" height=\"729\" src=\"https:\/\/infosfera.inf.br\/infosfera2025\/wp-content\/uploads\/2025\/08\/centro-historico.jpg\" alt=\"\" class=\"wp-image-298\" srcset=\"https:\/\/infosfera.inf.br\/infosfera2025\/wp-content\/uploads\/2025\/08\/centro-historico.jpg 800w, https:\/\/infosfera.inf.br\/infosfera2025\/wp-content\/uploads\/2025\/08\/centro-historico-300x273.jpg 300w, https:\/\/infosfera.inf.br\/infosfera2025\/wp-content\/uploads\/2025\/08\/centro-historico-768x700.jpg 768w\" sizes=\"auto, (max-width: 800px) 85vw, 800px\" \/><\/figure>\n<\/div>\n\n\n\n<div class=\"wp-block-column is-vertically-aligned-center is-layout-flow wp-block-column-is-layout-flow\">\n<h3 class=\"wp-block-heading\">Centro Hist\u00f3rico e Largo da Ordem<\/h3>\n\n\n\n<p>Com igrejas centen\u00e1rias, casar\u00f5es restaurados e a tradicional Feira do Largo (aos domingos), \u00e9 um passeio interessante para quem aprecia patrim\u00f4nio hist\u00f3rico-cultural.<\/p>\n<\/div>\n<\/div>\n\n\n\n<h2 class=\"wp-block-heading has-text-align-center\">Gastronomia<\/h2>\n\n\n\n<div class=\"wp-block-columns are-vertically-aligned-center inverse-columns is-layout-flex wp-container-core-columns-is-layout-9d6595d7 wp-block-columns-is-layout-flex\">\n<div class=\"wp-block-column is-vertically-aligned-center is-layout-flow wp-block-column-is-layout-flow\">\n<figure class=\"wp-block-image size-full\"><img loading=\"lazy\" decoding=\"async\" width=\"800\" height=\"729\" src=\"https:\/\/infosfera.inf.br\/infosfera2025\/wp-content\/uploads\/2025\/08\/cantina-do-delio.jpg\" alt=\"\" class=\"wp-image-297\" srcset=\"https:\/\/infosfera.inf.br\/infosfera2025\/wp-content\/uploads\/2025\/08\/cantina-do-delio.jpg 800w, https:\/\/infosfera.inf.br\/infosfera2025\/wp-content\/uploads\/2025\/08\/cantina-do-delio-300x273.jpg 300w, https:\/\/infosfera.inf.br\/infosfera2025\/wp-content\/uploads\/2025\/08\/cantina-do-delio-768x700.jpg 768w\" sizes=\"auto, (max-width: 800px) 85vw, 800px\" \/><\/figure>\n<\/div>\n\n\n\n<div class=\"wp-block-column is-vertically-aligned-center is-layout-flow wp-block-column-is-layout-flow\">\n<h3 class=\"wp-block-heading\">Cantina do D\u00e9lio<\/h3>\n\n\n\n<p>Uma das cantinas mais conhecidas de Curitiba, une tradi\u00e7\u00e3o italiana e ambiente acolhedor. O card\u00e1pio valoriza massas artesanais e vinhos selecionados.<\/p>\n\n\n\n<p><strong><em>Rua Itupava, 1094 \u2013 Alto da XV<\/em><\/strong><\/p>\n<\/div>\n<\/div>\n\n\n\n<div class=\"wp-block-columns are-vertically-aligned-center is-layout-flex wp-container-core-columns-is-layout-9d6595d7 wp-block-columns-is-layout-flex\">\n<div class=\"wp-block-column is-vertically-aligned-center is-layout-flow wp-block-column-is-layout-flow\">\n<figure class=\"wp-block-image size-full\"><img loading=\"lazy\" decoding=\"async\" width=\"800\" height=\"729\" src=\"https:\/\/infosfera.inf.br\/infosfera2025\/wp-content\/uploads\/2025\/08\/gres.jpg\" alt=\"\" class=\"wp-image-300\" srcset=\"https:\/\/infosfera.inf.br\/infosfera2025\/wp-content\/uploads\/2025\/08\/gres.jpg 800w, https:\/\/infosfera.inf.br\/infosfera2025\/wp-content\/uploads\/2025\/08\/gres-300x273.jpg 300w, https:\/\/infosfera.inf.br\/infosfera2025\/wp-content\/uploads\/2025\/08\/gres-768x700.jpg 768w\" sizes=\"auto, (max-width: 800px) 85vw, 800px\" \/><\/figure>\n<\/div>\n\n\n\n<div class=\"wp-block-column is-vertically-aligned-center is-layout-flow wp-block-column-is-layout-flow\">\n<h3 class=\"wp-block-heading\">Gr\u00e9s Gastronomia &amp; Emp\u00f3rio<\/h3>\n\n\n\n<p>Espa\u00e7o contempor\u00e2neo e sofisticado, ideal para um caf\u00e9, happy hour ou jantar leve ap\u00f3s o evento.<\/p>\n\n\n\n<p><strong><em>Av. Vicente Machado, 894 \u2013 Batel<\/em><\/strong><\/p>\n<\/div>\n<\/div>\n\n\n\n<h2 class=\"wp-block-heading has-text-align-center\">Dicas extras<\/h2>\n\n\n\n<div class=\"wp-block-columns are-vertically-aligned-center inverse-columns is-layout-flex wp-container-core-columns-is-layout-9d6595d7 wp-block-columns-is-layout-flex\">\n<div class=\"wp-block-column is-vertically-aligned-center is-layout-flow wp-block-column-is-layout-flow\">\n<figure class=\"wp-block-image size-full\"><img loading=\"lazy\" decoding=\"async\" width=\"800\" height=\"729\" src=\"https:\/\/infosfera.inf.br\/infosfera2025\/wp-content\/uploads\/2025\/08\/bar-do-alemao.jpg\" alt=\"\" class=\"wp-image-296\" srcset=\"https:\/\/infosfera.inf.br\/infosfera2025\/wp-content\/uploads\/2025\/08\/bar-do-alemao.jpg 800w, https:\/\/infosfera.inf.br\/infosfera2025\/wp-content\/uploads\/2025\/08\/bar-do-alemao-300x273.jpg 300w, https:\/\/infosfera.inf.br\/infosfera2025\/wp-content\/uploads\/2025\/08\/bar-do-alemao-768x700.jpg 768w\" sizes=\"auto, (max-width: 800px) 85vw, 800px\" \/><\/figure>\n<\/div>\n\n\n\n<div class=\"wp-block-column is-vertically-aligned-center is-layout-flow wp-block-column-is-layout-flow\">\n<h3 class=\"wp-block-heading\">Bar do Alem\u00e3o<\/h3>\n\n\n\n<p>Um cl\u00e1ssico curitibano com tem\u00e1tica germ\u00e2nica, ideal para quem busca uma experi\u00eancia tradicional, acompanhada do famoso \u201csubmarino\u201d (chope com steinh\u00e4ger).<\/p>\n\n\n\n<p><strong><em>Rua Doutor Claudino dos Santos, 63 \u2013 S\u00e3o Francisco<\/em><\/strong><\/p>\n<\/div>\n<\/div>\n\n\n\n<div class=\"wp-block-columns are-vertically-aligned-center is-layout-flex wp-container-core-columns-is-layout-9d6595d7 wp-block-columns-is-layout-flex\">\n<div class=\"wp-block-column is-vertically-aligned-center is-layout-flow wp-block-column-is-layout-flow\">\n<figure class=\"wp-block-image size-full\"><img loading=\"lazy\" decoding=\"async\" width=\"800\" height=\"729\" src=\"https:\/\/infosfera.inf.br\/infosfera2025\/wp-content\/uploads\/2025\/08\/cine-passeio.jpg\" alt=\"\" class=\"wp-image-299\" srcset=\"https:\/\/infosfera.inf.br\/infosfera2025\/wp-content\/uploads\/2025\/08\/cine-passeio.jpg 800w, https:\/\/infosfera.inf.br\/infosfera2025\/wp-content\/uploads\/2025\/08\/cine-passeio-300x273.jpg 300w, https:\/\/infosfera.inf.br\/infosfera2025\/wp-content\/uploads\/2025\/08\/cine-passeio-768x700.jpg 768w\" sizes=\"auto, (max-width: 800px) 85vw, 800px\" \/><\/figure>\n<\/div>\n\n\n\n<div class=\"wp-block-column is-vertically-aligned-center is-layout-flow wp-block-column-is-layout-flow\">\n<h3 class=\"wp-block-heading\">Cine Passeio<\/h3>\n\n\n\n<p>Cinema de rua com programa\u00e7\u00e3o cultural<br>de qualidade e estrutura moderna.<\/p>\n\n\n\n<p><strong><em>Rua Riachuelo, 410 \u2013 Centro<\/em><\/strong><\/p>\n<\/div>\n<\/div>\n","protected":false},"excerpt":{"rendered":"<p>O Infosfera 2025 ser\u00e1 realizado em Curitiba-PR 20 e 21 de Outubro de 2025 Endere\u00e7o: Universidade Federal do Paran\u00e1Setor de Ci\u00eancias Sociais AplicadasAv. Prefeito Loth\u00e1rio Meissner, 632Jardim Bot\u00e2nico &#8211; Curitiba (PR) &#8211; Brasil Dicas para aproveitar a cidade de Curitiba durante o Infosfera 2025 Durante o Infosfera 2025, Curitiba estar\u00e1 pronta para receber participantes de &hellip; <a href=\"https:\/\/infosfera.inf.br\/infosfera2025\/local\/\" class=\"more-link\">Continue reading<span class=\"screen-reader-text\"> &#8220;Local&#8221;<\/span><\/a><\/p>\n","protected":false},"author":1,"featured_media":0,"parent":0,"menu_order":0,"comment_status":"closed","ping_status":"closed","template":"","meta":{"_acf_changed":false,"footnotes":""},"class_list":["post-23","page","type-page","status-publish","hentry"],"acf":[],"_links":{"self":[{"href":"https:\/\/infosfera.inf.br\/infosfera2025\/wp-json\/wp\/v2\/pages\/23","targetHints":{"allow":["GET"]}}],"collection":[{"href":"https:\/\/infosfera.inf.br\/infosfera2025\/wp-json\/wp\/v2\/pages"}],"about":[{"href":"https:\/\/infosfera.inf.br\/infosfera2025\/wp-json\/wp\/v2\/types\/page"}],"author":[{"embeddable":true,"href":"https:\/\/infosfera.inf.br\/infosfera2025\/wp-json\/wp\/v2\/users\/1"}],"replies":[{"embeddable":true,"href":"https:\/\/infosfera.inf.br\/infosfera2025\/wp-json\/wp\/v2\/comments?post=23"}],"version-history":[{"count":23,"href":"https:\/\/infosfera.inf.br\/infosfera2025\/wp-json\/wp\/v2\/pages\/23\/revisions"}],"predecessor-version":[{"id":411,"href":"https:\/\/infosfera.inf.br\/infosfera2025\/wp-json\/wp\/v2\/pages\/23\/revisions\/411"}],"wp:attachment":[{"href":"https:\/\/infosfera.inf.br\/infosfera2025\/wp-json\/wp\/v2\/media?parent=23"}],"curies":[{"name":"wp","href":"https:\/\/api.w.org\/{rel}","templated":true}]}}