{"id":27,"date":"2025-05-20T18:47:44","date_gmt":"2025-05-20T21:47:44","guid":{"rendered":"https:\/\/infosfera.inf.br\/?page_id=27"},"modified":"2025-09-13T14:27:08","modified_gmt":"2025-09-13T17:27:08","slug":"submissao-de-resumos","status":"publish","type":"page","link":"https:\/\/infosfera.inf.br\/infosfera2025\/submissao-de-resumos\/","title":{"rendered":"Submiss\u00e3o de resumos"},"content":{"rendered":"\n<div class=\"wp-block-buttons is-content-justification-center is-layout-flex wp-container-core-buttons-is-layout-16018d1d wp-block-buttons-is-layout-flex\">\n<div class=\"wp-block-button\"><a class=\"wp-block-button__link wp-element-button\" href=\"https:\/\/doity.com.br\/infosfera2025\/artigos\">Submeter agora<\/a><\/div>\n<\/div>\n\n\n\n<div style=\"height:30px\" aria-hidden=\"true\" class=\"wp-block-spacer\"><\/div>\n\n\n\n<p>O Congresso de Gest\u00e3o da Informa\u00e7\u00e3o na Esfera P\u00fablica, <strong>Infosfera 2025,<\/strong> aceitar\u00e1 submiss\u00f5es de <strong>resumos expandidos <\/strong>que apresentem pesquisas emp\u00edricas ou te\u00f3ricas conclu\u00eddas ou em desenvolvimento, relacionadas a um dos seguintes temas de interesse do evento:&nbsp;<\/p>\n\n\n\n<ol start=\"1\" class=\"wp-block-list\">\n<li>Transpar\u00eancia Digital<\/li>\n\n\n\n<li>Governan\u00e7a Eletr\u00f4nica<\/li>\n\n\n\n<li>Seguran\u00e7a Cibern\u00e9tica&nbsp;<\/li>\n\n\n\n<li>Preserva\u00e7\u00e3o da Mem\u00f3ria Institucional&nbsp;<\/li>\n\n\n\n<li>Intelig\u00eancia de Dados P\u00fablicos&nbsp;<\/li>\n\n\n\n<li>Inclus\u00e3o Digital e Acessibilidade<\/li>\n\n\n\n<li>Interoperabilidade de Sistemas<\/li>\n\n\n\n<li>Gest\u00e3o do Conhecimento Organizacional<\/li>\n\n\n\n<li>Compliance e Integridade Digital&nbsp;<\/li>\n\n\n\n<li>Inova\u00e7\u00e3o em Servi\u00e7os P\u00fablicos Digital<\/li>\n\n\n\n<li>Curadoria Digital de Acervos P\u00fablicos&nbsp;<\/li>\n\n\n\n<li>Transforma\u00e7\u00e3o Digital e Modelagem de Processos&nbsp;<\/li>\n\n\n\n<li>Intelig\u00eancia Artificial e \u00c9tica no Setor P\u00fablico&nbsp;<\/li>\n\n\n\n<li>Gest\u00e3o de Documentos Arquiv\u00edsticos Digitais&nbsp;<\/li>\n\n\n\n<li>Observat\u00f3rio de Dados Institucionais<\/li>\n\n\n\n<li>Outros Temas em Gest\u00e3o da Informa\u00e7\u00e3o na Esfera P\u00fablica<\/li>\n<\/ol>\n\n\n\n<p>Os resumos expandidos dever\u00e3o ser submetidos por meio da plataforma de submiss\u00e3o, a qual possui campos espec\u00edficos para o envio dos dados do trabalho e autores. <\/p>\n\n\n\n<p>A estrutura do resumo expandido deve abarcar todas as partes do trabalho, sendo redigida de forma a valorizar o conte\u00fado, facilitar a leitura e a avalia\u00e7\u00e3o. A fim de assegurar consist\u00eancia e qualidade dos textos submetidos, recomenda-se, a t\u00edtulo sugestivo, que o resumo contemple: (i) contextualiza\u00e7\u00e3o do tema, relev\u00e2ncia da pesquisa para a \u00e1rea de gest\u00e3o da informa\u00e7\u00e3o na esfera p\u00fablica e os objetivos do trabalho; (ii) fundamenta\u00e7\u00e3o na literatura ou, quando ensaio te\u00f3rico, trajet\u00f3ria argumentativa; (iii) quando aplic\u00e1vel, descri\u00e7\u00e3o de procedimentos metodol\u00f3gicos, resultados e discuss\u00f5es decorrentes dos achados; (iv) contribui\u00e7\u00f5es e implica\u00e7\u00f5es para o desenvolvimento do conhecimento na \u00e1rea; (v) refer\u00eancias citadas.<\/p>\n\n\n\n<p>Ser\u00e3o aceitos resumos expandidos derivados de:&nbsp;<\/p>\n\n\n\n<p>a) Pesquisa Emp\u00edrica: trata-se de trabalhos, conclu\u00eddos ou em andamento, contendo apresenta\u00e7\u00e3o de resultados ou os resultados esperados, caso ainda esteja em desenvolvimento, de pesquisa emp\u00edrica.<\/p>\n\n\n\n<p>b) Pesquisa Te\u00f3rica: baseia-se na revis\u00e3o e discuss\u00e3o articulada de conceitos e teorias, com foco na reflex\u00e3o cr\u00edtica e aprofundamento do conhecimento.<\/p>\n\n\n\n<p>Os trabalhos submetidos devem conter de 1.000 a 2.000 palavras. <strong>A contagem de palavras considera todo o conte\u00fado, desde o t\u00edtulo at\u00e9 as refer\u00eancias, ap\u00eandices e notas de fim de texto<\/strong>, respeitando os seguintes crit\u00e9rios:<\/p>\n\n\n\n<ol class=\"wp-block-list\">\n<li>Fonte Times New Roman 12, espa\u00e7o simples entre linhas, e margens: superior e esquerda: 3 cm; inferior e direita: 2 cm;&nbsp;<\/li>\n\n\n\n<li>Notas de rodap\u00e9 devem ser evitadas. Notas de final de texto devem se restringir ao m\u00ednimo necess\u00e1rio;&nbsp;<\/li>\n\n\n\n<li>Cita\u00e7\u00f5es e figuras, bem como a lista de refer\u00eancias e outros elementos p\u00f3s-textuais, devem seguir as especifica\u00e7\u00f5es da <em>American Psychology Association<\/em> (APA);&nbsp;<\/li>\n\n\n\n<li>N\u00famero m\u00e1ximo de cinco autores por trabalho. Os nomes dos autores devem ser declarados no ato da inscri\u00e7\u00e3o do trabalho.&nbsp;<\/li>\n\n\n\n<li>A reda\u00e7\u00e3o dos textos pode ser apresentada em portugu\u00eas, ingl\u00eas ou espanhol.&nbsp;<\/li>\n<\/ol>\n\n\n\n<p>Cada autor poder\u00e1 submeter at\u00e9 tr\u00eas resumos expandidos, individualmente ou em coautoria.<\/p>\n\n\n\n<p>Ser\u00e1 admitido o n\u00famero m\u00e1ximo de cinco autores por trabalho. A autoria deve ser inclu\u00edda apenas no formul\u00e1rio de submiss\u00e3o, incluindo a identifica\u00e7\u00e3o dos autores (nome, e-mail, afilia\u00e7\u00e3o institucional e iD do ORCiD). Autores n\u00e3o devem ser identificados no corpo do resumo, a fim de garantir o anonimato do processo de avalia\u00e7\u00e3o.<\/p>\n\n\n\n<p>Dever\u00e3o ser indicadas de 3 a 5 palavras-chave.<\/p>\n\n\n\n<p>Aten\u00e7\u00e3o:<\/p>\n\n\n\n<ul class=\"wp-block-list\">\n<li>A submiss\u00e3o do trabalho n\u00e3o garante sua sele\u00e7\u00e3o.<\/li>\n\n\n\n<li>Far\u00e3o parte dos anais do Infosfera 2025 apenas trabalhos apresentados por pelo menos um dos autores.<\/li>\n\n\n\n<li>O(s) autor(es) que tiver(em) o trabalho selecionado e apresentado no evento autoriza(m) a publica\u00e7\u00e3o do resumo expandido nos anais do Infosfera 2025.<\/li>\n<\/ul>\n\n\n\n<div style=\"height:30px\" aria-hidden=\"true\" class=\"wp-block-spacer\"><\/div>\n\n\n\n<h3 class=\"wp-block-heading\"><strong>COMISS\u00c3O CIENT\u00cdFICA<\/strong><\/h3>\n\n\n\n<ul class=\"wp-block-list\">\n<li><a href=\"http:\/\/lattes.cnpq.br\/4283993334095332\">Carlos Luiz Strapazzon<\/a> &#8211; Universidade Positivo (UP)<\/li>\n\n\n\n<li><a href=\"http:\/\/lattes.cnpq.br\/7184840893266042\">Caroline Coradassi<\/a> &#8211; Universidade Estadual do Centro Oeste (Unicentro)<\/li>\n\n\n\n<li><a href=\"http:\/\/lattes.cnpq.br\/4514334296000649\">Celia Regina Simonetti Barbalho <\/a>&#8211; Universidade Federal do Amazonas (UFAM)<\/li>\n\n\n\n<li><a href=\"http:\/\/lattes.cnpq.br\/9748050331838311\">Bruno Batista de Carvalho Luz<\/a> &#8211; Universidade Estadual de Goi\u00e1s (UEG)<\/li>\n\n\n\n<li><a href=\"http:\/\/lattes.cnpq.br\/2294403751807996\">Deborah Ribeiro Carvalho<\/a> &#8211; Pontif\u00edcia Universidade Cat\u00f3lica do Paran\u00e1 (PUCPR) e Universidade Federal do Paran\u00e1 (UFPR)<\/li>\n\n\n\n<li><a href=\"http:\/\/lattes.cnpq.br\/0671510926276134\">Edn\u00e9ia Silva Santos Rocha<\/a> &#8211; Universidade de S\u00e3o Paulo (USP)<\/li>\n\n\n\n<li><a href=\"http:\/\/lattes.cnpq.br\/2435628775717990\" data-type=\"link\" data-id=\"http:\/\/lattes.cnpq.br\/2435628775717990\">Edson Ronaldo Guarido Filho<\/a> &#8211; Universidade Federal do Paran\u00e1 (UFPR)<\/li>\n\n\n\n<li><a href=\"http:\/\/lattes.cnpq.br\/7723702205533095\" data-type=\"link\" data-id=\"http:\/\/lattes.cnpq.br\/7723702205533095\">Elder Lopes Barboza<\/a> &#8211; Universidade Federal do Paran\u00e1 (UFPR)<\/li>\n\n\n\n<li><a href=\"http:\/\/lattes.cnpq.br\/4979799552470346\">Flavia Roberta Fernandes<\/a> &#8211; Universidade Estadual de Maring\u00e1 (UEM)<\/li>\n\n\n\n<li><a href=\"http:\/\/lattes.cnpq.br\/3704060231978431\">Genilson Geraldo<\/a> &#8211; Universidade Federal do Paran\u00e1 (UFPR)<\/li>\n\n\n\n<li><a href=\"http:\/\/lattes.cnpq.br\/8999215679206078\">Jessica Traguetto<\/a> &#8211; Universidade Federal de Goi\u00e1s (UFG)<\/li>\n\n\n\n<li><a href=\"http:\/\/lattes.cnpq.br\/9952962841473375\">Leiliane Sodre Rabelo<\/a> &#8211; Tribunal de Justi\u00e7a do Paran\u00e1 (TJPA)<\/li>\n\n\n\n<li><a href=\"http:\/\/lattes.cnpq.br\/5686068199608499\">Luciano Marin Gallegos<\/a> &#8211; Universidade Federal do Paran\u00e1 (UFPR)<\/li>\n\n\n\n<li><a href=\"http:\/\/lattes.cnpq.br\/6377367856927679\">Luiz Rogerio Lopes Silva<\/a> &#8211; Universidade Federal do Paran\u00e1 (UFPR)<\/li>\n\n\n\n<li><a href=\"http:\/\/lattes.cnpq.br\/1993215959302497\" data-type=\"link\" data-id=\"http:\/\/lattes.cnpq.br\/1993215959302497\">Mariana Rodrigues Gomes de Mello<\/a> &#8211; Universidade Federal do Paran\u00e1 (UFPR)<\/li>\n\n\n\n<li><a href=\"http:\/\/lattes.cnpq.br\/8605833104600600\" data-type=\"link\" data-id=\"http:\/\/lattes.cnpq.br\/8605833104600600\">Milton Shintaku<\/a> &#8211; Instituto Brasileiro de Informa\u00e7\u00e3o em Ci\u00eancia e Tecnologia (IBICT) e Universidade Federal do Paran\u00e1 (UFPR)<\/li>\n\n\n\n<li><a href=\"http:\/\/lattes.cnpq.br\/9181524134984137\" data-type=\"link\" data-id=\"http:\/\/lattes.cnpq.br\/9181524134984137\">Paula Carina de Ara\u00fajo<\/a> &#8211; Universidade Federal do Paran\u00e1 (UFPR)<\/li>\n\n\n\n<li><a href=\"http:\/\/lattes.cnpq.br\/6377367856927679\">Priscila Sena<\/a> &#8211; Instituto Brasileiro de Informa\u00e7\u00e3o em Ci\u00eancia e Tecnologia (IBICT)<\/li>\n\n\n\n<li><a href=\"http:\/\/lattes.cnpq.br\/4465533418771961\">Rosilene Paiva Marinho de Sousa<\/a> &#8211; Universidade Federal da Para\u00edba (UFPB)<\/li>\n\n\n\n<li><a href=\"http:\/\/lattes.cnpq.br\/8777617148995641\" data-type=\"link\" data-id=\"http:\/\/lattes.cnpq.br\/8777617148995641\">Taiane Ritta Coelho<\/a> &#8211; Universidade Federal do Paran\u00e1 (UFPR)<\/li>\n\n\n\n<li><a href=\"http:\/\/lattes.cnpq.br\/8694288375711328\">Thiago Gomes Nascimento<\/a> &#8211; Universidade de Bras\u00edlia (UnB)<\/li>\n\n\n\n<li><a href=\"http:\/\/lattes.cnpq.br\/4551065746013148\">Taysa Schiochet<\/a> &#8211; Universidade Federal do Paran\u00e1 (UFPR)<\/li>\n\n\n\n<li><a href=\"http:\/\/buscatextual.cnpq.br\/buscatextual\/visualizacv.do?id=K4771359P8\">Vera L\u00facia Belo Chagas<\/a> &#8211; Universidade Federal do Paran\u00e1 (UFPR)<br><\/li>\n<\/ul>\n\n\n\n<div style=\"height:30px\" aria-hidden=\"true\" class=\"wp-block-spacer\"><\/div>\n\n\n\n<h3 class=\"wp-block-heading\"><strong>DATAS IMPORTANTES<\/strong>&nbsp;<\/h3>\n\n\n\n<ul class=\"wp-block-list\">\n<li style=\"font-size:16px\"><strong>Submiss\u00f5es de resumos expandidos:<\/strong> 01\/07\/2025 a <del>05\/09\/2025<\/del> <strong>07\/09\/2025<\/strong><\/li>\n\n\n\n<li style=\"font-size:16px\"><strong>Submiss\u00f5es de boas pr\u00e1ticas:<\/strong> 25\/08\/2025 a <strong>30\/09\/2025<\/strong><\/li>\n\n\n\n<li style=\"font-size:16px\"><strong>Inscri\u00e7\u00f5es<\/strong>: \n<ul class=\"wp-block-list\">\n<li style=\"font-size:16px\">10\/07\/2025 a 30\/09\/2025 (congressistas autores ou coautores de resumos selecionados)<\/li>\n\n\n\n<li style=\"font-size:16px\">10\/07\/2025 a 17\/10\/2025 (demais congressistas, incluindo convidados, ouvintes e p\u00fablico em geral)<\/li>\n<\/ul>\n<\/li>\n\n\n\n<li style=\"font-size:16px\"><strong>Avalia\u00e7\u00e3o:<\/strong> 01\/07\/2025 a 12\/09\/2025<\/li>\n\n\n\n<li style=\"font-size:16px\"><strong>Comunica\u00e7\u00e3o de aceita\u00e7\u00e3o dos resumos:<\/strong>&nbsp;at\u00e9 13\/09\/2025<\/li>\n\n\n\n<li style=\"font-size:16px\"><strong>Congresso Infosfera<\/strong> <strong>2025<\/strong>: 20 e 21\/10\/2025<\/li>\n<\/ul>\n\n\n\n<p>Fa\u00e7a <strong><a href=\"https:\/\/doity.com.br\/infosfera2025\/artigos\">aqui<\/a><\/strong> a sua submiss\u00e3o.<\/p>\n\n\n\n<div class=\"wp-block-buttons is-content-justification-center is-layout-flex wp-container-core-buttons-is-layout-16018d1d wp-block-buttons-is-layout-flex\">\n<div class=\"wp-block-button\"><a class=\"wp-block-button__link wp-element-button\" href=\"https:\/\/doity.com.br\/infosfera2025\/artigos\">Submeter agora<\/a><\/div>\n<\/div>\n\n\n\n<p><\/p>\n","protected":false},"excerpt":{"rendered":"<p>O Congresso de Gest\u00e3o da Informa\u00e7\u00e3o na Esfera P\u00fablica, Infosfera 2025, aceitar\u00e1 submiss\u00f5es de resumos expandidos que apresentem pesquisas emp\u00edricas ou te\u00f3ricas conclu\u00eddas ou em desenvolvimento, relacionadas a um dos seguintes temas de interesse do evento:&nbsp; Os resumos expandidos dever\u00e3o ser submetidos por meio da plataforma de submiss\u00e3o, a qual possui campos espec\u00edficos para o &hellip; <a href=\"https:\/\/infosfera.inf.br\/infosfera2025\/submissao-de-resumos\/\" class=\"more-link\">Continue reading<span class=\"screen-reader-text\"> &#8220;Submiss\u00e3o de resumos&#8221;<\/span><\/a><\/p>\n","protected":false},"author":1,"featured_media":0,"parent":0,"menu_order":0,"comment_status":"closed","ping_status":"closed","template":"","meta":{"_acf_changed":false,"footnotes":""},"class_list":["post-27","page","type-page","status-publish","hentry"],"acf":[],"_links":{"self":[{"href":"https:\/\/infosfera.inf.br\/infosfera2025\/wp-json\/wp\/v2\/pages\/27","targetHints":{"allow":["GET"]}}],"collection":[{"href":"https:\/\/infosfera.inf.br\/infosfera2025\/wp-json\/wp\/v2\/pages"}],"about":[{"href":"https:\/\/infosfera.inf.br\/infosfera2025\/wp-json\/wp\/v2\/types\/page"}],"author":[{"embeddable":true,"href":"https:\/\/infosfera.inf.br\/infosfera2025\/wp-json\/wp\/v2\/users\/1"}],"replies":[{"embeddable":true,"href":"https:\/\/infosfera.inf.br\/infosfera2025\/wp-json\/wp\/v2\/comments?post=27"}],"version-history":[{"count":36,"href":"https:\/\/infosfera.inf.br\/infosfera2025\/wp-json\/wp\/v2\/pages\/27\/revisions"}],"predecessor-version":[{"id":461,"href":"https:\/\/infosfera.inf.br\/infosfera2025\/wp-json\/wp\/v2\/pages\/27\/revisions\/461"}],"wp:attachment":[{"href":"https:\/\/infosfera.inf.br\/infosfera2025\/wp-json\/wp\/v2\/media?parent=27"}],"curies":[{"name":"wp","href":"https:\/\/api.w.org\/{rel}","templated":true}]}}