{"id":276,"date":"2025-08-11T10:43:00","date_gmt":"2025-08-11T13:43:00","guid":{"rendered":"https:\/\/infosfera.inf.br\/infosfera2025\/?page_id=276"},"modified":"2025-08-21T15:16:53","modified_gmt":"2025-08-21T18:16:53","slug":"hospedagem","status":"publish","type":"page","link":"https:\/\/infosfera.inf.br\/infosfera2025\/hospedagem\/","title":{"rendered":"Hospedagem"},"content":{"rendered":"\n<h2 class=\"wp-block-heading\"><strong>Onde se hospedar<\/strong><\/h2>\n\n\n\n<p>Se voc\u00ea vem a Curitiba para participar do <strong>Infosfera 2025<\/strong>, preparamos uma sele\u00e7\u00e3o de sugest\u00f5es de hospedagem na regi\u00e3o central da cidade \u2014 com f\u00e1cil acesso ao transporte p\u00fablico, bares, restaurantes e pontos tur\u00edsticos.<\/p>\n\n\n\n<p>A \u00e1rea central oferece praticidade, variedade de pre\u00e7os e a possibilidade de conhecer um pouco mais da capital paranaense.<\/p>\n\n\n\n<p><strong>Importante:<\/strong> o Infosfera <strong>n\u00e3o possui conv\u00eanio com os estabelecimentos indicados<\/strong>; as op\u00e7\u00f5es apresentadas s\u00e3o apenas sugest\u00f5es. A escolha da hospedagem fica a crit\u00e9rio de cada participante.<\/p>\n\n\n\n<h3 class=\"wp-block-heading\"><strong>Op\u00e7\u00f5es de hospedagem no Centro de Curitiba<\/strong><\/h3>\n\n\n\n<h4 class=\"wp-block-heading\"><\/h4>\n\n\n\n<ul class=\"wp-block-list\">\n<li><strong>Mabu Curitiba Business<br><\/strong>R. XV de Novembro, 830 &#8211; Centro, Curitiba &#8211; PR, 80020-300<br>Simples, bem localizado e com \u00f3timo custo-benef\u00edcio.<br><a href=\"https:\/\/www.hoteismabu.com.br\/hoteis\/hoteis-em-curitiba\/mabu-curitiba-business\/\" class=\"btn\" target=\"_blank\">Site<\/a><\/li>\n<\/ul>\n\n\n\n<ul class=\"wp-block-list\">\n<li><strong>Hotel Nacional Inn Curitiba Torres<\/strong><strong><br><\/strong>R. Mariano Torres, 976 &#8211; Centro, Curitiba &#8211; PR, 80060-120 &#8211; Localizado pr\u00f3ximo \u00e0 Rodoferrovi\u00e1ria e ao Mercado Municipal.<br><a href=\"https:\/\/www.nacionalinn.com.br\/hoteis\/hotel-nacional-inn-curitiba-torres\" class=\"btn\" target=\"_blank\">Site<\/a><\/li>\n<\/ul>\n\n\n\n<ul class=\"wp-block-list\">\n<li><strong>Trevi Hotel &amp; Business<br><\/strong>R. \u00c9bano Pereira, 139 &#8211; Centro, Curitiba &#8211; PR, 80410-240<br>(41) 3224-0111x<a href=\"https:\/\/www.hoteldelrey.com.br\/\"><br><\/a><\/li>\n\n\n\n<li><strong>Hotel Del Rey<br><\/strong>Rua Desembargador Ermelino de Le\u00e3o, 18 \u2013 Centro<br>Conforto e excelente localiza\u00e7\u00e3o, pr\u00f3ximo ao Largo da Ordem.<br><a href=\"https:\/\/www.hoteldelrey.com.br\/\" class=\"btn\" target=\"_blank\">Site<br><\/a><\/li>\n\n\n\n<li><strong>Nacional Inn Torres<\/strong><strong><br><\/strong>Rua Mariano Torres, 976 \u2013 Centro<br>Op\u00e7\u00e3o com bom caf\u00e9 da manh\u00e3 e quartos espa\u00e7osos.<br><a href=\"https:\/\/www.nacionalinn.com.br\/\" class=\"btn\" target=\"_blank\">Site<br><\/a><\/li>\n\n\n\n<li><strong>Bourbon Curitiba Hotel &amp; Su\u00edtes<br><\/strong> Rua C\u00e2ndido Lopes, 102 \u2013 Centro<br>Sofistica\u00e7\u00e3o no cora\u00e7\u00e3o da cidade, ideal para quem busca mais conforto.<br><a href=\"https:\/\/www.bourbon.com.br\/\" class=\"btn\" target=\"_blank\">Site<br><\/a><\/li>\n\n\n\n<li><strong>NH Curitiba The Five<\/strong><em><br><\/em>Rua Nunes Machado, 68 \u2013 Batel<br>Oferece \u00f3tima infraestrutura, com ambiente moderno e acomoda\u00e7\u00f5es premium.<br><a href=\"https:\/\/www.nh-hotels.com\/\" class=\"btn\" target=\"_blank\">Site<\/a><\/li>\n<\/ul>\n\n\n\n<ul class=\"wp-block-list\">\n<li><strong>Grand Mercure Curitiba Rayon<\/strong><strong><br><\/strong>Rua Visconde de N\u00e1car, 1424 &#8211; Centro<br>Conforto e sofistica\u00e7\u00e3o na regi\u00e3o central da cidade.<br><a href=\"https:\/\/all.accor.com\/lien_externe.svlt?goto=fiche_hotel&amp;code_hotel=B8P5&amp;merchantid=seo-maps-BR-B8P5&amp;sourceid=aw-cen&amp;utm_medium=seo%20maps&amp;utm_source=google%20Maps&amp;utm_campaign=seo%20maps\" class=\"btn\" target=\"_blank\">Site<\/a><\/li>\n<\/ul>\n","protected":false},"excerpt":{"rendered":"<p>Onde se hospedar Se voc\u00ea vem a Curitiba para participar do Infosfera 2025, preparamos uma sele\u00e7\u00e3o de sugest\u00f5es de hospedagem na regi\u00e3o central da cidade \u2014 com f\u00e1cil acesso ao transporte p\u00fablico, bares, restaurantes e pontos tur\u00edsticos. A \u00e1rea central oferece praticidade, variedade de pre\u00e7os e a possibilidade de conhecer um pouco mais da capital &hellip; <a href=\"https:\/\/infosfera.inf.br\/infosfera2025\/hospedagem\/\" class=\"more-link\">Continue reading<span class=\"screen-reader-text\"> &#8220;Hospedagem&#8221;<\/span><\/a><\/p>\n","protected":false},"author":1,"featured_media":0,"parent":0,"menu_order":0,"comment_status":"closed","ping_status":"closed","template":"","meta":{"_acf_changed":false,"footnotes":""},"class_list":["post-276","page","type-page","status-publish","hentry"],"acf":[],"_links":{"self":[{"href":"https:\/\/infosfera.inf.br\/infosfera2025\/wp-json\/wp\/v2\/pages\/276","targetHints":{"allow":["GET"]}}],"collection":[{"href":"https:\/\/infosfera.inf.br\/infosfera2025\/wp-json\/wp\/v2\/pages"}],"about":[{"href":"https:\/\/infosfera.inf.br\/infosfera2025\/wp-json\/wp\/v2\/types\/page"}],"author":[{"embeddable":true,"href":"https:\/\/infosfera.inf.br\/infosfera2025\/wp-json\/wp\/v2\/users\/1"}],"replies":[{"embeddable":true,"href":"https:\/\/infosfera.inf.br\/infosfera2025\/wp-json\/wp\/v2\/comments?post=276"}],"version-history":[{"count":9,"href":"https:\/\/infosfera.inf.br\/infosfera2025\/wp-json\/wp\/v2\/pages\/276\/revisions"}],"predecessor-version":[{"id":435,"href":"https:\/\/infosfera.inf.br\/infosfera2025\/wp-json\/wp\/v2\/pages\/276\/revisions\/435"}],"wp:attachment":[{"href":"https:\/\/infosfera.inf.br\/infosfera2025\/wp-json\/wp\/v2\/media?parent=276"}],"curies":[{"name":"wp","href":"https:\/\/api.w.org\/{rel}","templated":true}]}}