{"id":3,"date":"2025-05-20T16:19:51","date_gmt":"2025-05-20T19:19:51","guid":{"rendered":"https:\/\/infosfera.inf.br\/?page_id=3"},"modified":"2025-07-03T07:11:58","modified_gmt":"2025-07-03T10:11:58","slug":"politica-de-privacidade","status":"publish","type":"page","link":"https:\/\/infosfera.inf.br\/infosfera2025\/politica-de-privacidade\/","title":{"rendered":"Pol\u00edtica de privacidade"},"content":{"rendered":"\n<p>Para n\u00f3s, sua privacidade \u00e9 extremamente importante. Por isso, o objetivo da nossa pol\u00edtica de privacidade \u00e9 explicar com a m\u00e1xima transpar\u00eancia como coletamos e utilizamos as informa\u00e7\u00f5es dos usu\u00e1rios do nosso site.<\/p>\n\n\n\n<p>Ao navegar em nosso site, voc\u00ea concorda com todas as condi\u00e7\u00f5es aqui expostas, ciente de que poderemos atualizar a presente pol\u00edtica de privacidade a qualquer momento. Deste modo, convidamos voc\u00ea a sempre acessar esta p\u00e1gina e conferir se est\u00e1 de acordo com eventuais altera\u00e7\u00f5es.<\/p>\n\n\n\n<p><strong>1. COMO COLETAMOS E O QUE FAZEMOS COM SEUS DADOS?<\/strong><\/p>\n\n\n\n<p>1.1. Coletamos informa\u00e7\u00f5es pessoais quando voc\u00ea se comunica conosco por formul\u00e1rio de contato, chat, e-mail, WhatsApp, liga\u00e7\u00e3o telef\u00f4nica ou outros canais de comunica\u00e7\u00e3o que utilizamos em nosso site. Os dados coletados s\u00e3o necess\u00e1rios para possibilitar atendimentos pessoais e personalizados.<\/p>\n\n\n\n<p>1.2. Utilizamos as informa\u00e7\u00f5es pessoais que coletamos para entender suas necessidades, manter seu registro atualizado, processar suas solicita\u00e7\u00f5es e aprimorar a qualidade do nosso site e atendimento. Tamb\u00e9m podemos usar as informa\u00e7\u00f5es pessoais para efeitos internos, tais como auditorias, an\u00e1lises de dados, entre outros.<\/p>\n\n\n\n<p>1.3. As informa\u00e7\u00f5es pessoais requeridas s\u00e3o previstas em leis e\/ou regulamenta\u00e7\u00f5es espec\u00edficas, sendo necess\u00e1rias para a verifica\u00e7\u00e3o da autenticidade dos usu\u00e1rios.<\/p>\n\n\n\n<p>1.4. Sempre que voc\u00ea acessar nosso site, ser\u00e1 coletado o endere\u00e7o IP (Internet Protocol) da conex\u00e3o, data\/hora do acesso e outros dados gerais.<\/p>\n\n\n\n<p>1.5. Armazenamos cookies em seu dispositivo e utilizamos os dados coletados a partir deles para tornar sua navega\u00e7\u00e3o mais eficiente e agrad\u00e1vel, manter suas prefer\u00eancias, configura\u00e7\u00f5es e aprender sobre seus interesses, para assim melhorar o nosso site e servi\u00e7os. Interessante informar que os cookies n\u00e3o coletam nenhuma informa\u00e7\u00e3o capaz de identificar pessoalmente um usu\u00e1rio.<\/p>\n\n\n\n<p>1.6. N\u00e3o coletamos para nossos processos informa\u00e7\u00f5es de crian\u00e7as e adolescentes.<\/p>\n\n\n\n<p><strong>2. SERVI\u00c7OS DE TERCEIROS<\/strong><\/p>\n\n\n\n<p>2.1. Nosso site pode conter links para outros sites externos cujos conte\u00fados e pol\u00edticas de privacidade n\u00e3o s\u00e3o nossa responsabilidade.<\/p>\n\n\n\n<p>2.2. N\u00e3o nos responsabilizamos por qualquer informa\u00e7\u00e3o coletada, usada ou divulgada por fabricantes de equipamentos eletr\u00f4nicos e prestadores de servi\u00e7os de telefonia ou acesso \u00e0 internet.<\/p>\n\n\n\n<p><strong>3. ARMAZENAMENTO DOS DADOS<\/strong><\/p>\n\n\n\n<p>3.1. Armazenamos seus dados em bases de dados espec\u00edficas, criadas para o feito e, em situa\u00e7\u00e3o alguma, os dados recolhidos ser\u00e3o utilizados para outra finalidade que n\u00e3o seja aquela para a qual foram recolhidos.<\/p>\n\n\n\n<p><strong>4. ELIMINA\u00c7\u00c3O DOS DADOS<\/strong><\/p>\n\n\n\n<p>4.1. Seguimos requisitos legais que obrigam a conserva\u00e7\u00e3o dos dados pessoais por um per\u00edodo de tempo m\u00ednimo. Nos casos em que n\u00e3o exista uma exig\u00eancia legal espec\u00edfica, os dados ser\u00e3o armazenados apenas pelo per\u00edodo m\u00ednimo necess\u00e1rio para a execu\u00e7\u00e3o das finalidades que motivaram a sua coleta, sendo posteriormente eliminados.<\/p>\n\n\n\n<p><strong>5. SEGURAN\u00c7A<\/strong><\/p>\n\n\n\n<p>5.1. Os dados recebidos e enviados para nosso servidor s\u00e3o criptografados e realizados em ambiente seguro, dificultando ao m\u00e1ximo intercepta\u00e7\u00f5es. Esteja ciente que, embora exista um grande esfor\u00e7o para manter e fornecer ambientes seguros para as informa\u00e7\u00f5es processadas, nenhum sistema de seguran\u00e7a pode garantir que todas as viola\u00e7\u00f5es em potencial estejam resguardadas.<\/p>\n\n\n\n<p>5.2. O acesso \u00e0s informa\u00e7\u00f5es coletadas est\u00e1 restrito aos funcion\u00e1rios autorizados para o uso adequado desses dados. A utiliza\u00e7\u00e3o indevida dessas informa\u00e7\u00f5es fere esta pol\u00edtica de privacidade e demais pol\u00edticas internas, estando sujeita \u00e0s penalidades previstas em lei.<\/p>\n\n\n\n<p>5.3. Ser\u00e1 exigida de toda empresa contratada para prover servi\u00e7os de apoio, o cumprimento aos nossos padr\u00f5es de privacidade e seguran\u00e7a da informa\u00e7\u00e3o.<\/p>\n\n\n\n<p><strong>6. ALTERA\u00c7\u00d5ES DESTA POL\u00cdTICA DE PRIVACIDADE<\/strong><\/p>\n\n\n\n<p>6.1. Como esta pol\u00edtica de privacidade est\u00e1 sujeita a eventuais atualiza\u00e7\u00f5es devido ao nosso compromisso com a melhoria cont\u00ednua, recomendamos que ela seja consultada periodicamente.<\/p>\n\n\n\n<p><strong>7. CONTATO<\/strong><\/p>\n\n\n\n<p>7.1. Se voc\u00ea tiver qualquer d\u00favida ou sugest\u00e3o em rela\u00e7\u00e3o a esta pol\u00edtica de privacidade,&nbsp;entre em contato.<\/p>\n","protected":false},"excerpt":{"rendered":"<p>Para n\u00f3s, sua privacidade \u00e9 extremamente importante. Por isso, o objetivo da nossa pol\u00edtica de privacidade \u00e9 explicar com a m\u00e1xima transpar\u00eancia como coletamos e utilizamos as informa\u00e7\u00f5es dos usu\u00e1rios do nosso site. Ao navegar em nosso site, voc\u00ea concorda com todas as condi\u00e7\u00f5es aqui expostas, ciente de que poderemos atualizar a presente pol\u00edtica de &hellip; <a href=\"https:\/\/infosfera.inf.br\/infosfera2025\/politica-de-privacidade\/\" class=\"more-link\">Continue reading<span class=\"screen-reader-text\"> &#8220;Pol\u00edtica de privacidade&#8221;<\/span><\/a><\/p>\n","protected":false},"author":1,"featured_media":0,"parent":0,"menu_order":0,"comment_status":"closed","ping_status":"open","template":"","meta":{"_acf_changed":false,"footnotes":""},"class_list":["post-3","page","type-page","status-publish","hentry"],"acf":[],"_links":{"self":[{"href":"https:\/\/infosfera.inf.br\/infosfera2025\/wp-json\/wp\/v2\/pages\/3","targetHints":{"allow":["GET"]}}],"collection":[{"href":"https:\/\/infosfera.inf.br\/infosfera2025\/wp-json\/wp\/v2\/pages"}],"about":[{"href":"https:\/\/infosfera.inf.br\/infosfera2025\/wp-json\/wp\/v2\/types\/page"}],"author":[{"embeddable":true,"href":"https:\/\/infosfera.inf.br\/infosfera2025\/wp-json\/wp\/v2\/users\/1"}],"replies":[{"embeddable":true,"href":"https:\/\/infosfera.inf.br\/infosfera2025\/wp-json\/wp\/v2\/comments?post=3"}],"version-history":[{"count":1,"href":"https:\/\/infosfera.inf.br\/infosfera2025\/wp-json\/wp\/v2\/pages\/3\/revisions"}],"predecessor-version":[{"id":195,"href":"https:\/\/infosfera.inf.br\/infosfera2025\/wp-json\/wp\/v2\/pages\/3\/revisions\/195"}],"wp:attachment":[{"href":"https:\/\/infosfera.inf.br\/infosfera2025\/wp-json\/wp\/v2\/media?parent=3"}],"curies":[{"name":"wp","href":"https:\/\/api.w.org\/{rel}","templated":true}]}}