{"id":319,"date":"2025-08-11T11:34:32","date_gmt":"2025-08-11T14:34:32","guid":{"rendered":"https:\/\/infosfera.inf.br\/infosfera2025\/?page_id=319"},"modified":"2025-10-23T08:46:12","modified_gmt":"2025-10-23T11:46:12","slug":"inscricoes","status":"publish","type":"page","link":"https:\/\/infosfera.inf.br\/infosfera2025\/inscricoes\/","title":{"rendered":"Inscri\u00e7\u00f5es (Encerradas)"},"content":{"rendered":"\n<p><strong>As inscri\u00e7\u00f5es para participa\u00e7\u00e3o no Infosfera 2025 s\u00e3o gratuitas e dever\u00e3o ser realizadas nos seguintes per\u00edodos:<\/strong><\/p>\n\n\n\n<ul class=\"wp-block-list\">\n<li>de 10\/07\/2025 a 30\/09\/2025 para congressistas autores ou coautores de resumos selecionados; e<\/li>\n\n\n\n<li>de 10\/07\/2025 a 17\/10\/2025 para demais congressistas, incluindo convidados, ouvintes e p\u00fablico em geral.<\/li>\n<\/ul>\n\n\n\n<p><strong>Participa\u00e7\u00e3o Presencial em Curitiba\/PR, Brasil.<\/strong><\/p>\n\n\n\n<p><strong>Escolha a modalidade de inscri\u00e7\u00e3o apropriada para o seu perfil:<\/strong><\/p>\n\n\n\n<figure class=\"wp-block-table\"><table class=\"has-fixed-layout\"><thead><tr><td>Modalidade 1A<br><strong>Programa\u00e7\u00e3o Completa<\/strong><br>[M\u00f3dulo Acad\u00eamico e M\u00f3dulo Profissional]\n\t\t\t\t<\/td><td class=\"has-text-align-left\" data-align=\"left\">Modalidade 1B<br><strong>Programa\u00e7\u00e3o\n\t\t\t\t\t\tCompleta<\/strong><br>[M\u00f3dulo Acad\u00eamico e M\u00f3dulo Profissional]<\/td><td>Modalidade 2<br><strong>Programa\u00e7\u00e3o Parcial<\/strong><br>[apenas M\u00f3dulo Profissional]<\/td><\/tr><\/thead><tbody><tr><td><strong>Inscri\u00e7\u00e3o gratuita<\/strong><\/td><td class=\"has-text-align-left\" data-align=\"left\"><strong>Inscri\u00e7\u00e3o gratuita<\/strong><\/td><td><strong>Inscri\u00e7\u00e3o gratuita<\/strong><\/td><\/tr><tr><td>Essa modalidade de inscri\u00e7\u00e3o \u00e9 destinada, exclusivamente,\n\t\t\t\t\ta&nbsp;<strong>autores<\/strong>&nbsp;e&nbsp;<strong>coautores<\/strong>&nbsp;de resumos selecionados.\n\t\t\t\t\tAssegura participar da programa\u00e7\u00e3o completa do Infosfera 2025, incluindo as atividades do m\u00f3dulo\n\t\t\t\t\tacad\u00eamico e profissional.<\/td><td class=\"has-text-align-left\" data-align=\"left\">Indicada aos <strong>congressistas n\u00e3o-autores,\n\t\t\t\t\t\tconvidados, ouvintes ou p\u00fablico em geral<\/strong> que desejarem participar da programa\u00e7\u00e3o\n\t\t\t\t\tcompleta do Infosfera 2025, incluindo as atividades do <strong>m\u00f3dulo acad\u00eamico e\n\t\t\t\t\t\tprofissional<\/strong>. Se voc\u00ea \u00e9 autor ou coautor de resumo selecionado, utilize a Modalidade\n\t\t\t\t\t1A.<\/td><td>Essa modalidade de inscri\u00e7\u00e3o \u00e9 destinada, exclusivamente, a <strong>congressistas n\u00e3o-autores,\n\t\t\t\t\t\tconvidados, ouvintes ou p\u00fablico em geral<\/strong> que desejarem participar apenas do\n\t\t\t\t\t<strong>m\u00f3dulo profissional<\/strong> da programa\u00e7\u00e3o do Infosfera 2025 (dia 21\/10, a partir das\n\t\t\t\t\t14h00). &nbsp; Se voc\u00ea \u00e9 autor ou coautor de resumo selecionado, utilize a Modalidade 1A.<\/td><\/tr><\/tbody><\/table><figcaption class=\"wp-element-caption\">Verifique as condi\u00e7\u00f5es de certifica\u00e7\u00e3o para cada modalidade.<\/figcaption><\/figure>\n\n\n\n<div style=\"height:20px\" aria-hidden=\"true\" class=\"wp-block-spacer\"><\/div>\n\n\n\n<div class=\"wp-block-buttons is-content-justification-center is-layout-flex wp-container-core-buttons-is-layout-16018d1d wp-block-buttons-is-layout-flex\">\n<div class=\"wp-block-button\"><a class=\"wp-block-button__link wp-element-button\" href=\"https:\/\/doity.com.br\/infosfera2025\">Inscreva-se<\/a><\/div>\n<\/div>\n\n\n\n<div style=\"height:20px\" aria-hidden=\"true\" class=\"wp-block-spacer\"><\/div>\n\n\n\n<h2 class=\"wp-block-heading\"><strong>Benef\u00edcios<\/strong><\/h2>\n\n\n\n<p><strong>Benef\u00edcios da inscri\u00e7\u00e3o:<\/strong><\/p>\n\n\n\n<ul class=\"wp-block-list\">\n<li>acompanhar toda a programa\u00e7\u00e3o do evento, incluindo o acesso \u00e0 todas as sess\u00f5es de apresenta\u00e7\u00e3o de trabalhos, todos os pain\u00e9is tem\u00e1ticos, apresenta\u00e7\u00e3o de boas pr\u00e1ticas e sess\u00e3o solene;<\/li>\n\n\n\n<li>certificado de participa\u00e7\u00e3o (com indica\u00e7\u00e3o de carga hor\u00e1ria); e<\/li>\n\n\n\n<li>kit do participante e coffee break.<\/li>\n<\/ul>\n\n\n\n<p><strong>Autores ou coautores de trabalhos aprovados no Infosfera 2025, ter\u00e3o direito ainda a:<\/strong><\/p>\n\n\n\n<ul class=\"wp-block-list\">\n<li>certificado de apresenta\u00e7\u00e3o de trabalho (se apresentado em sess\u00e3o prevista na programa\u00e7\u00e3o);<\/li>\n\n\n\n<li>inclus\u00e3o do resumo expandido nos anais do Infosfera 2025.<\/li>\n<\/ul>\n\n\n\n<p><strong>Autores ou coautores de boas pr\u00e1ticas selecionadas para o Pr\u00eamio Infosfera 2025, ter\u00e3o direito ainda a:<\/strong><\/p>\n\n\n\n<ul class=\"wp-block-list\">\n<li>certificado de apresenta\u00e7\u00e3o de boa pr\u00e1tica (se apresentada em sess\u00e3o prevista na programa\u00e7\u00e3o);<\/li>\n\n\n\n<li>inclus\u00e3o na Plataforma de Boas Pr\u00e1ticas da Infosfera;<\/li>\n\n\n\n<li>divulga\u00e7\u00e3o no site do Pr\u00eamio Infosfera;<\/li>\n\n\n\n<li>men\u00e7\u00e3o honrosa;<\/li>\n\n\n\n<li>trof\u00e9u Infosfera 2025 (ser\u00e1 entregue apenas \u00e0 boa pr\u00e1tica vencedora do Pr\u00eamio).<\/li>\n<\/ul>\n\n\n\n<div style=\"height:20px\" aria-hidden=\"true\" class=\"wp-block-spacer\"><\/div>\n\n\n\n<div class=\"wp-block-buttons is-content-justification-center is-layout-flex wp-container-core-buttons-is-layout-16018d1d wp-block-buttons-is-layout-flex\">\n<div class=\"wp-block-button\"><a class=\"wp-block-button__link wp-element-button\" href=\"https:\/\/doity.com.br\/infosfera2025\">Inscreva-se<\/a><\/div>\n<\/div>\n\n\n\n<div style=\"height:20px\" aria-hidden=\"true\" class=\"wp-block-spacer\"><\/div>\n\n\n\n<h3 class=\"wp-block-heading\" id=\"certificados-participacao\"><strong>Certificados de participa\u00e7\u00e3o<\/strong><\/h3>\n\n\n\n<p>Para congressistas autores ou coautores de resumos selecionados ou demais inscritos na Modalidade 1A ou 1B, a obten\u00e7\u00e3o do certificado de participa\u00e7\u00e3o no evento est\u00e1 condicionada \u00e0 frequ\u00eancia m\u00ednima nas atividades do Infosfera 2025. Para tanto, \u00e9 necess\u00e1rio cumprir os seguintes requisitos: a) Participa\u00e7\u00e3o em pelo menos 2 (dois) Pain\u00e9is Tem\u00e1ticos; b) Participa\u00e7\u00e3o em pelo menos 3 (tr\u00eas) sess\u00f5es de apresenta\u00e7\u00e3o de trabalho; c) Participa\u00e7\u00e3o na Sess\u00e3o Solene. No certificado, constar\u00e1 participa\u00e7\u00e3o no Infosfera 2025, com especifica\u00e7\u00e3o de atividades e carga hor\u00e1ria dedicada ao Encontro de Gest\u00e3o da Informa\u00e7\u00e3o na Esfera P\u00fablica e no Simp\u00f3sio de Boas Pr\u00e1ticas de Gest\u00e3o da Informa\u00e7\u00e3o na Esfera P\u00fablica que corresponde, respectivamente, aos m\u00f3dulos acad\u00eamico e profissional do evento.<\/p>\n\n\n\n<p>Para demais congressistas, incluindo convidados, ouvintes e p\u00fablico em geral, inscritos na Modalidade 2, a obten\u00e7\u00e3o do certificado de participa\u00e7\u00e3o no evento est\u00e1 condicionada \u00e0 frequ\u00eancia m\u00ednima nas atividades do Infosfera 2025, sendo necess\u00e1rio cumprir com, pelo menos, os seguintes requisitos: a) Participa\u00e7\u00e3o em pelo menos 1 (um) Painel Tem\u00e1tico; b) Participa\u00e7\u00e3o na Sess\u00e3o Solene. No certificado, constar\u00e1 participa\u00e7\u00e3o no Infosfera 2025, com especifica\u00e7\u00e3o de atividades e carga hor\u00e1ria dedicada ao Simp\u00f3sio de Boas Pr\u00e1ticas de Gest\u00e3o da Informa\u00e7\u00e3o na Esfera P\u00fablica, que corresponde ao m\u00f3dulo profissional do evento.<\/p>\n\n\n\n<h3 class=\"wp-block-heading\"><strong>Mantenha-se atualizado!<\/strong><\/h3>\n\n\n\n<p><strong>Siga nossas redes<\/strong><\/p>\n","protected":false},"excerpt":{"rendered":"<p>As inscri\u00e7\u00f5es para participa\u00e7\u00e3o no Infosfera 2025 s\u00e3o gratuitas e dever\u00e3o ser realizadas nos seguintes per\u00edodos: Participa\u00e7\u00e3o Presencial em Curitiba\/PR, Brasil. Escolha a modalidade de inscri\u00e7\u00e3o apropriada para o seu perfil: Modalidade 1APrograma\u00e7\u00e3o Completa[M\u00f3dulo Acad\u00eamico e M\u00f3dulo Profissional] Modalidade 1BPrograma\u00e7\u00e3o Completa[M\u00f3dulo Acad\u00eamico e M\u00f3dulo Profissional] Modalidade 2Programa\u00e7\u00e3o Parcial[apenas M\u00f3dulo Profissional] Inscri\u00e7\u00e3o gratuita Inscri\u00e7\u00e3o gratuita Inscri\u00e7\u00e3o &hellip; <a href=\"https:\/\/infosfera.inf.br\/infosfera2025\/inscricoes\/\" class=\"more-link\">Continue reading<span class=\"screen-reader-text\"> &#8220;Inscri\u00e7\u00f5es (Encerradas)&#8221;<\/span><\/a><\/p>\n","protected":false},"author":1,"featured_media":0,"parent":0,"menu_order":0,"comment_status":"closed","ping_status":"closed","template":"","meta":{"_acf_changed":false,"footnotes":""},"class_list":["post-319","page","type-page","status-publish","hentry"],"acf":[],"_links":{"self":[{"href":"https:\/\/infosfera.inf.br\/infosfera2025\/wp-json\/wp\/v2\/pages\/319","targetHints":{"allow":["GET"]}}],"collection":[{"href":"https:\/\/infosfera.inf.br\/infosfera2025\/wp-json\/wp\/v2\/pages"}],"about":[{"href":"https:\/\/infosfera.inf.br\/infosfera2025\/wp-json\/wp\/v2\/types\/page"}],"author":[{"embeddable":true,"href":"https:\/\/infosfera.inf.br\/infosfera2025\/wp-json\/wp\/v2\/users\/1"}],"replies":[{"embeddable":true,"href":"https:\/\/infosfera.inf.br\/infosfera2025\/wp-json\/wp\/v2\/comments?post=319"}],"version-history":[{"count":18,"href":"https:\/\/infosfera.inf.br\/infosfera2025\/wp-json\/wp\/v2\/pages\/319\/revisions"}],"predecessor-version":[{"id":812,"href":"https:\/\/infosfera.inf.br\/infosfera2025\/wp-json\/wp\/v2\/pages\/319\/revisions\/812"}],"wp:attachment":[{"href":"https:\/\/infosfera.inf.br\/infosfera2025\/wp-json\/wp\/v2\/media?parent=319"}],"curies":[{"name":"wp","href":"https:\/\/api.w.org\/{rel}","templated":true}]}}