{"id":522,"date":"2025-10-05T10:10:45","date_gmt":"2025-10-05T13:10:45","guid":{"rendered":"https:\/\/infosfera.inf.br\/infosfera2025\/?page_id=522"},"modified":"2025-10-14T16:12:27","modified_gmt":"2025-10-14T19:12:27","slug":"sessao-1-transformacao-digital-e-processos","status":"publish","type":"page","link":"https:\/\/infosfera.inf.br\/infosfera2025\/sessao-1-transformacao-digital-e-processos\/","title":{"rendered":"Sess\u00e3o 1 &#8211; Transforma\u00e7\u00e3o Digital e Processos"},"content":{"rendered":"\n<p><strong>20\/10\/2025 \u2022 10h \u00e0s 11h30<\/strong><br><strong>Local:<\/strong> Sala 112<br><strong>Media\u00e7\u00e3o: <\/strong>Bruno Batista de Carvalho Luz (UEGO)<\/p>\n\n\n\n<hr class=\"wp-block-separator has-alpha-channel-opacity\"\/>\n\n\n\n<h3 class=\"wp-block-heading mb-1\">Modelagem de processo como instrumento para a melhoria da gest\u00e3o p\u00fablica em sa\u00fade: uma aplica\u00e7\u00e3o na auditoria do SUS.<\/h3>\n\n\n\n<p><strong>Autoria:<\/strong> Caroline Maestri Nobre Albini, Aline Cerqueira Cruz\n<br><strong>Afilia\u00e7\u00e3o:<\/strong> Minist\u00e9rio da Sa\u00fade\/ Universidade Federal do Paran\u00e1\/ Secretaria de Estado de Sa\u00fade de Minas Gerais<\/p>\n\n\n\n<hr class=\"wp-block-separator has-alpha-channel-opacity\"\/>\n\n\n\n<h3 class=\"wp-block-heading mb-1\">Filas e Restri\u00e7\u00f5es Informacionais: Impactos na Gest\u00e3o de Processos e Projetos Institucionais<\/h3>\n\n\n\n<p><strong>Autoria:<\/strong> Luiz Wagner dos Anjos, Jos\u00e9 Marcelo Almeida Prado Cestari\n<br><strong>Afilia\u00e7\u00e3o:<\/strong> Universidade Federal do Paran\u00e1<\/p>\n\n\n\n<hr class=\"wp-block-separator has-alpha-channel-opacity\"\/>\n\n\n\n<h3 class=\"wp-block-heading mb-1\">Do sensemaking ao lock in cognitivo: a falta de modelos de gest\u00e3o de riscos informacionais como fator de avers\u00e3o \u00e0 inova\u00e7\u00e3o no Setor P\u00fablico Brasileiro<\/h3>\n\n\n\n<p><strong>Autoria:<\/strong> Carolina Wunsch Marcelino, Douglas Eduardo Basso\n<br><strong>Afilia\u00e7\u00e3o:<\/strong> Universidade Federal do Paran\u00e1, Tribunal de Contas do Estado do Paran\u00e1<\/p>\n\n\n\n<hr class=\"wp-block-separator has-alpha-channel-opacity\"\/>\n\n\n\n<h3 class=\"wp-block-heading mb-1\">Cria\u00e7\u00e3o de valor p\u00fablico por meio da tecnologia digital<\/h3>\n\n\n\n<p><strong>Autoria:<\/strong> Leandra Maria Ortigara, Taiane Ritta Coelho, Marcia Regina Martelozo Cassitas Hino\n<br><strong>Afilia\u00e7\u00e3o:<\/strong> UFPR-Universidade Federal do Paran\u00e1<\/p>\n\n\n\n<hr class=\"wp-block-separator has-alpha-channel-opacity\"\/>\n\n\n\n<ul class=\"wp-block-navigation\">\n\t<li class=\"d-none\"><a href=\"https:\/\/infosfera.inf.br\/infosfera2025\/sessao-1-transformacao-digital-e-processos\/\"><strong>Sess\u00e3o 1<\/strong> Transforma\u00e7\u00e3o Digital e\n\t\t\t\tProcessos<\/a><\/li>\n\t<li><a href=\"https:\/\/infosfera.inf.br\/infosfera2025\/sessao-2-transparencia-e-governanca-digital\/\" data-type=\"page\" data-id=\"589\"><strong>Sess\u00e3o 2<\/strong> Transpar\u00eancia e Governan\u00e7a Digital<\/a><\/li>\n<\/ul>\n","protected":false},"excerpt":{"rendered":"<p>20\/10\/2025 \u2022 10h \u00e0s 11h30Local: Sala 112Media\u00e7\u00e3o: Bruno Batista de Carvalho Luz (UEGO) Modelagem de processo como instrumento para a melhoria da gest\u00e3o p\u00fablica em sa\u00fade: uma aplica\u00e7\u00e3o na auditoria do SUS. Autoria: Caroline Maestri Nobre Albini, Aline Cerqueira Cruz Afilia\u00e7\u00e3o: Minist\u00e9rio da Sa\u00fade\/ Universidade Federal do Paran\u00e1\/ Secretaria de Estado de Sa\u00fade de Minas &hellip; <a href=\"https:\/\/infosfera.inf.br\/infosfera2025\/sessao-1-transformacao-digital-e-processos\/\" class=\"more-link\">Continue reading<span class=\"screen-reader-text\"> &#8220;Sess\u00e3o 1 &#8211; Transforma\u00e7\u00e3o Digital e Processos&#8221;<\/span><\/a><\/p>\n","protected":false},"author":1,"featured_media":0,"parent":0,"menu_order":0,"comment_status":"closed","ping_status":"closed","template":"","meta":{"_acf_changed":false,"footnotes":""},"class_list":["post-522","page","type-page","status-publish","hentry"],"acf":[],"_links":{"self":[{"href":"https:\/\/infosfera.inf.br\/infosfera2025\/wp-json\/wp\/v2\/pages\/522","targetHints":{"allow":["GET"]}}],"collection":[{"href":"https:\/\/infosfera.inf.br\/infosfera2025\/wp-json\/wp\/v2\/pages"}],"about":[{"href":"https:\/\/infosfera.inf.br\/infosfera2025\/wp-json\/wp\/v2\/types\/page"}],"author":[{"embeddable":true,"href":"https:\/\/infosfera.inf.br\/infosfera2025\/wp-json\/wp\/v2\/users\/1"}],"replies":[{"embeddable":true,"href":"https:\/\/infosfera.inf.br\/infosfera2025\/wp-json\/wp\/v2\/comments?post=522"}],"version-history":[{"count":21,"href":"https:\/\/infosfera.inf.br\/infosfera2025\/wp-json\/wp\/v2\/pages\/522\/revisions"}],"predecessor-version":[{"id":770,"href":"https:\/\/infosfera.inf.br\/infosfera2025\/wp-json\/wp\/v2\/pages\/522\/revisions\/770"}],"wp:attachment":[{"href":"https:\/\/infosfera.inf.br\/infosfera2025\/wp-json\/wp\/v2\/media?parent=522"}],"curies":[{"name":"wp","href":"https:\/\/api.w.org\/{rel}","templated":true}]}}