{"id":538,"date":"2025-10-05T18:17:48","date_gmt":"2025-10-05T21:17:48","guid":{"rendered":"https:\/\/infosfera.inf.br\/infosfera2025\/?page_id=538"},"modified":"2025-10-23T09:33:11","modified_gmt":"2025-10-23T12:33:11","slug":"praticas-premiadas","status":"publish","type":"page","link":"https:\/\/infosfera.inf.br\/infosfera2025\/praticas-premiadas\/","title":{"rendered":"Pr\u00eamio Infosfera: conhe\u00e7a as pr\u00e1ticas vencedoras"},"content":{"rendered":"\n<p>O Congresso de Gest\u00e3o da Informa\u00e7\u00e3o na Esfera P\u00fablica, realizado em Curitiba nos dias 20 e 21 de outubro, culminou em uma Sess\u00e3o Solene memor\u00e1vel que celebrou o <strong>Pr\u00eamio Infosfera<\/strong> <strong>2025<\/strong>. A iniciativa, que busca reconhecer e dar visibilidade \u00e0s melhores pr\u00e1ticas em gest\u00e3o da informa\u00e7\u00e3o em institui\u00e7\u00f5es p\u00fablicas, revelou projetos de grande relev\u00e2ncia e impacto para o setor.<\/p>\n\n\n\n<p>O <strong>Pr\u00eamio Infosfera<\/strong> destacou a excel\u00eancia e a inova\u00e7\u00e3o em diversas \u00e1reas da gest\u00e3o informacional, refor\u00e7ando compromissos com a transpar\u00eancia, governan\u00e7a e uso estrat\u00e9gico de dados no servi\u00e7o p\u00fablico.<\/p>\n\n\n\n<div style=\"height:34px\" aria-hidden=\"true\" class=\"wp-block-spacer\"><\/div>\n\n\n\n<hr class=\"wp-block-separator has-alpha-channel-opacity is-style-default\"\/>\n\n\n\n<h2 class=\"wp-block-heading mb-1\">Pr\u00eamio Infosfera 2025 &#8211; Grande Pr\u00eamio<\/h2>\n\n\n\n<div style=\"height:20px\" aria-hidden=\"true\" class=\"wp-block-spacer\"><\/div>\n\n\n\n<h3 class=\"wp-block-heading mb-1\"><strong>Transpar\u00eancia orientada por evid\u00eancias: a evolu\u00e7\u00e3o do Portal da Transpar\u00eancia Rio a partir de avalia\u00e7\u00f5es de desempenho<\/strong><\/h3>\n\n\n\n<p>Prefeitura da Cidade do Rio de Janeiro<br><em>Kelly Ferreira Esch, Laura Fantti Davilla Serpa, L\u00e1isa Pontes Teixeira Lisboa Martins, Fernanda de Lima P\u00e9rez<br><\/em><\/p>\n\n\n\n<hr class=\"wp-block-separator has-alpha-channel-opacity is-style-default\"\/>\n\n\n\n<h2 class=\"wp-block-heading mb-1\">Destaque Paran\u00e1<\/h2>\n\n\n\n<div style=\"height:20px\" aria-hidden=\"true\" class=\"wp-block-spacer\"><\/div>\n\n\n\n<h3 class=\"wp-block-heading mb-1\"><strong>Compartilhamento de Dados Interinstitucionais como Estrat\u00e9gia de Compliance Fiscal Cooperativo<\/strong><\/h3>\n\n\n\n<p>Prefeitura Municipal de Pinhais\/PR, Departamento de Rendas Mobili\u00e1rias da Secretaria Municipal de Planejamento, Finan\u00e7as e Or\u00e7amento<br><em>Ricardo Shigueru Fujiwara, Denis Offmann, Givanildo dos Santos Lima, Fabr\u00edcio Aparecido Gon\u00e7alves, Maristela de Oliveira Rivabem<\/em><\/p>\n\n\n\n<hr class=\"wp-block-separator has-alpha-channel-opacity is-style-default\"\/>\n\n\n\n<h2 class=\"wp-block-heading mb-1\">Refer\u00eancia em Boas Pr\u00e1ticas<\/h2>\n\n\n\n<div style=\"height:20px\" aria-hidden=\"true\" class=\"wp-block-spacer\"><\/div>\n\n\n\n<h3 class=\"wp-block-heading mb-1\"><strong>Normas.leg.br<\/strong><\/h3>\n\n\n\n<p>Senado Federal<br><em>Jo\u00e3o Alberto de Oliveira Lima<\/em><\/p>\n\n\n\n<p><\/p>\n\n\n\n<h3 class=\"wp-block-heading mb-1\"><strong>Investiga\u00e7\u00e3o a partir de sistemas de informa\u00e7\u00f5es das emendas parlamentares de sa\u00fade destinadas aos munic\u00edpios maranhenses<\/strong><\/h3>\n\n\n\n<p>Minist\u00e9rio P\u00fablico Federal do Maranh\u00e3o<br><em>Juraci Guimar\u00e3es Junior<\/em><\/p>\n\n\n\n<p><\/p>\n\n\n\n<hr class=\"wp-block-separator has-alpha-channel-opacity is-style-default\"\/>\n\n\n\n<h2 class=\"wp-block-heading mb-1\">Men\u00e7\u00f5es Honrosas<\/h2>\n\n\n\n<div style=\"height:20px\" aria-hidden=\"true\" class=\"wp-block-spacer\"><\/div>\n\n\n\n<h3 class=\"wp-block-heading mb-1\"><strong>Painel ID: Dados, um caminho para a cidadania<\/strong><\/h3>\n\n\n\n<p>Secretaria de Governo Digital \/ Minist\u00e9rio da Gest\u00e3o e da Inova\u00e7\u00e3o em Servi\u00e7os P\u00fablicos<br><em>Hudson Vinicius Mesquita, Simone Cabanelas Martinez, Thiara dos Santos Alves, Bianca Izumi Maeda, Beatriz Aleixo Bezerra de Sales<\/em><\/p>\n\n\n\n<p><\/p>\n\n\n\n<h3 class=\"wp-block-heading mb-1\"><strong>Projeto &#8211; TRE-RN Simples Assim: Justi\u00e7a para Voc\u00ea!<\/strong><\/h3>\n\n\n\n<p>Tribunal Regional Eleitoral do Rio Grande do Norte<br><em>Andr\u00e9a Carla Guedes Toscano Campos<\/em><\/p>\n\n\n\n<p><\/p>\n\n\n\n<h3 class=\"wp-block-heading mb-1\"><strong>NEM: N\u00facleo de Estat\u00edstica Municipal<\/strong><\/h3>\n\n\n\n<p>Prefeitura Municipal de Sant&#8217;Ana do Livramento\/RS<br><em>Rafael Damasceno de Camargo, Bianca Borger Lussani, Felipe Gomes Madruga<\/em><\/p>\n\n\n\n<p><\/p>\n\n\n\n<h3 class=\"wp-block-heading mb-1\"><strong>Boas Pr\u00e1ticas na Gest\u00e3o de Grupo de Trabalho Remoto para An\u00e1lise de Processos Judiciais Antigos no TRE Goi\u00e1s<\/strong><\/h3>\n\n\n\n<p>Tribunal Regional Eleitoral de Goi\u00e1s<br><em>Vitor Carneiro Ramos, Patrick Letouze, Jos\u00e9 Carlos Lucio Maia, Ilana Murici Ayres, Rodrigo de Melo Brustolin<\/em><\/p>\n\n\n\n<p><\/p>\n\n\n\n<h3 class=\"wp-block-heading mb-1\"><strong>Inova\u00e7\u00e3o e Gest\u00e3o no Poder Judici\u00e1rio: Uma Abordagem Emp\u00edrica com Intelig\u00eancia Artificial Generativa para Otimiza\u00e7\u00e3o e Gest\u00e3o de Riscos de Processos<\/strong><\/h3>\n\n\n\n<p>Tribunal Regional Eleitoral de S\u00e3o Paulo<br><em>Lu\u00eds Felipe de Oliveira Reis<\/em><\/p>\n\n\n\n<p><\/p>\n\n\n\n<h3 class=\"wp-block-heading mb-1\"><strong>Muralha Digital &#8211; CIOSP (Centro Integrado de Opera\u00e7\u00f5es de Seguran\u00e7a P\u00fablica)<\/strong><\/h3>\n\n\n\n<p>Prefeitura Municipal de Campo Largo\/PR<br><em>Fabiano Arruda Bianchinho<\/em><\/p>\n\n\n\n<p><\/p>\n\n\n\n<h3 class=\"wp-block-heading mb-1\"><strong>Painel e Indicador de Maturidade do Plano Plurianual das Entidades Municipais do Estado do Paran\u00e1<\/strong><\/h3>\n\n\n\n<p>Tribunal de Contas do Estado do Paran\u00e1<br><em>Robson Fernandes Soares, Rafael Morais Gon\u00e7alves Ayres, Fabio Junior Damacena, Douglas Nascimento de Oliveira, Vinicius Garcia Pimenta<\/em><\/p>\n\n\n\n<p><\/p>\n\n\n\n<hr class=\"wp-block-separator has-alpha-channel-opacity\"\/>\n\n\n\n<div style=\"height:30px\" aria-hidden=\"true\" class=\"wp-block-spacer\"><\/div>\n\n\n\n<div class=\"wp-block-buttons is-layout-flex wp-block-buttons-is-layout-flex\">\n<div class=\"wp-block-button\"><a class=\"wp-block-button__link wp-element-button\" href=\"https:\/\/premio.infosfera.inf.br\/\">Saiba mais<\/a><\/div>\n<\/div>\n\n\n\n<p><\/p>\n","protected":false},"excerpt":{"rendered":"<p>O Congresso de Gest\u00e3o da Informa\u00e7\u00e3o na Esfera P\u00fablica, realizado em Curitiba nos dias 20 e 21 de outubro, culminou em uma Sess\u00e3o Solene memor\u00e1vel que celebrou o Pr\u00eamio Infosfera 2025. A iniciativa, que busca reconhecer e dar visibilidade \u00e0s melhores pr\u00e1ticas em gest\u00e3o da informa\u00e7\u00e3o em institui\u00e7\u00f5es p\u00fablicas, revelou projetos de grande relev\u00e2ncia e &hellip; <a href=\"https:\/\/infosfera.inf.br\/infosfera2025\/praticas-premiadas\/\" class=\"more-link\">Continue reading<span class=\"screen-reader-text\"> &#8220;Pr\u00eamio Infosfera: conhe\u00e7a as pr\u00e1ticas vencedoras&#8221;<\/span><\/a><\/p>\n","protected":false},"author":1,"featured_media":0,"parent":0,"menu_order":0,"comment_status":"closed","ping_status":"closed","template":"","meta":{"_acf_changed":false,"footnotes":""},"class_list":["post-538","page","type-page","status-publish","hentry"],"acf":[],"_links":{"self":[{"href":"https:\/\/infosfera.inf.br\/infosfera2025\/wp-json\/wp\/v2\/pages\/538","targetHints":{"allow":["GET"]}}],"collection":[{"href":"https:\/\/infosfera.inf.br\/infosfera2025\/wp-json\/wp\/v2\/pages"}],"about":[{"href":"https:\/\/infosfera.inf.br\/infosfera2025\/wp-json\/wp\/v2\/types\/page"}],"author":[{"embeddable":true,"href":"https:\/\/infosfera.inf.br\/infosfera2025\/wp-json\/wp\/v2\/users\/1"}],"replies":[{"embeddable":true,"href":"https:\/\/infosfera.inf.br\/infosfera2025\/wp-json\/wp\/v2\/comments?post=538"}],"version-history":[{"count":9,"href":"https:\/\/infosfera.inf.br\/infosfera2025\/wp-json\/wp\/v2\/pages\/538\/revisions"}],"predecessor-version":[{"id":819,"href":"https:\/\/infosfera.inf.br\/infosfera2025\/wp-json\/wp\/v2\/pages\/538\/revisions\/819"}],"wp:attachment":[{"href":"https:\/\/infosfera.inf.br\/infosfera2025\/wp-json\/wp\/v2\/media?parent=538"}],"curies":[{"name":"wp","href":"https:\/\/api.w.org\/{rel}","templated":true}]}}