{"id":589,"date":"2025-10-05T13:58:47","date_gmt":"2025-10-05T16:58:47","guid":{"rendered":"https:\/\/infosfera.inf.br\/infosfera2025\/?page_id=589"},"modified":"2025-10-14T16:12:02","modified_gmt":"2025-10-14T19:12:02","slug":"sessao-2-transparencia-e-governanca-digital","status":"publish","type":"page","link":"https:\/\/infosfera.inf.br\/infosfera2025\/sessao-2-transparencia-e-governanca-digital\/","title":{"rendered":"Sess\u00e3o 2 &#8211; Transpar\u00eancia e Governan\u00e7a Digital"},"content":{"rendered":"\n<p><strong>20\/10\/2025 \u2022 10h \u00e0s 11h30<\/strong><br><strong>Local:<\/strong> Sala 113<br><strong>Media\u00e7\u00e3o: <\/strong>Elder Lopes Barboza (UFPR)<\/p>\n\n\n\n<hr class=\"wp-block-separator has-alpha-channel-opacity\"\/>\n\n\n\n<h3 class=\"wp-block-heading mb-1\">DEMOCRACIA PARTICIPATIVA, DIREITOS HUMANOS E TRANSPAR\u00caNCIA DIGITAL: UM ESTUDO DE CASO DA COMISS\u00c3O MUNICIPAL DE DIREITOS HUMANOS DE CURITIBA<\/h3>\n\n\n\n<p><strong>Autoria:<\/strong> Jacson Paulo Tessaro, Gabriel Henrique Ribeiro Gon\u00e7alves, Renan Dalla Lasta\n<br><strong>Afilia\u00e7\u00e3o:<\/strong> Jacson Paulo Tessaro, Mestrando em Pol\u00edticas P\u00fablicas na UFPR; Gabriel Henrique Ribeiro Gon\u00e7alves, Mestrando em Pol\u00edticas P\u00fablicas na UFPR; Renan Dalla Lasta, Bacharel em Direito pela UNIVALI<\/p>\n\n\n\n<hr class=\"wp-block-separator has-alpha-channel-opacity\"\/>\n\n\n\n<h3 class=\"wp-block-heading mb-1\">LGPD E LINGUAGEM COMUNICACIONAL: AN\u00c1LISE DAS POL\u00cdTICAS DE PRIVACIDADE DO AVAMEC E DO GOOGLE WORKSPACE FOR EDUCATION<\/h3>\n\n\n\n<p><strong>Autoria:<\/strong> Ana Paula de Medeiros Ribeiro, Andr\u00e9a Soares Rocha da Silva\n<br><strong>Afilia\u00e7\u00e3o:<\/strong> Universidade Federal do Cear\u00e1<\/p>\n\n\n\n<hr class=\"wp-block-separator has-alpha-channel-opacity\"\/>\n\n\n\n<h3 class=\"wp-block-heading mb-1\">TRANSPAR\u00caNCIA DIGITAL: UM ESTUDO DE CASO EM UM MUNIC\u00cdPIO NO ESTADO DO PARAN\u00c1<\/h3>\n\n\n\n<p><strong>Autoria:<\/strong> Diocesar Costa De Souza, Carlos Alberto Mar\u00e7al Gonzaga\n<br><strong>Afilia\u00e7\u00e3o:<\/strong> Universidade Estadual do Centro Oeste &#8211; UNICENTRO<\/p>\n\n\n\n<hr class=\"wp-block-separator has-alpha-channel-opacity\"\/>\n\n\n\n<h3 class=\"wp-block-heading mb-1\">MARCOS LEGAIS E GOVERNAN\u00c7A DA INFORMA\u00c7\u00c3O NO DISTRITO FEDERAL: Desafios e Perspectivas para o Sistema de Ci\u00eancia, Tecnologia e Inova\u00e7\u00e3o<\/h3>\n\n\n\n<p><strong>Autoria:<\/strong> Jo\u00e3o Pedro de Lima Oliveira, Thiago Gomes Nascimento, Breno Giovanni Adaid Castro, Henny Kamilla Ramos de Lima, F\u00e1bio Jacinto Barreto de Souza\n<br><strong>Afilia\u00e7\u00e3o:<\/strong> Universidade de Bras\u00edlia &#8211; UnB; Instituto Brasileiro de Ensino, Desenvolvimento e Pesquisa- IDP<\/p>\n\n\n\n<hr class=\"wp-block-separator has-alpha-channel-opacity\"\/>\n\n\n\n<ul class=\"wp-block-navigation\">\n\t<li><a href=\"https:\/\/infosfera.inf.br\/infosfera2025\/sessao-1-transformacao-digital-e-processos\/\"><strong>Sess\u00e3o 1<\/strong> Transforma\u00e7\u00e3o Digital e Processos<\/a><\/li>\n\t<li><a href=\"https:\/\/infosfera.inf.br\/infosfera2025\/sessao-3-inteligencia-de-dados-e-analytics\/\"><strong>Sess\u00e3o 3<\/strong> Intelig\u00eancia de Dados e Analytics<\/a><\/li>\n<\/ul>\n","protected":false},"excerpt":{"rendered":"<p>20\/10\/2025 \u2022 10h \u00e0s 11h30Local: Sala 113Media\u00e7\u00e3o: Elder Lopes Barboza (UFPR) DEMOCRACIA PARTICIPATIVA, DIREITOS HUMANOS E TRANSPAR\u00caNCIA DIGITAL: UM ESTUDO DE CASO DA COMISS\u00c3O MUNICIPAL DE DIREITOS HUMANOS DE CURITIBA Autoria: Jacson Paulo Tessaro, Gabriel Henrique Ribeiro Gon\u00e7alves, Renan Dalla Lasta Afilia\u00e7\u00e3o: Jacson Paulo Tessaro, Mestrando em Pol\u00edticas P\u00fablicas na UFPR; Gabriel Henrique Ribeiro Gon\u00e7alves, &hellip; <a href=\"https:\/\/infosfera.inf.br\/infosfera2025\/sessao-2-transparencia-e-governanca-digital\/\" class=\"more-link\">Continue reading<span class=\"screen-reader-text\"> &#8220;Sess\u00e3o 2 &#8211; Transpar\u00eancia e Governan\u00e7a Digital&#8221;<\/span><\/a><\/p>\n","protected":false},"author":1,"featured_media":0,"parent":0,"menu_order":0,"comment_status":"closed","ping_status":"closed","template":"","meta":{"_acf_changed":false,"footnotes":""},"class_list":["post-589","page","type-page","status-publish","hentry"],"acf":[],"_links":{"self":[{"href":"https:\/\/infosfera.inf.br\/infosfera2025\/wp-json\/wp\/v2\/pages\/589","targetHints":{"allow":["GET"]}}],"collection":[{"href":"https:\/\/infosfera.inf.br\/infosfera2025\/wp-json\/wp\/v2\/pages"}],"about":[{"href":"https:\/\/infosfera.inf.br\/infosfera2025\/wp-json\/wp\/v2\/types\/page"}],"author":[{"embeddable":true,"href":"https:\/\/infosfera.inf.br\/infosfera2025\/wp-json\/wp\/v2\/users\/1"}],"replies":[{"embeddable":true,"href":"https:\/\/infosfera.inf.br\/infosfera2025\/wp-json\/wp\/v2\/comments?post=589"}],"version-history":[{"count":8,"href":"https:\/\/infosfera.inf.br\/infosfera2025\/wp-json\/wp\/v2\/pages\/589\/revisions"}],"predecessor-version":[{"id":769,"href":"https:\/\/infosfera.inf.br\/infosfera2025\/wp-json\/wp\/v2\/pages\/589\/revisions\/769"}],"wp:attachment":[{"href":"https:\/\/infosfera.inf.br\/infosfera2025\/wp-json\/wp\/v2\/media?parent=589"}],"curies":[{"name":"wp","href":"https:\/\/api.w.org\/{rel}","templated":true}]}}