{"id":592,"date":"2025-10-05T14:00:00","date_gmt":"2025-10-05T17:00:00","guid":{"rendered":"https:\/\/infosfera.inf.br\/infosfera2025\/?page_id=592"},"modified":"2025-10-14T16:11:40","modified_gmt":"2025-10-14T19:11:40","slug":"sessao-3-inteligencia-de-dados-e-analytics","status":"publish","type":"page","link":"https:\/\/infosfera.inf.br\/infosfera2025\/sessao-3-inteligencia-de-dados-e-analytics\/","title":{"rendered":"Sess\u00e3o 3 &#8211; Intelig\u00eancia de Dados e Analytics"},"content":{"rendered":"\n<p><strong>20\/10\/2025 \u2022 10h \u00e0s 11h30<\/strong><br><strong>Local:<\/strong> Sala 108<br><strong>Media\u00e7\u00e3o: <\/strong>Luciano Heitor Gallegos Marin (UFPR)<\/p>\n\n\n\n<hr class=\"wp-block-separator has-alpha-channel-opacity\"\/>\n\n\n\n<h3 class=\"wp-block-heading mb-1\">O USO DA LINGUAGEM DE PROGRAMA\u00c7\u00c3O NA MINERA\u00c7\u00c3O DE DADOS CL\u00cdNICOS: IDENTIFICA\u00c7\u00c3O DE PADR\u00d5ES PSICOSSOCIAIS EM ATENDIMENTOS POR DEPEND\u00caNCIA QU\u00cdMICA<\/h3>\n\n\n\n<p><strong>Autoria:<\/strong> Tiago Batista Pedra, Marco Antonio Do Socorro Marques Ribeiro Bessa\n<br><strong>Afilia\u00e7\u00e3o:<\/strong> Universidade Federal do Paran\u00e1; Universidade positivo<\/p>\n\n\n\n<hr class=\"wp-block-separator has-alpha-channel-opacity\"\/>\n\n\n\n<h3 class=\"wp-block-heading mb-1\">Um Estudo do Uso do Processo Hier\u00e1rquico Anal\u00edtico (AHP) para a Cultura de Excel\u00eancia Judicial<\/h3>\n\n\n\n<p><strong>Autoria:<\/strong> Vitor Carneiro Ramos, Patrick Letouze\n<br><strong>Afilia\u00e7\u00e3o:<\/strong> Tribunal Regional Eleitoral de Goi\u00e1s, Universidade Federal de Tocantins<\/p>\n\n\n\n<hr class=\"wp-block-separator has-alpha-channel-opacity\"\/>\n\n\n\n<h3 class=\"wp-block-heading mb-1\">Modelagem de Produtos Informacionais no Centro de Integra\u00e7\u00e3o Social de Piraquara<\/h3>\n\n\n\n<p><strong>Autoria:<\/strong> Jo\u00e3o Pedro Rovida Furtado de Sousa, Denise Fukumi Tsunoda\n<br><strong>Afilia\u00e7\u00e3o:<\/strong> Universidade Federal do Paran\u00e1.<\/p>\n\n\n\n<hr class=\"wp-block-separator has-alpha-channel-opacity\"\/>\n\n\n\n<ul class=\"wp-block-navigation\">\n\t<li><a href=\"https:\/\/infosfera.inf.br\/infosfera2025\/sessao-2-transparencia-e-governanca-digital\/\"><strong>Sess\u00e3o 2<\/strong> Transpar\u00eancia e Governan\u00e7a Digital<\/a><\/li>\n\t<li><a href=\"https:\/\/infosfera.inf.br\/infosfera2025\/sessao-4-inclusao-digital-e-acessibilidade\/\"><strong>Sess\u00e3o 4<\/strong> Inclus\u00e3o Digital e Acessibilidade<\/a><\/li>\n<\/ul>\n","protected":false},"excerpt":{"rendered":"<p>20\/10\/2025 \u2022 10h \u00e0s 11h30Local: Sala 108Media\u00e7\u00e3o: Luciano Heitor Gallegos Marin (UFPR) O USO DA LINGUAGEM DE PROGRAMA\u00c7\u00c3O NA MINERA\u00c7\u00c3O DE DADOS CL\u00cdNICOS: IDENTIFICA\u00c7\u00c3O DE PADR\u00d5ES PSICOSSOCIAIS EM ATENDIMENTOS POR DEPEND\u00caNCIA QU\u00cdMICA Autoria: Tiago Batista Pedra, Marco Antonio Do Socorro Marques Ribeiro Bessa Afilia\u00e7\u00e3o: Universidade Federal do Paran\u00e1; Universidade positivo Um Estudo do Uso do &hellip; <a href=\"https:\/\/infosfera.inf.br\/infosfera2025\/sessao-3-inteligencia-de-dados-e-analytics\/\" class=\"more-link\">Continue reading<span class=\"screen-reader-text\"> &#8220;Sess\u00e3o 3 &#8211; Intelig\u00eancia de Dados e Analytics&#8221;<\/span><\/a><\/p>\n","protected":false},"author":1,"featured_media":0,"parent":0,"menu_order":0,"comment_status":"closed","ping_status":"closed","template":"","meta":{"_acf_changed":false,"footnotes":""},"class_list":["post-592","page","type-page","status-publish","hentry"],"acf":[],"_links":{"self":[{"href":"https:\/\/infosfera.inf.br\/infosfera2025\/wp-json\/wp\/v2\/pages\/592","targetHints":{"allow":["GET"]}}],"collection":[{"href":"https:\/\/infosfera.inf.br\/infosfera2025\/wp-json\/wp\/v2\/pages"}],"about":[{"href":"https:\/\/infosfera.inf.br\/infosfera2025\/wp-json\/wp\/v2\/types\/page"}],"author":[{"embeddable":true,"href":"https:\/\/infosfera.inf.br\/infosfera2025\/wp-json\/wp\/v2\/users\/1"}],"replies":[{"embeddable":true,"href":"https:\/\/infosfera.inf.br\/infosfera2025\/wp-json\/wp\/v2\/comments?post=592"}],"version-history":[{"count":6,"href":"https:\/\/infosfera.inf.br\/infosfera2025\/wp-json\/wp\/v2\/pages\/592\/revisions"}],"predecessor-version":[{"id":767,"href":"https:\/\/infosfera.inf.br\/infosfera2025\/wp-json\/wp\/v2\/pages\/592\/revisions\/767"}],"wp:attachment":[{"href":"https:\/\/infosfera.inf.br\/infosfera2025\/wp-json\/wp\/v2\/media?parent=592"}],"curies":[{"name":"wp","href":"https:\/\/api.w.org\/{rel}","templated":true}]}}