{"id":595,"date":"2025-10-05T14:00:38","date_gmt":"2025-10-05T17:00:38","guid":{"rendered":"https:\/\/infosfera.inf.br\/infosfera2025\/?page_id=595"},"modified":"2025-10-14T16:11:14","modified_gmt":"2025-10-14T19:11:14","slug":"sessao-4-inclusao-digital-e-acessibilidade","status":"publish","type":"page","link":"https:\/\/infosfera.inf.br\/infosfera2025\/sessao-4-inclusao-digital-e-acessibilidade\/","title":{"rendered":"Sess\u00e3o 4 &#8211; Inclus\u00e3o Digital e Acessibilidade"},"content":{"rendered":"\n<p><strong>20\/10\/2025 \u2022 10h \u00e0s 11h30<\/strong><br><strong>Local:<\/strong> Sala 109<br><strong>Media\u00e7\u00e3o: <\/strong>Genilson Geraldo (UFPR)<\/p>\n\n\n\n<hr class=\"wp-block-separator has-alpha-channel-opacity\"\/>\n\n\n\n<h3 class=\"wp-block-heading mb-1\">Desafios da Inclus\u00e3o Digital e Acessibilidade em Portais P\u00fablicos brasileiros<\/h3>\n\n\n\n<p><strong>Autoria:<\/strong> Leandro Coqueiro Souza\n<br><strong>Afilia\u00e7\u00e3o:<\/strong> Universidade Federal do Paran\u00e1<\/p>\n\n\n\n<hr class=\"wp-block-separator has-alpha-channel-opacity\"\/>\n\n\n\n<h3 class=\"wp-block-heading mb-1\">A linguagem simples no Poder Judici\u00e1rio do ponto de vista da literatura cient\u00edfica<\/h3>\n\n\n\n<p><strong>Autoria:<\/strong> Carlos de Paula Soares Filho, \u00c9bio Luiz Ribeiro Machado, Paula Carina de Ara\u00fajo, Taysa Schiocchet\n<br><strong>Afilia\u00e7\u00e3o:<\/strong> Universidade Federal do Paran\u00e1, Universidade Federal do Paran\u00e1, Justi\u00e7a Federal do Paran\u00e1, Universidade Federal do Paran\u00e1<\/p>\n\n\n\n<hr class=\"wp-block-separator has-alpha-channel-opacity\"\/>\n\n\n\n<h3 class=\"wp-block-heading mb-1\">Inclus\u00e3o Digital e Acessibilidade na Escola: Protegendo Crian\u00e7as e Adolescentes na Infosfera<\/h3>\n\n\n\n<p><strong>Autoria:<\/strong> Ana Claudia de Batista Fernandes Petroro, Elenice Mara Matos Novak, Erika Liria Matsugano\n<br><strong>Afilia\u00e7\u00e3o:<\/strong> Universidade Federal do Paran\u00e1 (UFPR)<\/p>\n\n\n\n<hr class=\"wp-block-separator has-alpha-channel-opacity\"\/>\n\n\n\n<ul class=\"wp-block-navigation\">\n\t<li><a href=\"https:\/\/infosfera.inf.br\/infosfera2025\/sessao-3-inteligencia-de-dados-e-analytics\/\"><strong>Sess\u00e3o 3<\/strong> Intelig\u00eancia de Dados e Analytics<\/a><\/li>\n\t<li><a href=\"https:\/\/infosfera.inf.br\/infosfera2025\/sessao-5-inteligencia-artificial-na-gestao-publica\/\"><strong>Sess\u00e3o 5<\/strong> Intelig\u00eancia Artificial na Gest\u00e3o P\u00fablica<\/a><\/li>\n<\/ul>\n","protected":false},"excerpt":{"rendered":"<p>20\/10\/2025 \u2022 10h \u00e0s 11h30Local: Sala 109Media\u00e7\u00e3o: Genilson Geraldo (UFPR) Desafios da Inclus\u00e3o Digital e Acessibilidade em Portais P\u00fablicos brasileiros Autoria: Leandro Coqueiro Souza Afilia\u00e7\u00e3o: Universidade Federal do Paran\u00e1 A linguagem simples no Poder Judici\u00e1rio do ponto de vista da literatura cient\u00edfica Autoria: Carlos de Paula Soares Filho, \u00c9bio Luiz Ribeiro Machado, Paula Carina de &hellip; <a href=\"https:\/\/infosfera.inf.br\/infosfera2025\/sessao-4-inclusao-digital-e-acessibilidade\/\" class=\"more-link\">Continue reading<span class=\"screen-reader-text\"> &#8220;Sess\u00e3o 4 &#8211; Inclus\u00e3o Digital e Acessibilidade&#8221;<\/span><\/a><\/p>\n","protected":false},"author":1,"featured_media":0,"parent":0,"menu_order":0,"comment_status":"closed","ping_status":"closed","template":"","meta":{"_acf_changed":false,"footnotes":""},"class_list":["post-595","page","type-page","status-publish","hentry"],"acf":[],"_links":{"self":[{"href":"https:\/\/infosfera.inf.br\/infosfera2025\/wp-json\/wp\/v2\/pages\/595","targetHints":{"allow":["GET"]}}],"collection":[{"href":"https:\/\/infosfera.inf.br\/infosfera2025\/wp-json\/wp\/v2\/pages"}],"about":[{"href":"https:\/\/infosfera.inf.br\/infosfera2025\/wp-json\/wp\/v2\/types\/page"}],"author":[{"embeddable":true,"href":"https:\/\/infosfera.inf.br\/infosfera2025\/wp-json\/wp\/v2\/users\/1"}],"replies":[{"embeddable":true,"href":"https:\/\/infosfera.inf.br\/infosfera2025\/wp-json\/wp\/v2\/comments?post=595"}],"version-history":[{"count":6,"href":"https:\/\/infosfera.inf.br\/infosfera2025\/wp-json\/wp\/v2\/pages\/595\/revisions"}],"predecessor-version":[{"id":766,"href":"https:\/\/infosfera.inf.br\/infosfera2025\/wp-json\/wp\/v2\/pages\/595\/revisions\/766"}],"wp:attachment":[{"href":"https:\/\/infosfera.inf.br\/infosfera2025\/wp-json\/wp\/v2\/media?parent=595"}],"curies":[{"name":"wp","href":"https:\/\/api.w.org\/{rel}","templated":true}]}}