{"id":620,"date":"2025-10-05T15:37:07","date_gmt":"2025-10-05T18:37:07","guid":{"rendered":"https:\/\/infosfera.inf.br\/infosfera2025\/?page_id=620"},"modified":"2025-10-14T16:07:35","modified_gmt":"2025-10-14T19:07:35","slug":"sessao-5-inteligencia-artificial-na-gestao-publica","status":"publish","type":"page","link":"https:\/\/infosfera.inf.br\/infosfera2025\/sessao-5-inteligencia-artificial-na-gestao-publica\/","title":{"rendered":"Sess\u00e3o 5 &#8211; Intelig\u00eancia Artificial na Gest\u00e3o P\u00fablica"},"content":{"rendered":"\n<p><strong>20\/10\/2025 \u2022 14h \u00e0s 15h30<\/strong><br><strong>Local:<\/strong> Sala 113<br><strong>Media\u00e7\u00e3o: <\/strong>Denise Tsunoda (UFPR)<\/p>\n\n\n\n<hr class=\"wp-block-separator has-alpha-channel-opacity\"\/>\n\n\n\n<h3 class=\"wp-block-heading mb-1\">MODELAGEM PREDITIVA PARA OTIMIZA\u00c7\u00c3O DA EXECU\u00c7\u00c3O OR\u00c7AMENT\u00c1RIA: UM ESTUDO DE CASO SOBRE RESTOS A PAGAR<\/h3>\n\n\n\n<p><strong>Autoria:<\/strong> Lu\u00eds Cl\u00e1udio Fernandes, Fl\u00e1vio Rold\u00e3o de Carvalho Lelis, Rafael Lima de Carvalho\n<br><strong>Afilia\u00e7\u00e3o:<\/strong> Universidade Federal do Tocantins; Instituto Federal de Goi\u00e1s.<\/p>\n\n\n\n<hr class=\"wp-block-separator has-alpha-channel-opacity\"\/>\n\n\n\n<h3 class=\"wp-block-heading mb-1\">Governan\u00e7a da Intelig\u00eancia Artificial no Brasil: Regula\u00e7\u00e3o e \u00c9tica em Ecossistemas de Inova\u00e7\u00e3o Territorial<\/h3>\n\n\n\n<p><strong>Autoria:<\/strong> Sander Costa Pinto\n<br><strong>Afilia\u00e7\u00e3o:<\/strong> Universidade Federal do Paran\u00e1 (UFPR)<\/p>\n\n\n\n<hr class=\"wp-block-separator has-alpha-channel-opacity\"\/>\n\n\n\n<h3 class=\"wp-block-heading mb-1\">A PRIVACIDADE COMO PILAR DA INFOSFERA: DESAFIOS FRENTE \u00c0 COLETA MASSIVA DE DADOS<\/h3>\n\n\n\n<p><strong>Autoria:<\/strong> ABIMAEL ORTIZ BARROS, Katiucia Fernanda Ribeiro Batista De Castilho, William Rodrigo Joanico, Natacia Regina Fidelis Marinho Ferraz, Diogenes Matos Padilha Ferraz\n<br><strong>Afilia\u00e7\u00e3o:<\/strong> Universidade Federal do Paran\u00e1<\/p>\n\n\n\n<hr class=\"wp-block-separator has-alpha-channel-opacity\"\/>\n\n\n\n<h3 class=\"wp-block-heading mb-1\">INTELIG\u00caNCIA ARTIFICIAL E \u00c9TICA NA ADMINISTRA\u00c7\u00c3O P\u00daBLICA: DESAFIOS, OPORTUNIDADES E REFLEX\u00d5ES CR\u00cdTICAS<\/h3>\n\n\n\n<p><strong>Autoria:<\/strong> Julio Cezar Arias\n<br><strong>Afilia\u00e7\u00e3o:<\/strong> UFPR &#8211; Universidade Federal do Paran\u00e1 (PPGADM &#8211; Programa de P\u00f3s Gradua\u00e7\u00e3o em Administra\u00e7\u00e3o)<\/p>\n\n\n\n<hr class=\"wp-block-separator has-alpha-channel-opacity\"\/>\n\n\n\n<ul class=\"wp-block-navigation\">\n\t<li><a href=\"https:\/\/infosfera.inf.br\/infosfera2025\/sessao-4-inclusao-digital-e-acessibilidade\/\"><strong>Sess\u00e3o 4<\/strong> Inclus\u00e3o Digital e Acessibilidade<\/a><\/li>\n\t<li><a href=\"https:\/\/infosfera.inf.br\/infosfera2025\/sessao-6-inovacao-em-servicos-digitais\/\"><strong>Sess\u00e3o 6<\/strong> Inova\u00e7\u00e3o em Servi\u00e7os Digitais<\/a><\/li>\n<\/ul>\n","protected":false},"excerpt":{"rendered":"<p>20\/10\/2025 \u2022 14h \u00e0s 15h30Local: Sala 113Media\u00e7\u00e3o: Denise Tsunoda (UFPR) MODELAGEM PREDITIVA PARA OTIMIZA\u00c7\u00c3O DA EXECU\u00c7\u00c3O OR\u00c7AMENT\u00c1RIA: UM ESTUDO DE CASO SOBRE RESTOS A PAGAR Autoria: Lu\u00eds Cl\u00e1udio Fernandes, Fl\u00e1vio Rold\u00e3o de Carvalho Lelis, Rafael Lima de Carvalho Afilia\u00e7\u00e3o: Universidade Federal do Tocantins; Instituto Federal de Goi\u00e1s. Governan\u00e7a da Intelig\u00eancia Artificial no Brasil: Regula\u00e7\u00e3o e &hellip; <a href=\"https:\/\/infosfera.inf.br\/infosfera2025\/sessao-5-inteligencia-artificial-na-gestao-publica\/\" class=\"more-link\">Continue reading<span class=\"screen-reader-text\"> &#8220;Sess\u00e3o 5 &#8211; Intelig\u00eancia Artificial na Gest\u00e3o P\u00fablica&#8221;<\/span><\/a><\/p>\n","protected":false},"author":1,"featured_media":0,"parent":0,"menu_order":0,"comment_status":"closed","ping_status":"closed","template":"","meta":{"_acf_changed":false,"footnotes":""},"class_list":["post-620","page","type-page","status-publish","hentry"],"acf":[],"_links":{"self":[{"href":"https:\/\/infosfera.inf.br\/infosfera2025\/wp-json\/wp\/v2\/pages\/620","targetHints":{"allow":["GET"]}}],"collection":[{"href":"https:\/\/infosfera.inf.br\/infosfera2025\/wp-json\/wp\/v2\/pages"}],"about":[{"href":"https:\/\/infosfera.inf.br\/infosfera2025\/wp-json\/wp\/v2\/types\/page"}],"author":[{"embeddable":true,"href":"https:\/\/infosfera.inf.br\/infosfera2025\/wp-json\/wp\/v2\/users\/1"}],"replies":[{"embeddable":true,"href":"https:\/\/infosfera.inf.br\/infosfera2025\/wp-json\/wp\/v2\/comments?post=620"}],"version-history":[{"count":3,"href":"https:\/\/infosfera.inf.br\/infosfera2025\/wp-json\/wp\/v2\/pages\/620\/revisions"}],"predecessor-version":[{"id":765,"href":"https:\/\/infosfera.inf.br\/infosfera2025\/wp-json\/wp\/v2\/pages\/620\/revisions\/765"}],"wp:attachment":[{"href":"https:\/\/infosfera.inf.br\/infosfera2025\/wp-json\/wp\/v2\/media?parent=620"}],"curies":[{"name":"wp","href":"https:\/\/api.w.org\/{rel}","templated":true}]}}