{"id":622,"date":"2025-10-05T15:38:26","date_gmt":"2025-10-05T18:38:26","guid":{"rendered":"https:\/\/infosfera.inf.br\/infosfera2025\/?page_id=622"},"modified":"2025-10-14T16:06:33","modified_gmt":"2025-10-14T19:06:33","slug":"sessao-7-metodos-e-ferramentas-de-gestao","status":"publish","type":"page","link":"https:\/\/infosfera.inf.br\/infosfera2025\/sessao-7-metodos-e-ferramentas-de-gestao\/","title":{"rendered":"Sess\u00e3o 7 &#8211; M\u00e9todos e Ferramentas de Gest\u00e3o"},"content":{"rendered":"\n<p><strong>20\/10\/2025 \u2022 14h \u00e0s 15h30<\/strong><br><strong>Local:<\/strong> Sala 109<br><strong>Media\u00e7\u00e3o: <\/strong>Elder Lopes Barbosa (UFPR)<\/p>\n\n\n\n<hr class=\"wp-block-separator has-alpha-channel-opacity\"\/>\n\n\n\n<h3 class=\"wp-block-heading mb-1\">A Teoria OCO (Orienta\u00e7\u00e3o, Coopera\u00e7\u00e3o, Orquestra\u00e7\u00e3o) \u00e9 aplic\u00e1vel \u00e0 Transforma\u00e7\u00e3o Digital no Poder Judici\u00e1rio Brasileiro?<\/h3>\n\n\n\n<p><strong>Autoria:<\/strong> Jos\u00e9 Carlos Lucio Maia, Patrick Letouze, Rafael Lima de Carvalho\n<br><strong>Afilia\u00e7\u00e3o:<\/strong> Tribunal Regional Eleitoral de Goi\u00e1s, Universidade Federal do Tocantins<\/p>\n\n\n\n<hr class=\"wp-block-separator has-alpha-channel-opacity\"\/>\n\n\n\n<h3 class=\"wp-block-heading mb-1\">M\u00e9todos multicrit\u00e9rio e prioriza\u00e7\u00e3o de pacientes em fila de espera: uma revis\u00e3o sistem\u00e1tica de literatura<\/h3>\n\n\n\n<p><strong>Autoria:<\/strong> Mery Ellen Brandt de Oliveira, Jose Marcelo Almeida Prado Cestari, Francisco Rodrigues Lima Junior\n<br><strong>Afilia\u00e7\u00e3o:<\/strong> Universidade Federal do Paran\u00e1<\/p>\n\n\n\n<hr class=\"wp-block-separator has-alpha-channel-opacity\"\/>\n\n\n\n<h3 class=\"wp-block-heading mb-1\">Gest\u00e3o de Documentos no acervo acad\u00eamico do Departamento de Engenharia Mec\u00e2nica da UFPR. Document Management of the archive of the Department of Mechanical Engineering at UFPR.<\/h3>\n\n\n\n<p><strong>Autoria:<\/strong> Thiago Batich dos Santos, Elder Lopes Barborza\n<br><strong>Afilia\u00e7\u00e3o:<\/strong> Universidade Federal do Paran\u00e1 (UFPR)<\/p>\n\n\n\n<hr class=\"wp-block-separator has-alpha-channel-opacity\"\/>\n\n\n\n<h3 class=\"wp-block-heading mb-1\">Mensura\u00e7\u00e3o Estrat\u00e9gica com Matriz de Materialidade Multicrit\u00e9rios: Proposta de Metodologia para Prioriza\u00e7\u00e3o e Avalia\u00e7\u00e3o de Iniciativas em Gest\u00e3o do Conhecimento<\/h3>\n\n\n\n<p><strong>Autoria:<\/strong> Maria de F\u00e1tima Santos Camargo\n<br><strong>Afilia\u00e7\u00e3o:<\/strong> Secretaria do Patrim\u00f4nio da Uni\u00e3o do Minist\u00e9rio da Gest\u00e3o e da Inova\u00e7\u00e3o em Servi\u00e7os P\u00fablico<\/p>\n\n\n\n<hr class=\"wp-block-separator has-alpha-channel-opacity\"\/>\n\n\n\n<ul class=\"wp-block-navigation\">\n\t<li><a href=\"https:\/\/infosfera.inf.br\/infosfera2025\/sessao-6-inovacao-em-servicos-digitais\/\"><strong>Sess\u00e3o 6<\/strong> Inova\u00e7\u00e3o em Servi\u00e7os Digitais<\/a><\/li>\n\t<li><a href=\"https:\/\/infosfera.inf.br\/infosfera2025\/sessao-8-gestao-no-poder-judiciario\/\"><strong>Sess\u00e3o 8<\/strong> Gest\u00e3o no Poder Judici\u00e1rio<\/a><\/li>\n\n<\/ul>\n","protected":false},"excerpt":{"rendered":"<p>20\/10\/2025 \u2022 14h \u00e0s 15h30Local: Sala 109Media\u00e7\u00e3o: Elder Lopes Barbosa (UFPR) A Teoria OCO (Orienta\u00e7\u00e3o, Coopera\u00e7\u00e3o, Orquestra\u00e7\u00e3o) \u00e9 aplic\u00e1vel \u00e0 Transforma\u00e7\u00e3o Digital no Poder Judici\u00e1rio Brasileiro? Autoria: Jos\u00e9 Carlos Lucio Maia, Patrick Letouze, Rafael Lima de Carvalho Afilia\u00e7\u00e3o: Tribunal Regional Eleitoral de Goi\u00e1s, Universidade Federal do Tocantins M\u00e9todos multicrit\u00e9rio e prioriza\u00e7\u00e3o de pacientes em fila &hellip; <a href=\"https:\/\/infosfera.inf.br\/infosfera2025\/sessao-7-metodos-e-ferramentas-de-gestao\/\" class=\"more-link\">Continue reading<span class=\"screen-reader-text\"> &#8220;Sess\u00e3o 7 &#8211; M\u00e9todos e Ferramentas de Gest\u00e3o&#8221;<\/span><\/a><\/p>\n","protected":false},"author":1,"featured_media":0,"parent":0,"menu_order":0,"comment_status":"closed","ping_status":"closed","template":"","meta":{"_acf_changed":false,"footnotes":""},"class_list":["post-622","page","type-page","status-publish","hentry"],"acf":[],"_links":{"self":[{"href":"https:\/\/infosfera.inf.br\/infosfera2025\/wp-json\/wp\/v2\/pages\/622","targetHints":{"allow":["GET"]}}],"collection":[{"href":"https:\/\/infosfera.inf.br\/infosfera2025\/wp-json\/wp\/v2\/pages"}],"about":[{"href":"https:\/\/infosfera.inf.br\/infosfera2025\/wp-json\/wp\/v2\/types\/page"}],"author":[{"embeddable":true,"href":"https:\/\/infosfera.inf.br\/infosfera2025\/wp-json\/wp\/v2\/users\/1"}],"replies":[{"embeddable":true,"href":"https:\/\/infosfera.inf.br\/infosfera2025\/wp-json\/wp\/v2\/comments?post=622"}],"version-history":[{"count":3,"href":"https:\/\/infosfera.inf.br\/infosfera2025\/wp-json\/wp\/v2\/pages\/622\/revisions"}],"predecessor-version":[{"id":762,"href":"https:\/\/infosfera.inf.br\/infosfera2025\/wp-json\/wp\/v2\/pages\/622\/revisions\/762"}],"wp:attachment":[{"href":"https:\/\/infosfera.inf.br\/infosfera2025\/wp-json\/wp\/v2\/media?parent=622"}],"curies":[{"name":"wp","href":"https:\/\/api.w.org\/{rel}","templated":true}]}}