{"id":623,"date":"2025-10-05T15:39:00","date_gmt":"2025-10-05T18:39:00","guid":{"rendered":"https:\/\/infosfera.inf.br\/infosfera2025\/?page_id=623"},"modified":"2025-10-14T16:06:11","modified_gmt":"2025-10-14T19:06:11","slug":"sessao-8-gestao-no-poder-judiciario","status":"publish","type":"page","link":"https:\/\/infosfera.inf.br\/infosfera2025\/sessao-8-gestao-no-poder-judiciario\/","title":{"rendered":"Sess\u00e3o 8 &#8211; Gest\u00e3o no Poder Judici\u00e1rio"},"content":{"rendered":"\n<p><strong>20\/10\/2025 \u2022 14h \u00e0s 15h30<\/strong><br><strong>Local:<\/strong> Sala 108<br><strong>Media\u00e7\u00e3o: <\/strong>Carlos Strapazzon (UP)<\/p>\n\n\n\n<hr class=\"wp-block-separator has-alpha-channel-opacity\"\/>\n\n\n\n<h3 class=\"wp-block-heading mb-1\">Risco Informacional na Esfera P\u00fablica: Reflex\u00f5es Te\u00f3ricas a partir do conceito de Infosfera<\/h3>\n\n\n\n<p><strong>Autoria:<\/strong> Elenice Mara Matos Novak, Edson Ronaldo Guarido Filho\n<br><strong>Afilia\u00e7\u00e3o:<\/strong> Universidade Federal do Paran\u00e1 (UFPR)<\/p>\n\n\n\n<hr class=\"wp-block-separator has-alpha-channel-opacity\"\/>\n\n\n\n<h3 class=\"wp-block-heading mb-1\">Inova\u00e7\u00e3o e Gest\u00e3o no Poder Judici\u00e1rio: Uma Abordagem Emp\u00edrica com Intelig\u00eancia Artificial Generativa para Otimiza\u00e7\u00e3o e Gest\u00e3o de Riscos de Processos<\/h3>\n\n\n\n<p><strong>Autoria:<\/strong> Lu\u00eds Felipe de Oliveira Reis\n<br><strong>Afilia\u00e7\u00e3o:<\/strong> Tribunal Regional Eleitoral de S\u00e3o Paulo<\/p>\n\n\n\n<hr class=\"wp-block-separator has-alpha-channel-opacity\"\/>\n\n\n\n<h3 class=\"wp-block-heading mb-1\">Um Estudo dos Canais de Vota\u00e7\u00e3o e Integridade Eleitoral Estonianas e sua Aplicabilidade ao Contexto Brasileiro<\/h3>\n\n\n\n<p><strong>Autoria:<\/strong> Hamilton Pinheiro de Oliveira, Ilana Murici Ayres, Patrick Letouze, Humberto Xavier de Ara\u00fajo, Suzana Giliolli\n<br><strong>Afilia\u00e7\u00e3o:<\/strong> Tribunal Regional Eleitoral de Goi\u00e1s, Universidade Federal do Tocantins<\/p>\n\n\n\n<hr class=\"wp-block-separator has-alpha-channel-opacity\"\/>\n\n\n\n<h3 class=\"wp-block-heading mb-1\">AVALIA\u00c7\u00c3O E CONSULTORIA PREVENTIVA: RESPONSABILIDADE FISCAL EM FINAL DE MANDATO NO PODER JUDICI\u00c1RIO<\/h3>\n\n\n\n<p><strong>Autoria:<\/strong> Lucas Daniel Almada, Wanderley de Oliveira Sousa Junior\n<br><strong>Afilia\u00e7\u00e3o:<\/strong> Tribunal de Justi\u00e7a do Estado de Rond\u00f4nia; Universidade Federal de Rond\u00f4nia<\/p>\n\n\n\n<hr class=\"wp-block-separator has-alpha-channel-opacity\"\/>\n\n\n\n<ul class=\"wp-block-navigation\">\n\t<li><a href=\"https:\/\/infosfera.inf.br\/infosfera2025\/sessao-7-metodos-e-ferramentas-de-gestao\/\"><strong>Sess\u00e3o 7<\/strong> M\u00e9todos e Ferramentas de Gest\u00e3o<\/a><\/li>\n\t<li><a href=\"https:\/\/infosfera.inf.br\/infosfera2025\/sessao-9-gestao-do-conhecimento-i\/\"><strong>Sess\u00e3o 9<\/strong> Gest\u00e3o do Conhecimento I<\/a><\/li>\n<\/ul>\n","protected":false},"excerpt":{"rendered":"<p>20\/10\/2025 \u2022 14h \u00e0s 15h30Local: Sala 108Media\u00e7\u00e3o: Carlos Strapazzon (UP) Risco Informacional na Esfera P\u00fablica: Reflex\u00f5es Te\u00f3ricas a partir do conceito de Infosfera Autoria: Elenice Mara Matos Novak, Edson Ronaldo Guarido Filho Afilia\u00e7\u00e3o: Universidade Federal do Paran\u00e1 (UFPR) Inova\u00e7\u00e3o e Gest\u00e3o no Poder Judici\u00e1rio: Uma Abordagem Emp\u00edrica com Intelig\u00eancia Artificial Generativa para Otimiza\u00e7\u00e3o e Gest\u00e3o &hellip; <a href=\"https:\/\/infosfera.inf.br\/infosfera2025\/sessao-8-gestao-no-poder-judiciario\/\" class=\"more-link\">Continue reading<span class=\"screen-reader-text\"> &#8220;Sess\u00e3o 8 &#8211; Gest\u00e3o no Poder Judici\u00e1rio&#8221;<\/span><\/a><\/p>\n","protected":false},"author":1,"featured_media":0,"parent":0,"menu_order":0,"comment_status":"closed","ping_status":"closed","template":"","meta":{"_acf_changed":false,"footnotes":""},"class_list":["post-623","page","type-page","status-publish","hentry"],"acf":[],"_links":{"self":[{"href":"https:\/\/infosfera.inf.br\/infosfera2025\/wp-json\/wp\/v2\/pages\/623","targetHints":{"allow":["GET"]}}],"collection":[{"href":"https:\/\/infosfera.inf.br\/infosfera2025\/wp-json\/wp\/v2\/pages"}],"about":[{"href":"https:\/\/infosfera.inf.br\/infosfera2025\/wp-json\/wp\/v2\/types\/page"}],"author":[{"embeddable":true,"href":"https:\/\/infosfera.inf.br\/infosfera2025\/wp-json\/wp\/v2\/users\/1"}],"replies":[{"embeddable":true,"href":"https:\/\/infosfera.inf.br\/infosfera2025\/wp-json\/wp\/v2\/comments?post=623"}],"version-history":[{"count":3,"href":"https:\/\/infosfera.inf.br\/infosfera2025\/wp-json\/wp\/v2\/pages\/623\/revisions"}],"predecessor-version":[{"id":761,"href":"https:\/\/infosfera.inf.br\/infosfera2025\/wp-json\/wp\/v2\/pages\/623\/revisions\/761"}],"wp:attachment":[{"href":"https:\/\/infosfera.inf.br\/infosfera2025\/wp-json\/wp\/v2\/media?parent=623"}],"curies":[{"name":"wp","href":"https:\/\/api.w.org\/{rel}","templated":true}]}}