{"id":625,"date":"2025-10-05T15:40:13","date_gmt":"2025-10-05T18:40:13","guid":{"rendered":"https:\/\/infosfera.inf.br\/infosfera2025\/?page_id=625"},"modified":"2025-10-14T16:05:23","modified_gmt":"2025-10-14T19:05:23","slug":"sessao-10-infosfera-e-sociedade-digital","status":"publish","type":"page","link":"https:\/\/infosfera.inf.br\/infosfera2025\/sessao-10-infosfera-e-sociedade-digital\/","title":{"rendered":"Sess\u00e3o 10 &#8211; Infosfera e Sociedade Digital"},"content":{"rendered":"\n<p><strong>21\/10\/2025 \u2022 8h00 \u00e0s 9h30<\/strong><br><strong>Local:<\/strong> Sala 113<br><strong>Media\u00e7\u00e3o: <\/strong>Djuli de Lucca (Unir)<\/p>\n\n\n\n<hr class=\"wp-block-separator has-alpha-channel-opacity\"\/>\n\n\n\n<h3 class=\"wp-block-heading mb-1\">Organiza\u00e7\u00f5es da Justi\u00e7a na Infosfera: Desafios Regulat\u00f3rios diante da ascens\u00e3o das Big Techs<\/h3>\n\n\n\n<p><strong>Autoria:<\/strong> Ana Claudia de Batista Fernandes Petroro\n<br><strong>Afilia\u00e7\u00e3o:<\/strong> Universidade Federal do Paran\u00e1 (UFPR)<\/p>\n\n\n\n<hr class=\"wp-block-separator has-alpha-channel-opacity\"\/>\n\n\n\n<h3 class=\"wp-block-heading mb-1\">O Direito na Infosfera: Intelig\u00eancia Artificial, \u00c9tica da Informa\u00e7\u00e3o e os Limites da Automa\u00e7\u00e3o<\/h3>\n\n\n\n<p><strong>Autoria:<\/strong> Katiucia Castilho, Abimael Ortiz Barros, William Rodrigo Joanico, DIOGENES MATOS PADILHA FERRAZ, Natacia Regina Fidelis Marinho Ferraz\n<br><strong>Afilia\u00e7\u00e3o:<\/strong> Universidade Federal do Paran\u00e1 (UFPR)<\/p>\n\n\n\n<hr class=\"wp-block-separator has-alpha-channel-opacity\"\/>\n\n\n\n<h3 class=\"wp-block-heading mb-1\">Antiambientalismo e poder no Brasil: limita\u00e7\u00f5es \u00e0 gest\u00e3o da informa\u00e7\u00e3o no contexto das agendas p\u00fablicas.<\/h3>\n\n\n\n<p><strong>Autoria:<\/strong> Antonio H\u00e9lio Junqueira\n<br><strong>Afilia\u00e7\u00e3o:<\/strong> Instituto de Estudos Avan\u00e7ados da Universidade de S\u00e3o Paulo (IEA\/USP)<\/p>\n\n\n\n<hr class=\"wp-block-separator has-alpha-channel-opacity\"\/>\n\n\n\n<h3 class=\"wp-block-heading mb-1\">Infosfera e administra\u00e7\u00e3o p\u00fablica: oportunidades de aproxima\u00e7\u00e3o<\/h3>\n\n\n\n<p><strong>Autoria:<\/strong> Edson Ronaldo Guarido Filho\n<br><strong>Afilia\u00e7\u00e3o:<\/strong> Universidade Federal do Paran\u00e1<\/p>\n\n\n\n<hr class=\"wp-block-separator has-alpha-channel-opacity\"\/>\n\n\n\n<ul class=\"wp-block-navigation\">\n\t<li><a href=\"https:\/\/infosfera.inf.br\/infosfera2025\/sessao-10-infosfera-e-sociedade-digital\/\"><strong>Sess\u00e3o 10<\/strong> Infosfera e Sociedade Digital<\/a><\/li>\n\t<li><a href=\"https:\/\/infosfera.inf.br\/infosfera2025\/sessao-11-gestao-documental-digital\/\"><strong>Sess\u00e3o 11<\/strong> Gest\u00e3o Documental Digital<\/a><\/li>\n<\/ul>\n","protected":false},"excerpt":{"rendered":"<p>21\/10\/2025 \u2022 8h00 \u00e0s 9h30Local: Sala 113Media\u00e7\u00e3o: Djuli de Lucca (Unir) Organiza\u00e7\u00f5es da Justi\u00e7a na Infosfera: Desafios Regulat\u00f3rios diante da ascens\u00e3o das Big Techs Autoria: Ana Claudia de Batista Fernandes Petroro Afilia\u00e7\u00e3o: Universidade Federal do Paran\u00e1 (UFPR) O Direito na Infosfera: Intelig\u00eancia Artificial, \u00c9tica da Informa\u00e7\u00e3o e os Limites da Automa\u00e7\u00e3o Autoria: Katiucia Castilho, Abimael &hellip; <a href=\"https:\/\/infosfera.inf.br\/infosfera2025\/sessao-10-infosfera-e-sociedade-digital\/\" class=\"more-link\">Continue reading<span class=\"screen-reader-text\"> &#8220;Sess\u00e3o 10 &#8211; Infosfera e Sociedade Digital&#8221;<\/span><\/a><\/p>\n","protected":false},"author":1,"featured_media":0,"parent":0,"menu_order":0,"comment_status":"closed","ping_status":"closed","template":"","meta":{"_acf_changed":false,"footnotes":""},"class_list":["post-625","page","type-page","status-publish","hentry"],"acf":[],"_links":{"self":[{"href":"https:\/\/infosfera.inf.br\/infosfera2025\/wp-json\/wp\/v2\/pages\/625","targetHints":{"allow":["GET"]}}],"collection":[{"href":"https:\/\/infosfera.inf.br\/infosfera2025\/wp-json\/wp\/v2\/pages"}],"about":[{"href":"https:\/\/infosfera.inf.br\/infosfera2025\/wp-json\/wp\/v2\/types\/page"}],"author":[{"embeddable":true,"href":"https:\/\/infosfera.inf.br\/infosfera2025\/wp-json\/wp\/v2\/users\/1"}],"replies":[{"embeddable":true,"href":"https:\/\/infosfera.inf.br\/infosfera2025\/wp-json\/wp\/v2\/comments?post=625"}],"version-history":[{"count":3,"href":"https:\/\/infosfera.inf.br\/infosfera2025\/wp-json\/wp\/v2\/pages\/625\/revisions"}],"predecessor-version":[{"id":759,"href":"https:\/\/infosfera.inf.br\/infosfera2025\/wp-json\/wp\/v2\/pages\/625\/revisions\/759"}],"wp:attachment":[{"href":"https:\/\/infosfera.inf.br\/infosfera2025\/wp-json\/wp\/v2\/media?parent=625"}],"curies":[{"name":"wp","href":"https:\/\/api.w.org\/{rel}","templated":true}]}}