{"id":626,"date":"2025-10-05T15:40:54","date_gmt":"2025-10-05T18:40:54","guid":{"rendered":"https:\/\/infosfera.inf.br\/infosfera2025\/?page_id=626"},"modified":"2025-10-14T16:05:00","modified_gmt":"2025-10-14T19:05:00","slug":"sessao-11-gestao-documental-digital","status":"publish","type":"page","link":"https:\/\/infosfera.inf.br\/infosfera2025\/sessao-11-gestao-documental-digital\/","title":{"rendered":"Sess\u00e3o 11 &#8211; Gest\u00e3o Documental Digital"},"content":{"rendered":"\n<p><strong>21\/10\/2025 \u2022 8h00 \u00e0s 9h30<\/strong><br><strong>Local:<\/strong> Sala 108<br><strong>Media\u00e7\u00e3o: <\/strong>Thiago Nascimento (UnB)<\/p>\n\n\n\n<hr class=\"wp-block-separator has-alpha-channel-opacity\"\/>\n\n\n\n<h3 class=\"wp-block-heading mb-1\">APLICA\u00c7\u00c3O DA INTELIG\u00caNCIA ARTIFICIAL NA GEST\u00c3O DE DOCUMENTOS: DESAFIOS, OPORTUNIDADES E PERSPECTIVAS NA ESFERA P\u00daBLICA BRASILEIRA<\/h3>\n\n\n\n<p><strong>Autoria:<\/strong> Rafael Pinheiro de Almeida, Rodrigo Eduardo Botelho Francisco\n<br><strong>Afilia\u00e7\u00e3o:<\/strong> Universidade Federal do Paran\u00e1 (UFPR)<\/p>\n\n\n\n<hr class=\"wp-block-separator has-alpha-channel-opacity\"\/>\n\n\n\n<h3 class=\"wp-block-heading mb-1\">ENTRE A AUS\u00caNCIA DE DADOS E A NEGA\u00c7\u00c3O DE DIREITOS: A GEST\u00c3O DOCUMENTAL COMO EIXO PARA POL\u00cdTICAS P\u00daBLICAS DE INCLUS\u00c3O EDUCACIONAL NO MUNIC\u00cdPIO DE APARECIDA DE GOI\u00c2NIA GO<\/h3>\n\n\n\n<p><strong>Autoria:<\/strong> Andr\u00e9ia Silva dos Santos, Diva J\u00falia Sousa da Cunha Safe Coelho\n<br><strong>Afilia\u00e7\u00e3o:<\/strong> Institui\u00e7\u00e3o que cursa o Mestrado: PPGDP \u2013 UFG (Universidade Federal de Goi\u00e1s) Institui\u00e7\u00e3o quer recebe de bolsa de fomento a pesquisa: FAPEG (Funda\u00e7\u00e3o de Amparo \u00e0 Pesquisa do Estado de Goi\u00e1s)<\/p>\n\n\n\n<hr class=\"wp-block-separator has-alpha-channel-opacity\"\/>\n\n\n\n<h3 class=\"wp-block-heading mb-1\">Gest\u00e3o da Massa Documental Acumulada na UFPR: Um Estudo do Manual Institucional<\/h3>\n\n\n\n<p><strong>Autoria:<\/strong> Juliana Aparecida da Silva Le\u00e3o, Valdineide dos Santos do Amaral, Elder Lopes Barboza\n<br><strong>Afilia\u00e7\u00e3o:<\/strong> Universidade Federal do Paran\u00e1 (UFPR)<\/p>\n\n\n\n<hr class=\"wp-block-separator has-alpha-channel-opacity\"\/>\n\n\n\n<h3 class=\"wp-block-heading mb-1\">Modelagem de processos judiciais via BPM: evid\u00eancias de um mapeamento sistem\u00e1tico<\/h3>\n\n\n\n<p><strong>Autoria:<\/strong> Jos\u00e9 Carlos Lucio Maia, Ilana Murici Ayres, Katiusse Kelle de Melo Soares, Rafael Lima de Carvalho, Fl\u00e1vio Rold\u00e3o de Carvalho Lelis\n<br><strong>Afilia\u00e7\u00e3o:<\/strong> Tribunal Regional Eleitoral de Goi\u00e1s, Universidade Federal do Tocantins<\/p>\n\n\n\n<hr class=\"wp-block-separator has-alpha-channel-opacity\"\/>\n\n\n\n<ul class=\"wp-block-navigation\">\n\t<li><a href=\"https:\/\/infosfera.inf.br\/infosfera2025\/sessao-10-infosfera-e-sociedade-digital\/\"><strong>Sess\u00e3o 10<\/strong> Infosfera e Sociedade Digital<\/a><\/li>\n\t<li><a href=\"https:\/\/infosfera.inf.br\/infosfera2025\/sessao-12-preservacao-e-memoria-institucional\/\"><strong>Sess\u00e3o 12<\/strong> Preserva\u00e7\u00e3o e Mem\u00f3ria Institucional<\/a><\/li>\n<\/ul>\n","protected":false},"excerpt":{"rendered":"<p>21\/10\/2025 \u2022 8h00 \u00e0s 9h30Local: Sala 108Media\u00e7\u00e3o: Thiago Nascimento (UnB) APLICA\u00c7\u00c3O DA INTELIG\u00caNCIA ARTIFICIAL NA GEST\u00c3O DE DOCUMENTOS: DESAFIOS, OPORTUNIDADES E PERSPECTIVAS NA ESFERA P\u00daBLICA BRASILEIRA Autoria: Rafael Pinheiro de Almeida, Rodrigo Eduardo Botelho Francisco Afilia\u00e7\u00e3o: Universidade Federal do Paran\u00e1 (UFPR) ENTRE A AUS\u00caNCIA DE DADOS E A NEGA\u00c7\u00c3O DE DIREITOS: A GEST\u00c3O DOCUMENTAL COMO &hellip; <a href=\"https:\/\/infosfera.inf.br\/infosfera2025\/sessao-11-gestao-documental-digital\/\" class=\"more-link\">Continue reading<span class=\"screen-reader-text\"> &#8220;Sess\u00e3o 11 &#8211; Gest\u00e3o Documental Digital&#8221;<\/span><\/a><\/p>\n","protected":false},"author":1,"featured_media":0,"parent":0,"menu_order":0,"comment_status":"closed","ping_status":"closed","template":"","meta":{"_acf_changed":false,"footnotes":""},"class_list":["post-626","page","type-page","status-publish","hentry"],"acf":[],"_links":{"self":[{"href":"https:\/\/infosfera.inf.br\/infosfera2025\/wp-json\/wp\/v2\/pages\/626","targetHints":{"allow":["GET"]}}],"collection":[{"href":"https:\/\/infosfera.inf.br\/infosfera2025\/wp-json\/wp\/v2\/pages"}],"about":[{"href":"https:\/\/infosfera.inf.br\/infosfera2025\/wp-json\/wp\/v2\/types\/page"}],"author":[{"embeddable":true,"href":"https:\/\/infosfera.inf.br\/infosfera2025\/wp-json\/wp\/v2\/users\/1"}],"replies":[{"embeddable":true,"href":"https:\/\/infosfera.inf.br\/infosfera2025\/wp-json\/wp\/v2\/comments?post=626"}],"version-history":[{"count":3,"href":"https:\/\/infosfera.inf.br\/infosfera2025\/wp-json\/wp\/v2\/pages\/626\/revisions"}],"predecessor-version":[{"id":758,"href":"https:\/\/infosfera.inf.br\/infosfera2025\/wp-json\/wp\/v2\/pages\/626\/revisions\/758"}],"wp:attachment":[{"href":"https:\/\/infosfera.inf.br\/infosfera2025\/wp-json\/wp\/v2\/media?parent=626"}],"curies":[{"name":"wp","href":"https:\/\/api.w.org\/{rel}","templated":true}]}}