{"id":627,"date":"2025-10-05T15:41:25","date_gmt":"2025-10-05T18:41:25","guid":{"rendered":"https:\/\/infosfera.inf.br\/infosfera2025\/?page_id=627"},"modified":"2025-10-14T16:04:19","modified_gmt":"2025-10-14T19:04:19","slug":"sessao-12-preservacao-e-memoria-institucional","status":"publish","type":"page","link":"https:\/\/infosfera.inf.br\/infosfera2025\/sessao-12-preservacao-e-memoria-institucional\/","title":{"rendered":"Sess\u00e3o 12 &#8211; Preserva\u00e7\u00e3o e Mem\u00f3ria Institucional"},"content":{"rendered":"\n<p><strong>21\/10\/2025 \u2022 8h00 \u00e0s 9h30<\/strong><br><strong>Local:<\/strong> Sala 109<br><strong>Media\u00e7\u00e3o: <\/strong>Andr\u00e9 Vieira de Freitas Araujo (UFPR)<\/p>\n\n\n\n<hr class=\"wp-block-separator has-alpha-channel-opacity\"\/>\n\n\n\n<h3 class=\"wp-block-heading mb-1\">Preserva\u00e7\u00e3o e Acesso: A Gest\u00e3o da Informa\u00e7\u00e3o em Acervos Hist\u00f3ricos e Culturais da UFPR<\/h3>\n\n\n\n<p><strong>Autoria:<\/strong> Tavany Cibele Coelho, Simone Tod Dechandt, Gerson Amaury Marinho\n<br><strong>Afilia\u00e7\u00e3o:<\/strong> Universidade Federal do Paran\u00e1 (UFPR) e Pontif\u00edcia Universidade Cat\u00f3lica do Paran\u00e1 (PUCPR); Universidade Federal do Paran\u00e1 (UFPR); Pontif\u00edcia Universidade Cat\u00f3lica do Paran\u00e1 (PUCPR)<\/p>\n\n\n\n<hr class=\"wp-block-separator has-alpha-channel-opacity\"\/>\n\n\n\n<h3 class=\"wp-block-heading mb-1\">Transforma\u00e7\u00e3o Digital para a Preserva\u00e7\u00e3o da Mem\u00f3ria Institucional: O MemoriaSPU<\/h3>\n\n\n\n<p><strong>Autoria:<\/strong> Maria de F\u00e1tima Santos Camargo, \u00c1vina Flores Melo, Claudson Moreira Santos, Thays Lacerda de Azevedo\n<br><strong>Afilia\u00e7\u00e3o:<\/strong> Secretaria do Patrim\u00f4nio da Uni\u00e3o do Minist\u00e9rio da Gest\u00e3o e da Inova\u00e7\u00e3o em Servi\u00e7os P\u00fablico<\/p>\n\n\n\n<hr class=\"wp-block-separator has-alpha-channel-opacity\"\/>\n\n\n\n<h3 class=\"wp-block-heading mb-1\">Fluxos informacionais, gest\u00e3o da informa\u00e7\u00e3o e mem\u00f3ria institucional: um roteiro de decis\u00e3o tecnol\u00f3gica transfer\u00edvel para \u00f3rg\u00e3os p\u00fablicos de pequeno porte<\/h3>\n\n\n\n<p><strong>Autoria:<\/strong> Ana Paula do Prado Pereira\n<br><strong>Afilia\u00e7\u00e3o:<\/strong> Universidade Federal do Paran\u00e1 &#8211; Programa de P\u00f3s Gradua\u00e7\u00e3o em Gest\u00e3o da Informa\u00e7\u00e3o<\/p>\n\n\n\n<hr class=\"wp-block-separator has-alpha-channel-opacity\"\/>\n\n\n\n<h3 class=\"wp-block-heading mb-1\">Constru\u00e7\u00e3o e Salvaguarda da Mem\u00f3ria Institucional: Desafios e Perspectivas na SETI-PR<\/h3>\n\n\n\n<p><strong>Autoria:<\/strong> Thays Rodrigues Oliveira, Katryni Haaby dos Santos Bueno, Claudia Rejane Schavarinski Almeida Santos, Alisson de Brito Littig <br><strong>Afilia\u00e7\u00e3o:<\/strong> Universidade Estadual do Paran\u00e1, Secretaria da Ci\u00eancia, Tecnologia e Ensino Superior, Universidade Estadual do Paran\u00e1<\/p>\n\n\n\n<hr class=\"wp-block-separator has-alpha-channel-opacity\"\/>\n\n\n\n<ul class=\"wp-block-navigation\">\n\t<li><a href=\"https:\/\/infosfera.inf.br\/infosfera2025\/sessao-11-gestao-documental-digital\/\"><strong>Sess\u00e3o 11<\/strong> Gest\u00e3o Documental Digital<\/a><\/li>\n\t<li><a href=\"https:\/\/infosfera.inf.br\/infosfera2025\/sessao-13-observatorios-e-dados-abertos\/\"><strong>Sess\u00e3o 13<\/strong> Observat\u00f3rios e Dados Abertos<\/a><\/li>\n<\/ul>\n","protected":false},"excerpt":{"rendered":"<p>21\/10\/2025 \u2022 8h00 \u00e0s 9h30Local: Sala 109Media\u00e7\u00e3o: Andr\u00e9 Vieira de Freitas Araujo (UFPR) Preserva\u00e7\u00e3o e Acesso: A Gest\u00e3o da Informa\u00e7\u00e3o em Acervos Hist\u00f3ricos e Culturais da UFPR Autoria: Tavany Cibele Coelho, Simone Tod Dechandt, Gerson Amaury Marinho Afilia\u00e7\u00e3o: Universidade Federal do Paran\u00e1 (UFPR) e Pontif\u00edcia Universidade Cat\u00f3lica do Paran\u00e1 (PUCPR); Universidade Federal do Paran\u00e1 (UFPR); &hellip; <a href=\"https:\/\/infosfera.inf.br\/infosfera2025\/sessao-12-preservacao-e-memoria-institucional\/\" class=\"more-link\">Continue reading<span class=\"screen-reader-text\"> &#8220;Sess\u00e3o 12 &#8211; Preserva\u00e7\u00e3o e Mem\u00f3ria Institucional&#8221;<\/span><\/a><\/p>\n","protected":false},"author":1,"featured_media":0,"parent":0,"menu_order":0,"comment_status":"closed","ping_status":"closed","template":"","meta":{"_acf_changed":false,"footnotes":""},"class_list":["post-627","page","type-page","status-publish","hentry"],"acf":[],"_links":{"self":[{"href":"https:\/\/infosfera.inf.br\/infosfera2025\/wp-json\/wp\/v2\/pages\/627","targetHints":{"allow":["GET"]}}],"collection":[{"href":"https:\/\/infosfera.inf.br\/infosfera2025\/wp-json\/wp\/v2\/pages"}],"about":[{"href":"https:\/\/infosfera.inf.br\/infosfera2025\/wp-json\/wp\/v2\/types\/page"}],"author":[{"embeddable":true,"href":"https:\/\/infosfera.inf.br\/infosfera2025\/wp-json\/wp\/v2\/users\/1"}],"replies":[{"embeddable":true,"href":"https:\/\/infosfera.inf.br\/infosfera2025\/wp-json\/wp\/v2\/comments?post=627"}],"version-history":[{"count":4,"href":"https:\/\/infosfera.inf.br\/infosfera2025\/wp-json\/wp\/v2\/pages\/627\/revisions"}],"predecessor-version":[{"id":756,"href":"https:\/\/infosfera.inf.br\/infosfera2025\/wp-json\/wp\/v2\/pages\/627\/revisions\/756"}],"wp:attachment":[{"href":"https:\/\/infosfera.inf.br\/infosfera2025\/wp-json\/wp\/v2\/media?parent=627"}],"curies":[{"name":"wp","href":"https:\/\/api.w.org\/{rel}","templated":true}]}}