{"id":628,"date":"2025-10-05T15:42:01","date_gmt":"2025-10-05T18:42:01","guid":{"rendered":"https:\/\/infosfera.inf.br\/infosfera2025\/?page_id=628"},"modified":"2025-10-14T16:04:28","modified_gmt":"2025-10-14T19:04:28","slug":"sessao-13-observatorios-e-dados-abertos","status":"publish","type":"page","link":"https:\/\/infosfera.inf.br\/infosfera2025\/sessao-13-observatorios-e-dados-abertos\/","title":{"rendered":"Sess\u00e3o 13 &#8211; Observat\u00f3rios e Dados Abertos"},"content":{"rendered":"\n<p><strong>21\/10\/2025 \u2022 9h30 \u00e0s 11h00<\/strong><br><strong>Local:<\/strong> Sala 112<br><strong>Media\u00e7\u00e3o: <\/strong>Deborah Ribeiro Carvalho (PPGGI)<\/p>\n\n\n\n<hr class=\"wp-block-separator has-alpha-channel-opacity\"\/>\n\n\n\n<h3 class=\"wp-block-heading mb-1\">Accountability e governan\u00e7a p\u00fablica em n\u00edvel municipal: o papel das empresas de software na gest\u00e3o dos Portais da Transpar\u00eancia no estado de Mato Grosso do Sul<\/h3>\n\n\n\n<p><strong>Autoria:<\/strong> Maria Carollina Padilha Montenegro Reis, Fernanda Rodrigues de Siqueira, Gabrielly Martins dos Santos, Denise Barros de Azevedo, Alessandro Gustavo Souza Arruda\n<br><strong>Afilia\u00e7\u00e3o:<\/strong> Universidade Federal do Mato Grosso do Sul<\/p>\n\n\n\n<hr class=\"wp-block-separator has-alpha-channel-opacity\"\/>\n\n\n\n<h3 class=\"wp-block-heading mb-1\">O IBGE como fonte de dados e de informa\u00e7\u00e3o em pesquisas cient\u00edficas: an\u00e1lise de documentos citantes ao \u00f3rg\u00e3o na Scopus entre 1993 e 2024<\/h3>\n\n\n\n<p><strong>Autoria:<\/strong> Lucas George Wendt, Priscila Machado Borges Sena, Maur\u00edcio Coelho da Silva\n<br><strong>Afilia\u00e7\u00e3o:<\/strong> Universidade Federal do Rio Grande do Sul, Instituto Brasileiro de Informa\u00e7\u00e3o Cient\u00edfica e Tecnol\u00f3gica, Universidade Federal de Santa Catarina<\/p>\n\n\n\n<hr class=\"wp-block-separator has-alpha-channel-opacity\"\/>\n\n\n\n<h3 class=\"wp-block-heading mb-1\">ACESSO E CIRCULA\u00c7\u00c3O DE DADOS DE PESQUISA NO REPOSIT\u00d3RIO DATAPB<\/h3>\n\n\n\n<p><strong>Autoria:<\/strong> Guilherme Ata\u00edde Dias, Rosilene Paiva Marinho de Sousa, Marckson Roberto Ferreira de Sousa, Alba L\u00edgia de Almeida Silva\n<br><strong>Afilia\u00e7\u00e3o:<\/strong> Universidade federal da Para\u00edba (UFPB); Instituto Brasileiro de Informa\u00e7\u00e3o em Ci\u00eancia e Tecnologia (Ibict); Programa de P\u00f3s-Gradua\u00e7\u00e3o em Organiza\u00e7\u00f5es Aprendentes (PPGOA\/UFPB)<\/p>\n\n\n\n<hr class=\"wp-block-separator has-alpha-channel-opacity\"\/>\n\n\n\n<ul class=\"wp-block-navigation\">\n\t<li><a href=\"https:\/\/infosfera.inf.br\/infosfera2025\/sessao-12-preservacao-e-memoria-institucional\/\"><strong>Sess\u00e3o 12<\/strong> Preserva\u00e7\u00e3o e Mem\u00f3ria Institucional<\/a><\/li>\n\t<li><a href=\"https:\/\/infosfera.inf.br\/infosfera2025\/sessao-14-compliance-e-integridade\/\"><strong>Sess\u00e3o 14<\/strong> Compliance e Integridade<\/a><\/li>\n<\/ul>\n","protected":false},"excerpt":{"rendered":"<p>21\/10\/2025 \u2022 9h30 \u00e0s 11h00Local: Sala 112Media\u00e7\u00e3o: Deborah Ribeiro Carvalho (PPGGI) Accountability e governan\u00e7a p\u00fablica em n\u00edvel municipal: o papel das empresas de software na gest\u00e3o dos Portais da Transpar\u00eancia no estado de Mato Grosso do Sul Autoria: Maria Carollina Padilha Montenegro Reis, Fernanda Rodrigues de Siqueira, Gabrielly Martins dos Santos, Denise Barros de Azevedo, &hellip; <a href=\"https:\/\/infosfera.inf.br\/infosfera2025\/sessao-13-observatorios-e-dados-abertos\/\" class=\"more-link\">Continue reading<span class=\"screen-reader-text\"> &#8220;Sess\u00e3o 13 &#8211; Observat\u00f3rios e Dados Abertos&#8221;<\/span><\/a><\/p>\n","protected":false},"author":1,"featured_media":0,"parent":0,"menu_order":0,"comment_status":"closed","ping_status":"closed","template":"","meta":{"_acf_changed":false,"footnotes":""},"class_list":["post-628","page","type-page","status-publish","hentry"],"acf":[],"_links":{"self":[{"href":"https:\/\/infosfera.inf.br\/infosfera2025\/wp-json\/wp\/v2\/pages\/628","targetHints":{"allow":["GET"]}}],"collection":[{"href":"https:\/\/infosfera.inf.br\/infosfera2025\/wp-json\/wp\/v2\/pages"}],"about":[{"href":"https:\/\/infosfera.inf.br\/infosfera2025\/wp-json\/wp\/v2\/types\/page"}],"author":[{"embeddable":true,"href":"https:\/\/infosfera.inf.br\/infosfera2025\/wp-json\/wp\/v2\/users\/1"}],"replies":[{"embeddable":true,"href":"https:\/\/infosfera.inf.br\/infosfera2025\/wp-json\/wp\/v2\/comments?post=628"}],"version-history":[{"count":4,"href":"https:\/\/infosfera.inf.br\/infosfera2025\/wp-json\/wp\/v2\/pages\/628\/revisions"}],"predecessor-version":[{"id":757,"href":"https:\/\/infosfera.inf.br\/infosfera2025\/wp-json\/wp\/v2\/pages\/628\/revisions\/757"}],"wp:attachment":[{"href":"https:\/\/infosfera.inf.br\/infosfera2025\/wp-json\/wp\/v2\/media?parent=628"}],"curies":[{"name":"wp","href":"https:\/\/api.w.org\/{rel}","templated":true}]}}