{"id":629,"date":"2025-10-05T15:42:51","date_gmt":"2025-10-05T18:42:51","guid":{"rendered":"https:\/\/infosfera.inf.br\/infosfera2025\/?page_id=629"},"modified":"2025-10-14T16:02:35","modified_gmt":"2025-10-14T19:02:35","slug":"sessao-14-compliance-e-integridade","status":"publish","type":"page","link":"https:\/\/infosfera.inf.br\/infosfera2025\/sessao-14-compliance-e-integridade\/","title":{"rendered":"Sess\u00e3o 14 &#8211; Compliance e Integridade"},"content":{"rendered":"\n<p><strong>21\/10\/2025 \u2022 9h30 \u00e0s 11h00<\/strong><br><strong>Local:<\/strong> Sala 113<br><strong>Media\u00e7\u00e3o: <\/strong>Taiane Rita Coelho (UFPR)<\/p>\n\n\n\n<hr class=\"wp-block-separator has-alpha-channel-opacity\"\/>\n\n\n\n<h3 class=\"wp-block-heading mb-1\">Compliance na Justi\u00e7a Eleitoral: modelo replic\u00e1vel de gest\u00e3o baseada na ISO 37301 para transforma\u00e7\u00e3o digital e integridade institucional<\/h3>\n\n\n\n<p><strong>Autoria:<\/strong> Ilana Murici Ayres, Vitor Carneiro Ramos, Jos\u00e9 Carlos Lucio Maia, Suzana Giliolli, Fl\u00e1vio Rold\u00e3o de Carvalho Lelis\n<br><strong>Afilia\u00e7\u00e3o:<\/strong> Tribunal Regional Eleitoral de Goi\u00e1s<\/p>\n\n\n\n<hr class=\"wp-block-separator has-alpha-channel-opacity\"\/>\n\n\n\n<h3 class=\"wp-block-heading mb-1\">INTEROPERABILIDADE TRIBUT\u00c1RIA INTERNACIONAL: GOVERNAN\u00c7A DIGITAL COMO CAMINHO PARA JUSTI\u00c7A FISCAL E DESENVOLVIMENTO SUSTENT\u00c1VEL<\/h3>\n\n\n\n<p><strong>Autoria:<\/strong> Natacia Regina Fidelis Marinho Ferraz, Diogenes Matos Padilha Ferraz, Abimael Ortiz Barros, William Rodrigo Joanico, Katiucia Fernanda Ribeiro Batista De Castilho\n<br><strong>Afilia\u00e7\u00e3o:<\/strong> Universidade Federal do Paran\u00e1 &#8211; UFPR<\/p>\n\n\n\n<hr class=\"wp-block-separator has-alpha-channel-opacity\"\/>\n\n\n\n<h3 class=\"wp-block-heading mb-1\">Conformidade SOX e Moderniza\u00e7\u00e3o de Sistemas Legados em Estatais Brasileiras: Uma An\u00e1lise dos Desafios de Controles Internos<\/h3>\n\n\n\n<p><strong>Autoria:<\/strong> Nagele Alves Domit\n<br><strong>Afilia\u00e7\u00e3o:<\/strong> Instituto Federal do Paran\u00e1 &#8211; IFPR<\/p>\n\n\n\n<hr class=\"wp-block-separator has-alpha-channel-opacity\"\/>\n\n\n\n<h3 class=\"wp-block-heading mb-1\">A INTELIG\u00caNCIA ARTIFICIAL E A ANONIMIZA\u00c7\u00c3O ALIADAS \u00c0 PROTE\u00c7\u00c3O DE DADOS PESSOAIS<\/h3>\n\n\n\n<p><strong>Autoria:<\/strong> M\u00e1rio Gleick Aguiar Guimar\u00e3es, Arnaldo Mauerberg Junior\n<br><strong>Afilia\u00e7\u00e3o:<\/strong> Universidade de Bras\u00edlia (UnB)<\/p>\n\n\n\n<hr class=\"wp-block-separator has-alpha-channel-opacity\"\/>\n\n\n\n<ul class=\"wp-block-navigation\">\n\t<li><a href=\"https:\/\/infosfera.inf.br\/infosfera2025\/sessao-13-observatorios-e-dados-abertos\/\"><strong>Sess\u00e3o 13<\/strong> Observat\u00f3rios e Dados Abertos<\/a><\/li>\n\t<li><a href=\"https:\/\/infosfera.inf.br\/infosfera2025\/sessao-15-gestao-do-conhecimento-ii\/\"><strong>Sess\u00e3o 15<\/strong> Gest\u00e3o do Conhecimento II<\/a><\/li>\n<\/ul>\n","protected":false},"excerpt":{"rendered":"<p>21\/10\/2025 \u2022 9h30 \u00e0s 11h00Local: Sala 113Media\u00e7\u00e3o: Taiane Rita Coelho (UFPR) Compliance na Justi\u00e7a Eleitoral: modelo replic\u00e1vel de gest\u00e3o baseada na ISO 37301 para transforma\u00e7\u00e3o digital e integridade institucional Autoria: Ilana Murici Ayres, Vitor Carneiro Ramos, Jos\u00e9 Carlos Lucio Maia, Suzana Giliolli, Fl\u00e1vio Rold\u00e3o de Carvalho Lelis Afilia\u00e7\u00e3o: Tribunal Regional Eleitoral de Goi\u00e1s INTEROPERABILIDADE TRIBUT\u00c1RIA &hellip; <a href=\"https:\/\/infosfera.inf.br\/infosfera2025\/sessao-14-compliance-e-integridade\/\" class=\"more-link\">Continue reading<span class=\"screen-reader-text\"> &#8220;Sess\u00e3o 14 &#8211; Compliance e Integridade&#8221;<\/span><\/a><\/p>\n","protected":false},"author":1,"featured_media":0,"parent":0,"menu_order":0,"comment_status":"closed","ping_status":"closed","template":"","meta":{"_acf_changed":false,"footnotes":""},"class_list":["post-629","page","type-page","status-publish","hentry"],"acf":[],"_links":{"self":[{"href":"https:\/\/infosfera.inf.br\/infosfera2025\/wp-json\/wp\/v2\/pages\/629","targetHints":{"allow":["GET"]}}],"collection":[{"href":"https:\/\/infosfera.inf.br\/infosfera2025\/wp-json\/wp\/v2\/pages"}],"about":[{"href":"https:\/\/infosfera.inf.br\/infosfera2025\/wp-json\/wp\/v2\/types\/page"}],"author":[{"embeddable":true,"href":"https:\/\/infosfera.inf.br\/infosfera2025\/wp-json\/wp\/v2\/users\/1"}],"replies":[{"embeddable":true,"href":"https:\/\/infosfera.inf.br\/infosfera2025\/wp-json\/wp\/v2\/comments?post=629"}],"version-history":[{"count":4,"href":"https:\/\/infosfera.inf.br\/infosfera2025\/wp-json\/wp\/v2\/pages\/629\/revisions"}],"predecessor-version":[{"id":753,"href":"https:\/\/infosfera.inf.br\/infosfera2025\/wp-json\/wp\/v2\/pages\/629\/revisions\/753"}],"wp:attachment":[{"href":"https:\/\/infosfera.inf.br\/infosfera2025\/wp-json\/wp\/v2\/media?parent=629"}],"curies":[{"name":"wp","href":"https:\/\/api.w.org\/{rel}","templated":true}]}}