{"id":630,"date":"2025-10-05T15:43:21","date_gmt":"2025-10-05T18:43:21","guid":{"rendered":"https:\/\/infosfera.inf.br\/infosfera2025\/?page_id=630"},"modified":"2025-10-14T16:01:03","modified_gmt":"2025-10-14T19:01:03","slug":"sessao-15-gestao-do-conhecimento-ii","status":"publish","type":"page","link":"https:\/\/infosfera.inf.br\/infosfera2025\/sessao-15-gestao-do-conhecimento-ii\/","title":{"rendered":"Sess\u00e3o 15 &#8211; Gest\u00e3o do Conhecimento II"},"content":{"rendered":"\n<p><strong>21\/10\/2025 \u2022 9h30 \u00e0s 11h00<\/strong><br><strong>Local:<\/strong> Sala 108<br><strong>Media\u00e7\u00e3o: <\/strong>Genilson Geraldo (UFPR)<\/p>\n\n\n\n<hr class=\"wp-block-separator has-alpha-channel-opacity\"\/>\n\n\n\n<h3 class=\"wp-block-heading mb-1\">O desafio da privacidade: estudos desde Ball e Webster (2003) que apontam para o pensamento em Governan\u00e7a Digital<\/h3>\n\n\n\n<p><strong>Autoria:<\/strong> Aguinaldo Ferreira dos Santos, Edelvino Razzolini Filho\n<br><strong>Afilia\u00e7\u00e3o:<\/strong> Universidade Federal do Paran\u00e1 (UFPR)<\/p>\n\n\n\n<hr class=\"wp-block-separator has-alpha-channel-opacity\"\/>\n\n\n\n<h3 class=\"wp-block-heading mb-1\">Aprendizado ao longo da vida e Resili\u00eancia Informacional na promo\u00e7\u00e3o de uma Cultura de Aprendizagem Organizacional<\/h3>\n\n\n\n<p><strong>Autoria:<\/strong> Ana Claudia De Batista Fernandes Petroro, Roberta Caroline Raucher Do Canto\n<br><strong>Afilia\u00e7\u00e3o:<\/strong> Universidade Federal do Paran\u00e1 (UFPR)<\/p>\n\n\n\n<hr class=\"wp-block-separator has-alpha-channel-opacity\"\/>\n\n\n\n<h3 class=\"wp-block-heading mb-1\">An\u00e1lise dos Fluxos de Informa\u00e7\u00e3o de um Setor de TI na Administra\u00e7\u00e3o P\u00fablica<\/h3>\n\n\n\n<p><strong>Autoria:<\/strong> Andre Felipe Gruber Bueno, Egon Walter Wildauer\n<br><strong>Afilia\u00e7\u00e3o:<\/strong> Universidade Federal do Paran\u00e1<\/p>\n\n\n\n<hr class=\"wp-block-separator has-alpha-channel-opacity\"\/>\n\n\n\n<h3 class=\"wp-block-heading mb-1\">Aplicabilidade dos Cinco Capacitores da Gest\u00e3o do Conhecimento para Inova\u00e7\u00e3o na Esfera P\u00fablica<\/h3>\n\n\n\n<p><strong>Autoria:<\/strong> Laiz Carolline Strehl de Oliveira, Alessandro de Oliveira Ossola Ribeiro\n<br><strong>Afilia\u00e7\u00e3o:<\/strong> Universidade Federal do Paran\u00e1<\/p>\n\n\n\n<hr class=\"wp-block-separator has-alpha-channel-opacity\"\/>\n\n\n\n<ul class=\"wp-block-navigation\">\n\t<li><a href=\"https:\/\/infosfera.inf.br\/infosfera2025\/sessao-14-compliance-e-integridade\/\"><strong>Sess\u00e3o 14<\/strong> Compliance e Integridade<\/a><\/li>\n\t<li><a href=\"https:\/\/infosfera.inf.br\/infosfera2025\/sessao-16-educacao-e-inovacao-publica\/\"><strong>Sess\u00e3o 16<\/strong> Educa\u00e7\u00e3o e Inova\u00e7\u00e3o P\u00fablica<\/a><\/li>\n<\/ul>\n","protected":false},"excerpt":{"rendered":"<p>21\/10\/2025 \u2022 9h30 \u00e0s 11h00Local: Sala 108Media\u00e7\u00e3o: Genilson Geraldo (UFPR) O desafio da privacidade: estudos desde Ball e Webster (2003) que apontam para o pensamento em Governan\u00e7a Digital Autoria: Aguinaldo Ferreira dos Santos, Edelvino Razzolini Filho Afilia\u00e7\u00e3o: Universidade Federal do Paran\u00e1 (UFPR) Aprendizado ao longo da vida e Resili\u00eancia Informacional na promo\u00e7\u00e3o de uma Cultura &hellip; <a href=\"https:\/\/infosfera.inf.br\/infosfera2025\/sessao-15-gestao-do-conhecimento-ii\/\" class=\"more-link\">Continue reading<span class=\"screen-reader-text\"> &#8220;Sess\u00e3o 15 &#8211; Gest\u00e3o do Conhecimento II&#8221;<\/span><\/a><\/p>\n","protected":false},"author":1,"featured_media":0,"parent":0,"menu_order":0,"comment_status":"closed","ping_status":"closed","template":"","meta":{"_acf_changed":false,"footnotes":""},"class_list":["post-630","page","type-page","status-publish","hentry"],"acf":[],"_links":{"self":[{"href":"https:\/\/infosfera.inf.br\/infosfera2025\/wp-json\/wp\/v2\/pages\/630","targetHints":{"allow":["GET"]}}],"collection":[{"href":"https:\/\/infosfera.inf.br\/infosfera2025\/wp-json\/wp\/v2\/pages"}],"about":[{"href":"https:\/\/infosfera.inf.br\/infosfera2025\/wp-json\/wp\/v2\/types\/page"}],"author":[{"embeddable":true,"href":"https:\/\/infosfera.inf.br\/infosfera2025\/wp-json\/wp\/v2\/users\/1"}],"replies":[{"embeddable":true,"href":"https:\/\/infosfera.inf.br\/infosfera2025\/wp-json\/wp\/v2\/comments?post=630"}],"version-history":[{"count":3,"href":"https:\/\/infosfera.inf.br\/infosfera2025\/wp-json\/wp\/v2\/pages\/630\/revisions"}],"predecessor-version":[{"id":751,"href":"https:\/\/infosfera.inf.br\/infosfera2025\/wp-json\/wp\/v2\/pages\/630\/revisions\/751"}],"wp:attachment":[{"href":"https:\/\/infosfera.inf.br\/infosfera2025\/wp-json\/wp\/v2\/media?parent=630"}],"curies":[{"name":"wp","href":"https:\/\/api.w.org\/{rel}","templated":true}]}}