{"id":631,"date":"2025-10-05T15:43:53","date_gmt":"2025-10-05T18:43:53","guid":{"rendered":"https:\/\/infosfera.inf.br\/infosfera2025\/?page_id=631"},"modified":"2025-10-14T16:03:00","modified_gmt":"2025-10-14T19:03:00","slug":"sessao-16-educacao-e-inovacao-publica","status":"publish","type":"page","link":"https:\/\/infosfera.inf.br\/infosfera2025\/sessao-16-educacao-e-inovacao-publica\/","title":{"rendered":"Sess\u00e3o 16 &#8211; Educa\u00e7\u00e3o e Inova\u00e7\u00e3o P\u00fablica"},"content":{"rendered":"\n<p><strong>21\/10\/2025 \u2022 9h30 \u00e0s 11h00<\/strong><br><strong>Local:<\/strong> Sala 109<br><strong>Media\u00e7\u00e3o: <\/strong>Thiago Nascimento (UnB)<\/p>\n\n\n\n<hr class=\"wp-block-separator has-alpha-channel-opacity\"\/>\n\n\n\n<h3 class=\"wp-block-heading mb-1\">Plataformiza\u00e7\u00e3o, Cultura Organizacional e Burnout Docente: A Intensifica\u00e7\u00e3o do Sofrimento nas Escolas P\u00fablicas<\/h3>\n\n\n\n<p><strong>Autoria:<\/strong> Danielle Rocio de Souza Arns Steiner, Maria do Carmo Duarte Freitas, Marco Antonio do Socorro Marques Bessa\n<br><strong>Afilia\u00e7\u00e3o:<\/strong> Universidade Federal do Paran\u00e1<\/p>\n\n\n\n<hr class=\"wp-block-separator has-alpha-channel-opacity\"\/>\n\n\n\n<h3 class=\"wp-block-heading mb-1\">Forma\u00e7\u00e3o para a Inova\u00e7\u00e3o na Gest\u00e3o P\u00fablica: A Experi\u00eancia da DTI\/SEED-PR em Gest\u00e3o da Informa\u00e7\u00e3o e Educa\u00e7\u00e3o.<\/h3>\n\n\n\n<p><strong>Autoria:<\/strong> Viviane Campana Fontino, Emir Campagnaro, Giovani Nogueira, Solange Stacki Souza <br><strong>Afilia\u00e7\u00e3o:<\/strong> Secretaria de Estado da Educa\u00e7\u00e3o do Paran\u00e1-SEED\/PR<\/p>\n\n\n\n<hr class=\"wp-block-separator has-alpha-channel-opacity\"\/>\n\n\n\n<h3 class=\"wp-block-heading mb-1\">Intelig\u00eancia Artificial Generativa e \u00c9tica no setor p\u00fablico: reflex\u00f5es a partir da educa\u00e7\u00e3o superior<\/h3>\n\n\n\n<p><strong>Autoria:<\/strong> Diocsianne Correia De Moura, Patr\u00edcia Bellotti Carvalho <br><strong>Afilia\u00e7\u00e3o:<\/strong> Universidade Federal do Paran\u00e1 e Universidade Tuiuti&nbsp;do&nbsp;Paran\u00e1<\/p>\n\n\n\n<hr class=\"wp-block-separator has-alpha-channel-opacity\"\/>\n\n\n\n<ul class=\"wp-block-navigation\">\n\t<li><a href=\"https:\/\/infosfera.inf.br\/infosfera2025\/sessao-15-gestao-do-conhecimento-ii\/\"><strong>Sess\u00e3o 15<\/strong> Gest\u00e3o do Conhecimento II<\/a><\/li>\n<li class=\"d-none\"><a href=\"https:\/\/infosfera.inf.br\/infosfera2025\/sessao-16-educacao-e-inovacao-publica\/\"><strong>Sess\u00e3o 16<\/strong> Educa\u00e7\u00e3o e Inova\u00e7\u00e3o P\u00fablica<\/a><\/li>\n<\/ul>\n","protected":false},"excerpt":{"rendered":"<p>21\/10\/2025 \u2022 9h30 \u00e0s 11h00Local: Sala 109Media\u00e7\u00e3o: Thiago Nascimento (UnB) Plataformiza\u00e7\u00e3o, Cultura Organizacional e Burnout Docente: A Intensifica\u00e7\u00e3o do Sofrimento nas Escolas P\u00fablicas Autoria: Danielle Rocio de Souza Arns Steiner, Maria do Carmo Duarte Freitas, Marco Antonio do Socorro Marques Bessa Afilia\u00e7\u00e3o: Universidade Federal do Paran\u00e1 Forma\u00e7\u00e3o para a Inova\u00e7\u00e3o na Gest\u00e3o P\u00fablica: A Experi\u00eancia &hellip; <a href=\"https:\/\/infosfera.inf.br\/infosfera2025\/sessao-16-educacao-e-inovacao-publica\/\" class=\"more-link\">Continue reading<span class=\"screen-reader-text\"> &#8220;Sess\u00e3o 16 &#8211; Educa\u00e7\u00e3o e Inova\u00e7\u00e3o P\u00fablica&#8221;<\/span><\/a><\/p>\n","protected":false},"author":1,"featured_media":0,"parent":0,"menu_order":0,"comment_status":"closed","ping_status":"closed","template":"","meta":{"_acf_changed":false,"footnotes":""},"class_list":["post-631","page","type-page","status-publish","hentry"],"acf":[],"_links":{"self":[{"href":"https:\/\/infosfera.inf.br\/infosfera2025\/wp-json\/wp\/v2\/pages\/631","targetHints":{"allow":["GET"]}}],"collection":[{"href":"https:\/\/infosfera.inf.br\/infosfera2025\/wp-json\/wp\/v2\/pages"}],"about":[{"href":"https:\/\/infosfera.inf.br\/infosfera2025\/wp-json\/wp\/v2\/types\/page"}],"author":[{"embeddable":true,"href":"https:\/\/infosfera.inf.br\/infosfera2025\/wp-json\/wp\/v2\/users\/1"}],"replies":[{"embeddable":true,"href":"https:\/\/infosfera.inf.br\/infosfera2025\/wp-json\/wp\/v2\/comments?post=631"}],"version-history":[{"count":6,"href":"https:\/\/infosfera.inf.br\/infosfera2025\/wp-json\/wp\/v2\/pages\/631\/revisions"}],"predecessor-version":[{"id":754,"href":"https:\/\/infosfera.inf.br\/infosfera2025\/wp-json\/wp\/v2\/pages\/631\/revisions\/754"}],"wp:attachment":[{"href":"https:\/\/infosfera.inf.br\/infosfera2025\/wp-json\/wp\/v2\/media?parent=631"}],"curies":[{"name":"wp","href":"https:\/\/api.w.org\/{rel}","templated":true}]}}