{"id":686,"date":"2025-10-05T18:12:12","date_gmt":"2025-10-05T21:12:12","guid":{"rendered":"https:\/\/infosfera.inf.br\/infosfera2025\/?page_id=686"},"modified":"2025-10-16T19:50:01","modified_gmt":"2025-10-16T22:50:01","slug":"orientacao-aos-autores","status":"publish","type":"page","link":"https:\/\/infosfera.inf.br\/infosfera2025\/orientacao-aos-autores\/","title":{"rendered":"Orienta\u00e7\u00e3o aos autores"},"content":{"rendered":"\n<p>Para garantir uma participa\u00e7\u00e3o tranquila e completa no INFOSFERA 2025, seguem diretrizes e informa\u00e7\u00f5es importantes aos autores de trabalhos que ser\u00e3o apresentados no evento:<\/p>\n\n\n\n<div style=\"height:25px\" aria-hidden=\"true\" class=\"wp-block-spacer\"><\/div>\n\n\n\n<div class=\"wp-block-buttons is-layout-flex wp-container-core-buttons-is-layout-132b0da8 wp-block-buttons-is-layout-flex\">\n<div class=\"wp-block-button\"><a class=\"wp-block-button__link wp-element-button\" href=\"https:\/\/forms.gle\/x7kAiMXg9KokzCtW8\"><strong>Clique aqui para enviar antecipadamente arquivos da apresenta\u00e7\u00e3o de trabalhos<\/strong><\/a><\/div>\n<\/div>\n\n\n\n<div style=\"height:25px\" aria-hidden=\"true\" class=\"wp-block-spacer\"><\/div>\n\n\n\n<p><strong>1. Sess\u00f5es de Apresenta\u00e7\u00e3o de Trabalhos (Presenciais)<\/strong><\/p>\n\n\n\n<p>As apresenta\u00e7\u00f5es de trabalhos ser\u00e3o realizadas de forma <strong>presencial<\/strong> no seguinte local:<\/p>\n\n\n\n<ul class=\"wp-block-list\">\n<li><strong>Endere\u00e7o: <\/strong>Universidade Federal do Paran\u00e1, Setor de Ci\u00eancias Sociais Aplicadas, <strong>Campus Jardim Bot\u00e2nico<\/strong>. Av. Prefeito Loth\u00e1rio Meissner, 632 &#8211; Curitiba (PR) \u2013 Brasil.<\/li>\n\n\n\n<li><strong>Agenda de Sess\u00f5es:<\/strong> As apresenta\u00e7\u00f5es ocorrer\u00e3o nos dias <strong>20 e 21 de outubro de 2025<\/strong>.<\/li>\n\n\n\n<li><strong>Grade Detalhada:<\/strong> A programa\u00e7\u00e3o completa com o dia e hor\u00e1rio exato da sua sess\u00e3o est\u00e1 divulgada no site oficial: <a href=\"https:\/\/infosfera.inf.br\/infosfera2025\/programacao\/\">https:\/\/infosfera.inf.br\/infosfera2025\/programacao\/<\/a><\/li>\n<\/ul>\n\n\n\n<p><strong>Estrutura das Sess\u00f5es de Apresenta\u00e7\u00e3o de Trabalhos:<\/strong><\/p>\n\n\n\n<ul class=\"wp-block-list\">\n<li><strong>Dura\u00e7\u00e3o da Sess\u00e3o:<\/strong> 1 hora e 30 minutos.<\/li>\n\n\n\n<li>Cada sess\u00e3o ter\u00e1 a apresenta\u00e7\u00e3o de <strong>tr\u00eas ou quatro trabalhos<\/strong>.<\/li>\n\n\n\n<li>Voc\u00ea ter\u00e1 entre <strong>15 a 20 minutos<\/strong> para apresentar seu trabalho. O tempo exato ser\u00e1 definido pelo <strong>moderador\/debatedor convidado<\/strong> no in\u00edcio da sess\u00e3o.<\/li>\n\n\n\n<li>Cada trabalho dever\u00e1 ser apresentado por <strong>um \u00fanico autor ou coautor<\/strong>.<\/li>\n<\/ul>\n\n\n\n<p><strong>2. \u00c9 obrigat\u00f3rio<\/strong> o uso do <em>template<\/em> oficial para a sua apresenta\u00e7\u00e3o: o modelo (.pptx) est\u00e1 dispon\u00edvel para <em>download<\/em> aqui:<\/p>\n\n\n\n<div style=\"height:32px\" aria-hidden=\"true\" class=\"wp-block-spacer\"><\/div>\n\n\n\n<div class=\"wp-block-buttons is-content-justification-center is-layout-flex wp-container-core-buttons-is-layout-16018d1d wp-block-buttons-is-layout-flex\">\n<div class=\"wp-block-button\"><a class=\"wp-block-button__link wp-element-button\" href=\"https:\/\/infosfera.inf.br\/infosfera2025\/wp-content\/uploads\/2025\/10\/infosfera-ppt-template_102025.pptx\">Baixar o template (.pptx)<\/a><\/div>\n<\/div>\n\n\n\n<div style=\"height:32px\" aria-hidden=\"true\" class=\"wp-block-spacer\"><\/div>\n\n\n\n<p><strong>3. Certificados e Benef\u00edcios de Participa\u00e7\u00e3o<\/strong><\/p>\n\n\n\n<p>Para autores ou coautores de trabalhos selecionados e <strong>devidamente inscritos<\/strong>, voc\u00ea ter\u00e1 direito aos seguintes benef\u00edcios:<\/p>\n\n\n\n<ul class=\"wp-block-list\">\n<li>Acesso a <strong>toda a programa\u00e7\u00e3o<\/strong> do evento (sess\u00f5es de apresenta\u00e7\u00e3o, pain\u00e9is tem\u00e1ticos, apresenta\u00e7\u00e3o de boas pr\u00e1ticas e Sess\u00e3o Solene).<\/li>\n\n\n\n<li><strong>Kit do participante<\/strong> e <em>coffee break<\/em>.<\/li>\n\n\n\n<li><strong>Inclus\u00e3o do resumo expandido<\/strong> nos anais do Infosfera 2025.<\/li>\n\n\n\n<li><strong>Certificado de apresenta\u00e7\u00e3o de trabalho<\/strong> (condicionado \u00e0 apresenta\u00e7\u00e3o na sess\u00e3o prevista na programa\u00e7\u00e3o).<\/li>\n\n\n\n<li><strong>Certificado de participa\u00e7\u00e3o (com indica\u00e7\u00e3o da carga hor\u00e1ria)<\/strong><\/li>\n<\/ul>\n\n\n\n<p><strong>4. Requisitos para Obten\u00e7\u00e3o do Certificado de Participa\u00e7\u00e3o:<\/strong><\/p>\n\n\n\n<p>A obten\u00e7\u00e3o deste certificado est\u00e1 condicionada ao cumprimento de uma <strong>frequ\u00eancia m\u00ednima<\/strong> nas atividades do INFOSFERA 2025. Voc\u00ea deve participar:<\/p>\n\n\n\n<ul class=\"wp-block-list\">\n<li>Em pelo menos <strong>2 (dois) Pain\u00e9is Tem\u00e1ticos<\/strong>,<\/li>\n\n\n\n<li>Em pelo menos <strong>3 (tr\u00eas) sess\u00f5es de apresenta\u00e7\u00e3o de trabalho<\/strong>, e<\/li>\n\n\n\n<li>na <strong>Sess\u00e3o Solene<\/strong>.<\/li>\n<\/ul>\n\n\n\n<p><strong>Fique atento e n\u00e3o deixe de registrar sua presen\u00e7a!<\/strong><\/p>\n\n\n\n<p><strong>4. D\u00favidas<\/strong><\/p>\n\n\n\n<p>Para quaisquer d\u00favidas ou esclarecimentos adicionais em rela\u00e7\u00e3o ao evento, entre em contato atrav\u00e9s do e-mail oficial: <strong>contato@infosfera.inf.br<\/strong><\/p>\n\n\n\n<div style=\"height:32px\" aria-hidden=\"true\" class=\"wp-block-spacer\"><\/div>\n\n\n\n<div class=\"wp-block-buttons is-content-justification-center is-layout-flex wp-container-core-buttons-is-layout-16018d1d wp-block-buttons-is-layout-flex\">\n<div class=\"wp-block-button\"><a class=\"wp-block-button__link wp-element-button\" href=\"https:\/\/infosfera.inf.br\/infosfera2025\/wp-content\/uploads\/2025\/10\/infosfera-ppt-template_102025.pptx\">Baixar o template (.pptx)<\/a><\/div>\n<\/div>\n\n\n\n<p><\/p>\n","protected":false},"excerpt":{"rendered":"<p>Para garantir uma participa\u00e7\u00e3o tranquila e completa no INFOSFERA 2025, seguem diretrizes e informa\u00e7\u00f5es importantes aos autores de trabalhos que ser\u00e3o apresentados no evento: 1. Sess\u00f5es de Apresenta\u00e7\u00e3o de Trabalhos (Presenciais) As apresenta\u00e7\u00f5es de trabalhos ser\u00e3o realizadas de forma presencial no seguinte local: Estrutura das Sess\u00f5es de Apresenta\u00e7\u00e3o de Trabalhos: 2. \u00c9 obrigat\u00f3rio o uso &hellip; <a href=\"https:\/\/infosfera.inf.br\/infosfera2025\/orientacao-aos-autores\/\" class=\"more-link\">Continue reading<span class=\"screen-reader-text\"> &#8220;Orienta\u00e7\u00e3o aos autores&#8221;<\/span><\/a><\/p>\n","protected":false},"author":1,"featured_media":0,"parent":0,"menu_order":0,"comment_status":"closed","ping_status":"closed","template":"","meta":{"_acf_changed":false,"footnotes":""},"class_list":["post-686","page","type-page","status-publish","hentry"],"acf":[],"_links":{"self":[{"href":"https:\/\/infosfera.inf.br\/infosfera2025\/wp-json\/wp\/v2\/pages\/686","targetHints":{"allow":["GET"]}}],"collection":[{"href":"https:\/\/infosfera.inf.br\/infosfera2025\/wp-json\/wp\/v2\/pages"}],"about":[{"href":"https:\/\/infosfera.inf.br\/infosfera2025\/wp-json\/wp\/v2\/types\/page"}],"author":[{"embeddable":true,"href":"https:\/\/infosfera.inf.br\/infosfera2025\/wp-json\/wp\/v2\/users\/1"}],"replies":[{"embeddable":true,"href":"https:\/\/infosfera.inf.br\/infosfera2025\/wp-json\/wp\/v2\/comments?post=686"}],"version-history":[{"count":5,"href":"https:\/\/infosfera.inf.br\/infosfera2025\/wp-json\/wp\/v2\/pages\/686\/revisions"}],"predecessor-version":[{"id":804,"href":"https:\/\/infosfera.inf.br\/infosfera2025\/wp-json\/wp\/v2\/pages\/686\/revisions\/804"}],"wp:attachment":[{"href":"https:\/\/infosfera.inf.br\/infosfera2025\/wp-json\/wp\/v2\/media?parent=686"}],"curies":[{"name":"wp","href":"https:\/\/api.w.org\/{rel}","templated":true}]}}