{"id":699,"date":"2025-10-05T18:41:24","date_gmt":"2025-10-05T21:41:24","guid":{"rendered":"https:\/\/infosfera.inf.br\/infosfera2025\/?page_id=699"},"modified":"2025-10-05T18:42:03","modified_gmt":"2025-10-05T21:42:03","slug":"palestra-magna","status":"publish","type":"page","link":"https:\/\/infosfera.inf.br\/infosfera2025\/palestra-magna\/","title":{"rendered":"Palestra Magna"},"content":{"rendered":"\n<h2 class=\"wp-block-heading\">Gest\u00e3o de dados e informa\u00e7\u00e3o como fonte de evid\u00eancia para a gest\u00e3o p\u00fablica<\/h2>\n\n\n\n<figure class=\"wp-block-image size-full\"><img loading=\"lazy\" decoding=\"async\" width=\"300\" height=\"300\" src=\"https:\/\/infosfera.inf.br\/infosfera2025\/wp-content\/uploads\/2025\/10\/rodrigo-kanayama.jpg\" alt=\"\" class=\"wp-image-554\" style=\"width:auto\" srcset=\"https:\/\/infosfera.inf.br\/infosfera2025\/wp-content\/uploads\/2025\/10\/rodrigo-kanayama.jpg 300w, https:\/\/infosfera.inf.br\/infosfera2025\/wp-content\/uploads\/2025\/10\/rodrigo-kanayama-150x150.jpg 150w\" sizes=\"auto, (max-width: 300px) 85vw, 300px\" \/><\/figure>\n\n\n\n<h3 class=\"wp-block-heading\">Rodrigo Kanayama<\/h3>\n\n\n\n<p><strong>Presidente da Comiss\u00e3o de Estudos Constitucionais da Ordem dos Advogados do Brasil, Se\u00e7\u00e3o do Paran\u00e1, Professor do Departamento de Direito P\u00fablico da Faculdade de Direito da Universidade Federal do Paran\u00e1<\/strong><\/p>\n\n\n\n<p>Mestre e Doutor em Direito do Estado pela Universidade Federal do Paran\u00e1. Professor Associado do Departamento de Direito P\u00fablico da Faculdade de Direito da Universidade Federal do Paran\u00e1, da Gradua\u00e7\u00e3o e P\u00f3s-Gradua\u00e7\u00e3o. Ministra as disciplinas de: Direito Financeiro, Direito Administrativo, Direito Notarial e Registral, e Pol\u00edtica e Pol\u00edticas P\u00fablicas. Conselheiro Estadual da Ordem dos Advogados do Brasil, Se\u00e7\u00e3o do Paran\u00e1, Presidente da Comiss\u00e3o de Estudos Constitucionais da Ordem dos Advogados do Brasil, Se\u00e7\u00e3o do Paran\u00e1. Advogado em Curitiba.<\/p>\n\n\n\n<p><\/p>\n","protected":false},"excerpt":{"rendered":"<p>Gest\u00e3o de dados e informa\u00e7\u00e3o como fonte de evid\u00eancia para a gest\u00e3o p\u00fablica Rodrigo Kanayama Presidente da Comiss\u00e3o de Estudos Constitucionais da Ordem dos Advogados do Brasil, Se\u00e7\u00e3o do Paran\u00e1, Professor do Departamento de Direito P\u00fablico da Faculdade de Direito da Universidade Federal do Paran\u00e1 Mestre e Doutor em Direito do Estado pela Universidade Federal &hellip; <a href=\"https:\/\/infosfera.inf.br\/infosfera2025\/palestra-magna\/\" class=\"more-link\">Continue reading<span class=\"screen-reader-text\"> &#8220;Palestra Magna&#8221;<\/span><\/a><\/p>\n","protected":false},"author":1,"featured_media":0,"parent":0,"menu_order":0,"comment_status":"closed","ping_status":"closed","template":"","meta":{"_acf_changed":false,"footnotes":""},"class_list":["post-699","page","type-page","status-publish","hentry"],"acf":[],"_links":{"self":[{"href":"https:\/\/infosfera.inf.br\/infosfera2025\/wp-json\/wp\/v2\/pages\/699","targetHints":{"allow":["GET"]}}],"collection":[{"href":"https:\/\/infosfera.inf.br\/infosfera2025\/wp-json\/wp\/v2\/pages"}],"about":[{"href":"https:\/\/infosfera.inf.br\/infosfera2025\/wp-json\/wp\/v2\/types\/page"}],"author":[{"embeddable":true,"href":"https:\/\/infosfera.inf.br\/infosfera2025\/wp-json\/wp\/v2\/users\/1"}],"replies":[{"embeddable":true,"href":"https:\/\/infosfera.inf.br\/infosfera2025\/wp-json\/wp\/v2\/comments?post=699"}],"version-history":[{"count":2,"href":"https:\/\/infosfera.inf.br\/infosfera2025\/wp-json\/wp\/v2\/pages\/699\/revisions"}],"predecessor-version":[{"id":702,"href":"https:\/\/infosfera.inf.br\/infosfera2025\/wp-json\/wp\/v2\/pages\/699\/revisions\/702"}],"wp:attachment":[{"href":"https:\/\/infosfera.inf.br\/infosfera2025\/wp-json\/wp\/v2\/media?parent=699"}],"curies":[{"name":"wp","href":"https:\/\/api.w.org\/{rel}","templated":true}]}}