{"id":719,"date":"2025-10-11T01:20:21","date_gmt":"2025-10-11T04:20:21","guid":{"rendered":"https:\/\/infosfera.inf.br\/infosfera2025\/?page_id=719"},"modified":"2025-10-11T01:20:21","modified_gmt":"2025-10-11T04:20:21","slug":"boas-praticas-selecionadas-para-o-premio-infosfera-2025","status":"publish","type":"page","link":"https:\/\/infosfera.inf.br\/infosfera2025\/boas-praticas-selecionadas-para-o-premio-infosfera-2025\/","title":{"rendered":"Boas Pr\u00e1ticas Selecionadas para o Pr\u00eamio Infosfera 2025"},"content":{"rendered":"\n<p>Saiba quais foram as boas pr\u00e1ticas selecionadas para a apresenta\u00e7\u00e3o e para a cerim\u00f4nia de premia\u00e7\u00e3o do Infosfera 2025. <\/p>\n\n\n\n<ul class=\"wp-block-list\">\n<li>Sess\u00e3o de apresenta\u00e7\u00e3o de boas pr\u00e1ticas: <strong>21 de outubro de 2025<\/strong>, das 16h30 \u00e0s 18h00.<\/li>\n\n\n\n<li>Cerim\u00f4nia de premia\u00e7\u00e3o: <strong>21 de outubro de 2025<\/strong>, a partir das 18h30, durante Sess\u00e3o Solene.<\/li>\n<\/ul>\n\n\n\n<div style=\"height:41px\" aria-hidden=\"true\" class=\"wp-block-spacer\"><\/div>\n\n\n\n<div class=\"wp-block-buttons is-content-justification-center is-layout-flex wp-container-core-buttons-is-layout-16018d1d wp-block-buttons-is-layout-flex\">\n<div class=\"wp-block-button\"><a class=\"wp-block-button__link wp-element-button\" href=\"https:\/\/infosfera.inf.br\/infosfera2025\/wp-content\/uploads\/2025\/10\/infosfera-ppt-template_102025.pptx\">Modelo de Apresenta\u00e7\u00e3o (pptx)<\/a><\/div>\n\n\n\n<div class=\"wp-block-button\"><a class=\"wp-block-button__link wp-element-button\" href=\"https:\/\/infosfera.inf.br\/infosfera2025\/orientacoes-para-apresentacao-de-boas-praticas\/\">Orienta\u00e7\u00f5es para a Apresenta\u00e7\u00e3o<\/a><\/div>\n<\/div>\n\n\n\n<div style=\"height:41px\" aria-hidden=\"true\" class=\"wp-block-spacer\"><\/div>\n\n\n\n<div class=\"paper\">\n    <h5>Painel ID: Dados, um caminho para a cidadania<\/h5>\n    <p><strong>Autoria:<\/strong> Hudson Vinicius Mesquita, Simone Cabanelas Martinez, Thiara dos Santos Alves, Bianca Izumi Maeda, Beatriz Aleixo Bezerra de Sales<\/p>\n    <p><strong>V\u00ednculo Institucional:<\/strong> Secretaria de Governo Digital \/ Minist\u00e9rio da Gest\u00e3o e da Inova\u00e7\u00e3o em Servi\u00e7os P\u00fablicos<\/p>\n<\/div>\n\n<div class=\"paper\">\n    <h5>Projeto &#8211; TRE-RN Simples Assim: Justi\u00e7a para Voc\u00ea!<\/h5>\n    <p><strong>Autoria:<\/strong> Andr\u00e9a Carla Guedes Toscano Campos<\/p>\n    <p><strong>V\u00ednculo Institucional:<\/strong> Tribunal Regional Eleitoral do Rio Grande do Norte<\/p>\n<\/div>\n\n<div class=\"paper\">\n    <h5>NEM: N\u00facleo de Estat\u00edstica Municipal<\/h5>\n    <p><strong>Autoria:<\/strong> Rafael Damasceno de Camargo, Bianca Borger Lussani, Felipe Gomes Madruga<\/p>\n    <p><strong>V\u00ednculo Institucional:<\/strong> Prefeitura Municipal de Sant&#8217;Ana do Livramento<\/p>\n<\/div>\n\n<div class=\"paper\">\n    <h5>Boas Pr\u00e1ticas na Gest\u00e3o de Grupo de Trabalho Remoto para An\u00e1lise de Processos Judiciais Antigos no TRE Goi\u00e1s<\/h5>\n    <p><strong>Autoria:<\/strong> Vitor Carneiro Ramos, Patrick Letouze, Jos\u00e9 Carlos Lucio Maia, Ilana Murici Ayres, Rodrigo de Melo Brustolin<\/p>\n    <p><strong>V\u00ednculo Institucional:<\/strong> Tribunal Regional Eleitoral de Goi\u00e1s<\/p>\n<\/div>\n\n<div class=\"paper\">\n    <h5>Inova\u00e7\u00e3o e Gest\u00e3o no Poder Judici\u00e1rio: Uma Abordagem Emp\u00edrica com Intelig\u00eancia Artificial Generativa para Otimiza\u00e7\u00e3o e Gest\u00e3o de Riscos de Processos<\/h5>\n    <p><strong>Autoria:<\/strong> Lu\u00eds Felipe de Oliveira Reis<\/p>\n    <p><strong>V\u00ednculo Institucional:<\/strong> Tribunal Regional Eleitoral de S\u00e3o Paulo<\/p>\n<\/div>\n\n<div class=\"paper\">\n    <h5>Muralha Digital &#8211; CIOSP (Centro Integrado de Opera\u00e7\u00f5es de Seguran\u00e7a P\u00fablica)<\/h5>\n    <p><strong>Autoria:<\/strong> Ana Paula Pereira<\/p>\n    <p><strong>V\u00ednculo Institucional:<\/strong> Prefeitura Municipal de Campo Largo<\/p>\n<\/div>\n\n<div class=\"paper\">\n    <h5>Painel e Indicador de Maturidade do Plano Plurianual das Entidades Municipais do Estado do Paran\u00e1<\/h5>\n    <p><strong>Autoria:<\/strong> Robson Fernandes Soares, Rafael Morais Gon\u00e7alves Ayres, Fabio Junior Damacena, Douglas Nascimento de Oliveira, Vinicius Garcia Pimenta<\/p>\n    <p><strong>V\u00ednculo Institucional:<\/strong> Tribunal de Contas do Estado do Paran\u00e1<\/p>\n<\/div>\n\n<div class=\"paper\">\n    <h5>Transpar\u00eancia orientada por evid\u00eancias: A evolu\u00e7\u00e3o do Portal da Transpar\u00eancia Rio a partir de avalia\u00e7\u00f5es de desempenho<\/h5>\n    <p><strong>Autoria:<\/strong> Kelly Ferreira Esch, Laura Fantti Davilla Serpa, L\u00e1isa Pontes Teixeira Lisboa Martins, Fernanda de Lima P\u00e9rez<\/p>\n    <p><strong>V\u00ednculo Institucional:<\/strong> Prefeitura da Cidade do Rio de Janeiro<\/p>\n<\/div>\n\n<div class=\"paper\">\n    <h5>Compartilhamento de Dados Interinstitucionais como Estrat\u00e9gia de Compliance Fiscal Cooperativo<\/h5>\n    <p><strong>Autoria:<\/strong> Ricardo Shigueru Fujiwara, Denis Offmann, Givanildo dos Santos Lima, Fabr\u00edcio Aparecido Gon\u00e7alves, Maristela de Oliveira Rivabem<\/p>\n    <p><strong>V\u00ednculo Institucional:<\/strong> Prefeitura Municipal de Pinhais\/PR, Departamento de Rendas Mobili\u00e1rias da Secretaria Municipal de Planejamento, Finan\u00e7as e Or\u00e7amento<\/p>\n<\/div>\n\n<div class=\"paper\">\n    <h5>Normas.leg.br<\/h5>\n    <p><strong>Autoria:<\/strong> Jo\u00e3o Alberto de Oliveira Lima<\/p>\n    <p><strong>V\u00ednculo Institucional:<\/strong> Senado Federal<\/p>\n<\/div>\n\n<div class=\"paper\">\n    <h5>Investiga\u00e7\u00e3o a partir de Sistemas de Informa\u00e7\u00f5es das Emendas Parlamentares de Sa\u00fade Destinadas aos Munic\u00edpios Maranhenses<\/h5>\n    <p><strong>Autoria:<\/strong> Juraci Guimar\u00e3es Junior<\/p>\n    <p><strong>V\u00ednculo Institucional:<\/strong> Minist\u00e9rio P\u00fablico Federal do Maranh\u00e3o <\/p>\n<\/div>\n\n\n\n<div style=\"height:41px\" aria-hidden=\"true\" class=\"wp-block-spacer\"><\/div>\n\n\n\n<p><\/p>\n\n\n\n<p><strong>Autores ou coautores de boas pr\u00e1ticas selecionadas para o Pr\u00eamio Infosfera 2025, ter\u00e3o direito a:<\/strong><\/p>\n\n\n\n<ul class=\"wp-block-list\">\n<li>certificado de apresenta\u00e7\u00e3o de boa pr\u00e1tica (se apresentada em sess\u00e3o prevista na programa\u00e7\u00e3o);<\/li>\n\n\n\n<li>inclus\u00e3o na Plataforma de Boas Pr\u00e1ticas da Infosfera;<\/li>\n\n\n\n<li>divulga\u00e7\u00e3o no site do Pr\u00eamio Infosfera;<\/li>\n\n\n\n<li>men\u00e7\u00e3o honrosa;<\/li>\n\n\n\n<li>trof\u00e9u Infosfera 2025 (ser\u00e1 entregue apenas \u00e0 boa pr\u00e1tica vencedora do Pr\u00eamio).<\/li>\n<\/ul>\n","protected":false},"excerpt":{"rendered":"<p>Saiba quais foram as boas pr\u00e1ticas selecionadas para a apresenta\u00e7\u00e3o e para a cerim\u00f4nia de premia\u00e7\u00e3o do Infosfera 2025. Painel ID: Dados, um caminho para a cidadania Autoria: Hudson Vinicius Mesquita, Simone Cabanelas Martinez, Thiara dos Santos Alves, Bianca Izumi Maeda, Beatriz Aleixo Bezerra de Sales V\u00ednculo Institucional: Secretaria de Governo Digital \/ Minist\u00e9rio da &hellip; <a href=\"https:\/\/infosfera.inf.br\/infosfera2025\/boas-praticas-selecionadas-para-o-premio-infosfera-2025\/\" class=\"more-link\">Continue reading<span class=\"screen-reader-text\"> &#8220;Boas Pr\u00e1ticas Selecionadas para o Pr\u00eamio Infosfera 2025&#8221;<\/span><\/a><\/p>\n","protected":false},"author":6,"featured_media":0,"parent":0,"menu_order":0,"comment_status":"closed","ping_status":"closed","template":"","meta":{"_acf_changed":false,"footnotes":""},"class_list":["post-719","page","type-page","status-publish","hentry"],"acf":[],"_links":{"self":[{"href":"https:\/\/infosfera.inf.br\/infosfera2025\/wp-json\/wp\/v2\/pages\/719","targetHints":{"allow":["GET"]}}],"collection":[{"href":"https:\/\/infosfera.inf.br\/infosfera2025\/wp-json\/wp\/v2\/pages"}],"about":[{"href":"https:\/\/infosfera.inf.br\/infosfera2025\/wp-json\/wp\/v2\/types\/page"}],"author":[{"embeddable":true,"href":"https:\/\/infosfera.inf.br\/infosfera2025\/wp-json\/wp\/v2\/users\/6"}],"replies":[{"embeddable":true,"href":"https:\/\/infosfera.inf.br\/infosfera2025\/wp-json\/wp\/v2\/comments?post=719"}],"version-history":[{"count":6,"href":"https:\/\/infosfera.inf.br\/infosfera2025\/wp-json\/wp\/v2\/pages\/719\/revisions"}],"predecessor-version":[{"id":729,"href":"https:\/\/infosfera.inf.br\/infosfera2025\/wp-json\/wp\/v2\/pages\/719\/revisions\/729"}],"wp:attachment":[{"href":"https:\/\/infosfera.inf.br\/infosfera2025\/wp-json\/wp\/v2\/media?parent=719"}],"curies":[{"name":"wp","href":"https:\/\/api.w.org\/{rel}","templated":true}]}}