{"id":725,"date":"2025-10-11T01:20:15","date_gmt":"2025-10-11T04:20:15","guid":{"rendered":"https:\/\/infosfera.inf.br\/infosfera2025\/?page_id=725"},"modified":"2025-10-11T01:20:15","modified_gmt":"2025-10-11T04:20:15","slug":"orientacoes-para-apresentacao-de-boas-praticas","status":"publish","type":"page","link":"https:\/\/infosfera.inf.br\/infosfera2025\/orientacoes-para-apresentacao-de-boas-praticas\/","title":{"rendered":"Orienta\u00e7\u00f5es para Apresenta\u00e7\u00e3o de Boas Pr\u00e1ticas"},"content":{"rendered":"\n<div style=\"height:25px\" aria-hidden=\"true\" class=\"wp-block-spacer\"><\/div>\n\n\n\n<div class=\"wp-block-buttons is-content-justification-center is-layout-flex wp-container-core-buttons-is-layout-16018d1d wp-block-buttons-is-layout-flex\">\n<div class=\"wp-block-button\"><a class=\"wp-block-button__link wp-element-button\" href=\"https:\/\/infosfera.inf.br\/infosfera2025\/wp-content\/uploads\/2025\/10\/infosfera-ppt-template_102025.pptx\">Modelo de Apresenta\u00e7\u00e3o (pptx)<\/a><\/div>\n\n\n\n<div class=\"wp-block-button\"><a class=\"wp-block-button__link wp-element-button\" href=\"https:\/\/infosfera.inf.br\/infosfera2025\/?page_id=719\">Ir para Boas Pr\u00e1ticas Selecionadas<\/a><\/div>\n<\/div>\n\n\n\n<div style=\"height:25px\" aria-hidden=\"true\" class=\"wp-block-spacer\"><\/div>\n\n\n\n<p>Para garantir uma participa\u00e7\u00e3o tranquila e completa no INFOSFERA 2025, seguem diretrizes e informa\u00e7\u00f5es importantes aos representantes de boas pr\u00e1ticas que ser\u00e3o apresentadas no evento:<\/p>\n\n\n\n<div style=\"height:25px\" aria-hidden=\"true\" class=\"wp-block-spacer\"><\/div>\n\n\n\n<p><strong>1. Apresenta\u00e7\u00e3o de Boas Pr\u00e1ticas e Cerim\u00f4nia de Premia\u00e7\u00e3o (Presenciais)<\/strong><\/p>\n\n\n\n<div style=\"height:25px\" aria-hidden=\"true\" class=\"wp-block-spacer\"><\/div>\n\n\n\n<p>As apresenta\u00e7\u00f5es de boas pr\u00e1ticas e a cerim\u00f4nia de premia\u00e7\u00e3o ser\u00e3o realizadas de forma <strong>presencial<\/strong> no seguinte local:<\/p>\n\n\n\n<ul class=\"wp-block-list\">\n<li><strong>Endere\u00e7o: <\/strong>Universidade Federal do Paran\u00e1, Setor de Ci\u00eancias Sociais Aplicadas, <strong>Campus Jardim Bot\u00e2nico<\/strong>. Av. Prefeito Loth\u00e1rio Meissner, 632 &#8211; Curitiba (PR) \u2013 Brasil.<\/li>\n\n\n\n<li><strong>Agenda:<\/strong> \n<ul class=\"wp-block-list\">\n<li>Sess\u00e3o de apresenta\u00e7\u00e3o de boas pr\u00e1ticas: <strong>21 de outubro de 2025<\/strong>, das 16h30 \u00e0s 18h00.<\/li>\n\n\n\n<li>Cerim\u00f4nia de premia\u00e7\u00e3o: <strong>21 de outubro de 2025<\/strong>, a partir das 18h30, durante Sess\u00e3o Solene.<\/li>\n<\/ul>\n<\/li>\n\n\n\n<li><strong>Boas Pr\u00e1ticas Selecionadas:<\/strong> A rela\u00e7\u00e3o completa de boas pr\u00e1ticas presentes na sess\u00e3o de apresenta\u00e7\u00e3o est\u00e1 no site oficial: <a href=\"https:\/\/infosfera.inf.br\/infosfera2025\/boas-praticas-selecionadas-para-o-premio-infosfera-2025\/\">https:\/\/infosfera.inf.br\/infosfera2025\/boas-praticas-selecionadas-para-o-premio-infosfera-2025\/<\/a><\/li>\n<\/ul>\n\n\n\n<div style=\"height:25px\" aria-hidden=\"true\" class=\"wp-block-spacer\"><\/div>\n\n\n\n<p><strong>2. Credenciamento<\/strong><\/p>\n\n\n\n<p>Identifica\u00e7\u00e3o: Ao chegar ao local do evento, dirija-se \u00e0 mesa de credenciamento e identifique-se claramente como um(a) Representante de Boa Pr\u00e1tica Selecionada para o Pr\u00eamio Infosfera. Isso agilizar\u00e1 a retirada de seu material e a orienta\u00e7\u00e3o para a sala de apresenta\u00e7\u00e3o.<\/p>\n\n\n\n<div style=\"height:25px\" aria-hidden=\"true\" class=\"wp-block-spacer\"><\/div>\n\n\n\n<p><strong>3. Sess\u00e3o de Apresenta\u00e7\u00e3o de Boas Pr\u00e1ticas<\/strong><\/p>\n\n\n\n<p>A sua pr\u00e1tica foi selecionada para ser apresentada ao p\u00fablico em um formato din\u00e2mico e conciso: o pitch. <\/p>\n\n\n\n<p>O pitch deve ser uma narrativa envolvente de 5 a 6 minutos, focada nos aspectos mais impactantes da sua pr\u00e1tica. O objetivo \u00e9 contar uma hist\u00f3ria que valide o valor, a efetividade e o futuro da iniciativa. <\/p>\n\n\n\n<p>Cada pr\u00e1tica dever\u00e1 ser apresentada por um \u00fanico representante.<\/p>\n\n\n\n<p><\/p>\n\n\n\n<p><em>Estrutura Sugerida (5 a 6 Minutos)<br><\/em>Recomendamos que voc\u00ea estruture sua apresenta\u00e7\u00e3o em tr\u00eas blocos principais para garantir que o p\u00fablico receba a informa\u00e7\u00e3o mais crucial:<\/p>\n\n\n\n<ul class=\"wp-block-list\">\n<li>O Problema (Porqu\u00ea?): O primeiro minuto deve ser dedicado a descrever o desafio ou a necessidade que motivou a cria\u00e7\u00e3o da pr\u00e1tica. Deixe claro o contexto e a relev\u00e2ncia do problema.<\/li>\n\n\n\n<li>A Pr\u00e1tica e os Resultados (O Qu\u00ea? \/ Quais?): Dedique a maior parte do tempo (2 a 3 minutos) para mostrar a pr\u00e1tica em a\u00e7\u00e3o. Apresente os resultados e as evid\u00eancias de impacto (melhoria de servi\u00e7o, economia, satisfa\u00e7\u00e3o, etc). Voc\u00ea pode enfatizar o impacto social, econ\u00f4mico ou pol\u00edtico.<\/li>\n\n\n\n<li>Transferibilidade e Futuro: No final, destaque a capacidade da pr\u00e1tica de ser replicada, escalada e mantida (Sustentabilidade).<\/li>\n<\/ul>\n\n\n\n<p><em>Uso de Recursos Visuais<br><\/em>O tempo \u00e9 curto e precioso. Siga estas orienta\u00e7\u00f5es para a sua apresenta\u00e7\u00e3o:<\/p>\n\n\n\n<ul class=\"wp-block-list\">\n<li>Conte\u00fado Visual: Utilize o m\u00e1ximo de gr\u00e1ficos, imagens e v\u00eddeos curtos que demonstrem a pr\u00e1tica em opera\u00e7\u00e3o. O visual deve falar mais alto que o texto.<\/li>\n\n\n\n<li>Texto M\u00ednimo: Reduza o texto dos slides ao m\u00ednimo necess\u00e1rio (t\u00edtulos e palavras-chave). Evite ler os slides.<\/li>\n<\/ul>\n\n\n\n<p><em>Suporte T\u00e9cnico: <br><\/em>Haver\u00e1 suporte t\u00e9cnico para a proje\u00e7\u00e3o de slides. Recomendamos o uso do template de apresenta\u00e7\u00e3o oficial do evento para manter a padroniza\u00e7\u00e3o visual.<\/p>\n\n\n\n<div style=\"height:29px\" aria-hidden=\"true\" class=\"wp-block-spacer\"><\/div>\n\n\n\n<div class=\"wp-block-buttons is-content-justification-center is-layout-flex wp-container-core-buttons-is-layout-16018d1d wp-block-buttons-is-layout-flex\">\n<div class=\"wp-block-button\"><a class=\"wp-block-button__link wp-element-button\" href=\"https:\/\/infosfera.inf.br\/infosfera2025\/wp-content\/uploads\/2025\/10\/infosfera-ppt-template_102025.pptx\">Modelo de Apresenta\u00e7\u00e3o (pptx)<\/a><\/div>\n\n\n\n<div class=\"wp-block-button\"><a class=\"wp-block-button__link wp-element-button\" href=\"https:\/\/infosfera.inf.br\/infosfera2025\/?page_id=719\">Ir para Boas Pr\u00e1ticas Selecionadas<\/a><\/div>\n<\/div>\n\n\n\n<div style=\"height:29px\" aria-hidden=\"true\" class=\"wp-block-spacer\"><\/div>\n\n\n\n<p><strong>4. Cerim\u00f4nia de Premia\u00e7\u00e3o<\/strong><\/p>\n\n\n\n<p>Representantes de boas pr\u00e1ticas selecionadas para o Pr\u00eamio Infosfera s\u00e3o esperados para a cerim\u00f4nia de premia\u00e7\u00e3o, que ocorrer\u00e1 em Sess\u00e3o Solene, agendada para o dia 21 de outubro, a partir das 18h30. Solicitamos que, antes de adentrar ao audit\u00f3rio, certifiquem-se de buscar orienta\u00e7\u00f5es junto \u00e0 equipe de organiza\u00e7\u00e3o do evento.<\/p>\n\n\n\n<p>Durante a premia\u00e7\u00e3o final, ser\u00e3o concedidos: <\/p>\n\n\n\n<ul class=\"wp-block-list\">\n<li>Pr\u00eamio Infosfera 2025: \u00e0 pr\u00e1tica de maior express\u00e3o; <\/li>\n\n\n\n<li>Men\u00e7\u00f5es Honrosas e Destaques, \u00e0s demais pr\u00e1ticas selecionadas. <\/li>\n<\/ul>\n\n\n\n<div style=\"height:25px\" aria-hidden=\"true\" class=\"wp-block-spacer\"><\/div>\n\n\n\n<p><strong>5. Benef\u00edcios e certifica\u00e7\u00e3o<\/strong><\/p>\n\n\n\n<p><strong>Autores ou coautores de boas pr\u00e1ticas selecionadas para o Pr\u00eamio Infosfera 2025, ter\u00e3o direito a:<\/strong><\/p>\n\n\n\n<ul class=\"wp-block-list\">\n<li>certificado de apresenta\u00e7\u00e3o de boa pr\u00e1tica (se apresentada em sess\u00e3o prevista na programa\u00e7\u00e3o);<\/li>\n\n\n\n<li>inclus\u00e3o na Plataforma de Boas Pr\u00e1ticas da Infosfera;<\/li>\n\n\n\n<li>divulga\u00e7\u00e3o no site do Pr\u00eamio Infosfera;<\/li>\n\n\n\n<li>men\u00e7\u00e3o honrosa;<\/li>\n\n\n\n<li>trof\u00e9u Infosfera 2025 (ser\u00e1 entregue apenas \u00e0 boa pr\u00e1tica vencedora do Pr\u00eamio).<\/li>\n<\/ul>\n\n\n\n<div style=\"height:25px\" aria-hidden=\"true\" class=\"wp-block-spacer\"><\/div>\n\n\n\n<p><strong>6. D\u00favidas<\/strong><\/p>\n\n\n\n<p>Para quaisquer d\u00favidas ou esclarecimentos adicionais em rela\u00e7\u00e3o ao evento, escreva para: <strong>contato@infosfera.inf.br<\/strong><\/p>\n\n\n\n<p><\/p>\n","protected":false},"excerpt":{"rendered":"<p>Para garantir uma participa\u00e7\u00e3o tranquila e completa no INFOSFERA 2025, seguem diretrizes e informa\u00e7\u00f5es importantes aos representantes de boas pr\u00e1ticas que ser\u00e3o apresentadas no evento: 1. Apresenta\u00e7\u00e3o de Boas Pr\u00e1ticas e Cerim\u00f4nia de Premia\u00e7\u00e3o (Presenciais) As apresenta\u00e7\u00f5es de boas pr\u00e1ticas e a cerim\u00f4nia de premia\u00e7\u00e3o ser\u00e3o realizadas de forma presencial no seguinte local: 2. Credenciamento &hellip; <a href=\"https:\/\/infosfera.inf.br\/infosfera2025\/orientacoes-para-apresentacao-de-boas-praticas\/\" class=\"more-link\">Continue reading<span class=\"screen-reader-text\"> &#8220;Orienta\u00e7\u00f5es para Apresenta\u00e7\u00e3o de Boas Pr\u00e1ticas&#8221;<\/span><\/a><\/p>\n","protected":false},"author":6,"featured_media":0,"parent":0,"menu_order":0,"comment_status":"closed","ping_status":"closed","template":"","meta":{"_acf_changed":false,"footnotes":""},"class_list":["post-725","page","type-page","status-publish","hentry"],"acf":[],"_links":{"self":[{"href":"https:\/\/infosfera.inf.br\/infosfera2025\/wp-json\/wp\/v2\/pages\/725","targetHints":{"allow":["GET"]}}],"collection":[{"href":"https:\/\/infosfera.inf.br\/infosfera2025\/wp-json\/wp\/v2\/pages"}],"about":[{"href":"https:\/\/infosfera.inf.br\/infosfera2025\/wp-json\/wp\/v2\/types\/page"}],"author":[{"embeddable":true,"href":"https:\/\/infosfera.inf.br\/infosfera2025\/wp-json\/wp\/v2\/users\/6"}],"replies":[{"embeddable":true,"href":"https:\/\/infosfera.inf.br\/infosfera2025\/wp-json\/wp\/v2\/comments?post=725"}],"version-history":[{"count":7,"href":"https:\/\/infosfera.inf.br\/infosfera2025\/wp-json\/wp\/v2\/pages\/725\/revisions"}],"predecessor-version":[{"id":734,"href":"https:\/\/infosfera.inf.br\/infosfera2025\/wp-json\/wp\/v2\/pages\/725\/revisions\/734"}],"wp:attachment":[{"href":"https:\/\/infosfera.inf.br\/infosfera2025\/wp-json\/wp\/v2\/media?parent=725"}],"curies":[{"name":"wp","href":"https:\/\/api.w.org\/{rel}","templated":true}]}}