{"id":772,"date":"2025-10-16T18:15:46","date_gmt":"2025-10-16T21:15:46","guid":{"rendered":"https:\/\/infosfera.inf.br\/infosfera2025\/?page_id=772"},"modified":"2025-10-16T19:31:26","modified_gmt":"2025-10-16T22:31:26","slug":"networking-dirigido-entre-pesquisadores","status":"publish","type":"page","link":"https:\/\/infosfera.inf.br\/infosfera2025\/networking-dirigido-entre-pesquisadores\/","title":{"rendered":"Networking Dirigido entre Pesquisadores"},"content":{"rendered":"\n<h2 class=\"wp-block-heading\">Atividade Especial &#8211; 20\/10, das 17h30 \u00e0s 18h30<\/h2>\n\n\n\n<div style=\"height:29px\" aria-hidden=\"true\" class=\"wp-block-spacer\"><\/div>\n\n\n\n<div class=\"wp-block-buttons is-layout-flex wp-block-buttons-is-layout-flex\">\n<div class=\"wp-block-button\"><a class=\"wp-block-button__link wp-element-button\" href=\"https:\/\/forms.gle\/GtjfpgFbRr29C6PE7\">Registre-se! Vagas Limitadas<\/a><\/div>\n<\/div>\n\n\n\n<div style=\"height:29px\" aria-hidden=\"true\" class=\"wp-block-spacer\"><\/div>\n\n\n\n<h2 class=\"wp-block-heading\">Objetivo<\/h2>\n\n\n\n<p>Facilitar a identifica\u00e7\u00e3o de interesses de pesquisa complementares e a forma\u00e7\u00e3o de potenciais parcerias e colabora\u00e7\u00f5es de pesquisa.<\/p>\n\n\n\n<figure class=\"wp-block-image size-full\"><img decoding=\"async\" src=\"https:\/\/infosfera.inf.br\/infosfera2025\/wp-content\/uploads\/2025\/10\/Vizeu-e1760591446354.jpg\" alt=\"\" class=\"wp-image-554\" style=\"width:auto\"\/><\/figure>\n\n\n\n<h3 class=\"wp-block-heading\">F\u00e1bio Vizeu<\/h3>\n\n\n\n<p><strong>L\u00edder do grupo de pesquisa em Organiza\u00e7\u00e3o, Linguagem e Mudan\u00e7a Social (CNPq)<\/strong>. <\/p>\n\n\n\n<p>Doutor em Administra\u00e7\u00e3o pela Funda\u00e7\u00e3o Get\u00falio Vargas. Professor do Programa de P\u00f3s-Gradua\u00e7\u00e3o em Administra\u00e7\u00e3o da Universidade Positivo. Pesquisador do campo de Estudos Organizacionais e Estrat\u00e9gia, com \u00eanfase em lideran\u00e7a, comunica\u00e7\u00e3o e discurso, desenvolvimento do pensamento estrat\u00e9gico e hermen\u00eautica cr\u00edtica. Comentarista na \u00e1rea de gest\u00e3o e carreira. <\/p>\n\n\n\n<p><\/p>\n","protected":false},"excerpt":{"rendered":"<p>Atividade Especial &#8211; 20\/10, das 17h30 \u00e0s 18h30 Objetivo Facilitar a identifica\u00e7\u00e3o de interesses de pesquisa complementares e a forma\u00e7\u00e3o de potenciais parcerias e colabora\u00e7\u00f5es de pesquisa. F\u00e1bio Vizeu L\u00edder do grupo de pesquisa em Organiza\u00e7\u00e3o, Linguagem e Mudan\u00e7a Social (CNPq). Doutor em Administra\u00e7\u00e3o pela Funda\u00e7\u00e3o Get\u00falio Vargas. Professor do Programa de P\u00f3s-Gradua\u00e7\u00e3o em Administra\u00e7\u00e3o &hellip; <a href=\"https:\/\/infosfera.inf.br\/infosfera2025\/networking-dirigido-entre-pesquisadores\/\" class=\"more-link\">Continue reading<span class=\"screen-reader-text\"> &#8220;Networking Dirigido entre Pesquisadores&#8221;<\/span><\/a><\/p>\n","protected":false},"author":6,"featured_media":0,"parent":0,"menu_order":0,"comment_status":"closed","ping_status":"closed","template":"","meta":{"_acf_changed":false,"footnotes":""},"class_list":["post-772","page","type-page","status-publish","hentry"],"acf":[],"_links":{"self":[{"href":"https:\/\/infosfera.inf.br\/infosfera2025\/wp-json\/wp\/v2\/pages\/772","targetHints":{"allow":["GET"]}}],"collection":[{"href":"https:\/\/infosfera.inf.br\/infosfera2025\/wp-json\/wp\/v2\/pages"}],"about":[{"href":"https:\/\/infosfera.inf.br\/infosfera2025\/wp-json\/wp\/v2\/types\/page"}],"author":[{"embeddable":true,"href":"https:\/\/infosfera.inf.br\/infosfera2025\/wp-json\/wp\/v2\/users\/6"}],"replies":[{"embeddable":true,"href":"https:\/\/infosfera.inf.br\/infosfera2025\/wp-json\/wp\/v2\/comments?post=772"}],"version-history":[{"count":10,"href":"https:\/\/infosfera.inf.br\/infosfera2025\/wp-json\/wp\/v2\/pages\/772\/revisions"}],"predecessor-version":[{"id":802,"href":"https:\/\/infosfera.inf.br\/infosfera2025\/wp-json\/wp\/v2\/pages\/772\/revisions\/802"}],"wp:attachment":[{"href":"https:\/\/infosfera.inf.br\/infosfera2025\/wp-json\/wp\/v2\/media?parent=772"}],"curies":[{"name":"wp","href":"https:\/\/api.w.org\/{rel}","templated":true}]}}