{"id":98,"date":"2025-05-21T14:41:23","date_gmt":"2025-05-21T17:41:23","guid":{"rendered":"https:\/\/infosfera.inf.br\/?page_id=98"},"modified":"2025-07-15T09:08:25","modified_gmt":"2025-07-15T12:08:25","slug":"objetivos","status":"publish","type":"page","link":"https:\/\/infosfera.inf.br\/infosfera2025\/objetivos\/","title":{"rendered":"Objetivos"},"content":{"rendered":"\n<p>O Infosfera 2025 \u00e9 uma iniciativa orientada para o compartilhamento e dissemina\u00e7\u00e3o de pr\u00e1ticas de capta\u00e7\u00e3o, organiza\u00e7\u00e3o, difus\u00e3o e uso de informa\u00e7\u00f5es, al\u00e9m de formas de capacita\u00e7\u00e3o, aplica\u00e7\u00e3o de modelos, metodologias e ferramentas que apoiem processos de gest\u00e3o da informa\u00e7\u00e3o nas v\u00e1rias esferas e inst\u00e2ncias p\u00fablicas.<\/p>\n\n\n\n<p>Para tanto, tem como objetivos:<\/p>\n\n\n\n<ul class=\"wp-block-list\">\n<li>estimular o debate aprofundado sobre inova\u00e7\u00f5es e possibilidades de aplica\u00e7\u00e3o do conhecimento em gest\u00e3o da informa\u00e7\u00e3o no setor p\u00fablico;<\/li>\n\n\n\n<li>fomentar \u200bredes de coopera\u00e7\u00e3o e \u200bpromover a troca de\u200b experi\u00eancias e a \u200binterdisciplinaridade no \u200bcampo da gest\u00e3o da \u200binforma\u00e7\u00e3o em institui\u00e7\u00f5es\u200b p\u00fablicas;<\/li>\n\n\n\n<li>dar visibilidade e reconhecer as boas pr\u00e1ticas de gest\u00e3o da informa\u00e7\u00e3o em uso em organiza\u00e7\u00f5es p\u00fablicas;<\/li>\n\n\n\n<li>promover o di\u00e1logo entre profissionais, t\u00e9cnicos, professores, pesquisadores, gestores e formuladores de pol\u00edticas p\u00fablicas, estudantes de gradua\u00e7\u00e3o e p\u00f3s-gradua\u00e7\u00e3o interessados na aproxima\u00e7\u00e3o entre a gest\u00e3o da informa\u00e7\u00e3o e o\u00a0setor\u00a0p\u00fablico.<\/li>\n<\/ul>\n\n\n\n<p><\/p>\n","protected":false},"excerpt":{"rendered":"<p>O Infosfera 2025 \u00e9 uma iniciativa orientada para o compartilhamento e dissemina\u00e7\u00e3o de pr\u00e1ticas de capta\u00e7\u00e3o, organiza\u00e7\u00e3o, difus\u00e3o e uso de informa\u00e7\u00f5es, al\u00e9m de formas de capacita\u00e7\u00e3o, aplica\u00e7\u00e3o de modelos, metodologias e ferramentas que apoiem processos de gest\u00e3o da informa\u00e7\u00e3o nas v\u00e1rias esferas e inst\u00e2ncias p\u00fablicas. Para tanto, tem como objetivos:<\/p>\n","protected":false},"author":1,"featured_media":0,"parent":0,"menu_order":0,"comment_status":"closed","ping_status":"closed","template":"","meta":{"_acf_changed":false,"footnotes":""},"class_list":["post-98","page","type-page","status-publish","hentry"],"acf":[],"_links":{"self":[{"href":"https:\/\/infosfera.inf.br\/infosfera2025\/wp-json\/wp\/v2\/pages\/98","targetHints":{"allow":["GET"]}}],"collection":[{"href":"https:\/\/infosfera.inf.br\/infosfera2025\/wp-json\/wp\/v2\/pages"}],"about":[{"href":"https:\/\/infosfera.inf.br\/infosfera2025\/wp-json\/wp\/v2\/types\/page"}],"author":[{"embeddable":true,"href":"https:\/\/infosfera.inf.br\/infosfera2025\/wp-json\/wp\/v2\/users\/1"}],"replies":[{"embeddable":true,"href":"https:\/\/infosfera.inf.br\/infosfera2025\/wp-json\/wp\/v2\/comments?post=98"}],"version-history":[{"count":3,"href":"https:\/\/infosfera.inf.br\/infosfera2025\/wp-json\/wp\/v2\/pages\/98\/revisions"}],"predecessor-version":[{"id":229,"href":"https:\/\/infosfera.inf.br\/infosfera2025\/wp-json\/wp\/v2\/pages\/98\/revisions\/229"}],"wp:attachment":[{"href":"https:\/\/infosfera.inf.br\/infosfera2025\/wp-json\/wp\/v2\/media?parent=98"}],"curies":[{"name":"wp","href":"https:\/\/api.w.org\/{rel}","templated":true}]}}